{"id":9616,"date":"2024-03-22T16:08:33","date_gmt":"2024-03-22T19:08:33","guid":{"rendered":"https:\/\/mol.icb.usp.br\/?page_id=9616"},"modified":"2024-07-15T10:51:59","modified_gmt":"2024-07-15T13:51:59","slug":"a-retestes","status":"publish","type":"page","link":"https:\/\/mol.icb.usp.br\/index.php\/a-retestes\/","title":{"rendered":"@-A- modelo HOVER"},"content":{"rendered":"<div class=\"su-row\">\n  <div class=\"su-column su-column-size-1-1\"><div class=\"su-column-inner su-u-clearfix su-u-trim\"> <strong>CARTILAGEM HIALINA &#8211; 3<\/strong> <\/div><\/div>\n<\/div>\n<div class=\"su-row\">\n  <div class=\"su-column su-column-size-1-2\"><div class=\"su-column-inner su-u-clearfix su-u-trim\"> <strong> <\/p>\n<p>TEXTO<\/p>\n<\/div><\/div>\n  <div class=\"su-column su-column-size-1-2\"><div class=\"su-column-inner su-u-clearfix su-u-trim\"> <\/p>\n<p><body><\/p>\n<p>\nTeste Hover 10A variante 1 com div onclick englobante<br \/>\nadicionado :active\n<\/p>\n<div onclick>\n<div class=\"image-container\">\n<div class=\"extra\">\n<p><a href=\"#\"><img decoding=\"async\" src=\" http:\/\/www.histologia.pro.br\/wp-content\/uploads\/2016\/10\/6-matrizterrit.jpg \" onmouseover=\"this.src=' http:\/\/www.histologia.pro.br\/wp-content\/uploads\/2016\/10\/6-matrizterritMO.jpg '\" onmouseout=\"this.src=' http:\/\/www.histologia.pro.br\/wp-content\/uploads\/2016\/10\/6-matrizterrit.jpg '\" \/><\/a><\/div>\n<\/p>\n<div onclick=\"\">Clique para voltar \u00e0 imagem anterior!<\/div>\n<\/div>\n<p><\/body><\/p>\n<div onclick>\n<div class=\"image-container\">\n<div class=\"extra\">\n<a href=\"javascript:void(0)\"><img decoding=\"async\" src=\" http:\/\/mol.icb.usp.br\/wp-content\/uploads\/6-4.jpg \" onmouseover=\"this.src=' http:\/\/mol.icb.usp.br\/wp-content\/uploads\/6-4-MO.jpg'\" onmouseout=\"this.src=' http:\/\/mol.icb.usp.br\/wp-content\/uploads\/6-4.jpg'\" \/><\/a><\/div>\n<p>Traqueia. Colora\u00e7\u00e3o: HE. Aumento: m\u00e9dio.<\/p>\n<p><img decoding=\"async\" src=\"http:\/\/mol.icb.usp.br\/wp-content\/uploads\/mouse-1.gif\"\/><\/a><\/p>\n<p><strong>NAVEGA\u00c7\u00c3O NO MOL:<\/strong><\/p>\n<p><a href=\"http:\/\/mol.icb.usp.br\/index.php\/6-4-tecido-cartilaginoso\/\">ACESSAR P\u00c1GINA ANTERIOR<\/a><\/p>\n<p><a href=\"http:\/\/mol.icb.usp.br\/index.php\/6-6-tecido-cartilaginoso\/\">ACESSAR P\u00c1GINA SEGUINTE<\/a>\n<\/div>\n<\/div>\n<\/div>\n<p><\/body><br \/>\n<\/html> <\/div><\/div>\n<\/div>\n","protected":false},"excerpt":{"rendered":"","protected":false},"author":2,"featured_media":0,"parent":0,"menu_order":0,"comment_status":"closed","ping_status":"closed","template":"","meta":{"_monsterinsights_skip_tracking":false,"_monsterinsights_sitenote_active":false,"_monsterinsights_sitenote_note":"","_monsterinsights_sitenote_category":0,"footnotes":""},"class_list":["post-9616","page","type-page","status-publish","hentry"],"_links":{"self":[{"href":"https:\/\/mol.icb.usp.br\/index.php\/wp-json\/wp\/v2\/pages\/9616"}],"collection":[{"href":"https:\/\/mol.icb.usp.br\/index.php\/wp-json\/wp\/v2\/pages"}],"about":[{"href":"https:\/\/mol.icb.usp.br\/index.php\/wp-json\/wp\/v2\/types\/page"}],"author":[{"embeddable":true,"href":"https:\/\/mol.icb.usp.br\/index.php\/wp-json\/wp\/v2\/users\/2"}],"replies":[{"embeddable":true,"href":"https:\/\/mol.icb.usp.br\/index.php\/wp-json\/wp\/v2\/comments?post=9616"}],"version-history":[{"count":6,"href":"https:\/\/mol.icb.usp.br\/index.php\/wp-json\/wp\/v2\/pages\/9616\/revisions"}],"predecessor-version":[{"id":9984,"href":"https:\/\/mol.icb.usp.br\/index.php\/wp-json\/wp\/v2\/pages\/9616\/revisions\/9984"}],"wp:attachment":[{"href":"https:\/\/mol.icb.usp.br\/index.php\/wp-json\/wp\/v2\/media?parent=9616"}],"curies":[{"name":"wp","href":"https:\/\/api.w.org\/{rel}","templated":true}]}}