{"id":878,"date":"2017-05-31T18:28:36","date_gmt":"2017-05-31T21:28:36","guid":{"rendered":"http:\/\/mol.icb.usp.br\/?page_id=878"},"modified":"2018-02-26T21:47:19","modified_gmt":"2018-02-27T00:47:19","slug":"3-2-tecido-epitelial-glandular","status":"publish","type":"page","link":"https:\/\/mol.icb.usp.br\/index.php\/3-2-tecido-epitelial-glandular\/","title":{"rendered":"3-2 Tecido epitelial glandular"},"content":{"rendered":"<p><strong>GL\u00c2NDULAS <\/strong><\/p>\n<p>Gl\u00e2ndula \u00e9 o nome que se d\u00e1 a uma estrutura anat\u00f4mica formada por um ou por v\u00e1rios conjuntos de c\u00e9lulas epiteliais secretoras e seus ductos excretores, se for uma gl\u00e2ndula ex\u00f3crina.<br \/>\nO tamanho de uma gl\u00e2ndula \u00e9 muito vari\u00e1vel &#8211; desde microsc\u00f3pico, por exemplo as pequenas gl\u00e2ndulas salivares que est\u00e3o inseridas nos l\u00e1bios e bochechas ou muito grande, como as gl\u00e2ndulas salivares principais, o p\u00e2ncreas, o f\u00edgado.<br \/>\nApesar do conceito de gl\u00e2ndula aqui descrito, alguns autores chamam as c\u00e9lulas caliciformes, dispersas entre outras c\u00e9lulas epiteliais, de <strong>gl\u00e2ndulas unicelulares<\/strong>.<\/p>\n<p><strong>Classifica\u00e7\u00e3o das gl\u00e2ndulas<\/strong><br \/>\nAs <strong>gl\u00e2ndulas ex\u00f3crinas<\/strong> s\u00e3o dotadas de ductos excretores. Seus ductos conduzem a secre\u00e7\u00e3o para o exterior do corpo (p. ex. gl\u00e2ndulas sudor\u00edparas ou seb\u00e1ceas) ou para cavidades internas (p. ex. gl\u00e2ndulas salivares). Nesta categoria de gl\u00e2ndula distinguem-se duas por\u00e7\u00f5es:<\/p>\n<ul>\n<li><strong>Por\u00e7\u00e3o secretora<\/strong> &#8211; \u00e9 a por\u00e7\u00e3o constitu\u00edda pelas c\u00e9lulas secretoras.<\/li>\n<li><strong>Ducto(s) excretor(es)<\/strong> &#8211; \u00e9 a por\u00e7\u00e3o que conduz a secre\u00e7\u00e3o e em algumas gl\u00e2ndulas pode influir na composi\u00e7\u00e3o da secre\u00e7\u00e3o.<\/li>\n<\/ul>\n<p>As <strong>gl\u00e2ndulas end\u00f3crinas<\/strong> n\u00e3o t\u00eam ductos excretores. Elas eliminam seus produtos no meio extracelular que as envolve. Estas secre\u00e7\u00f5es s\u00e3o absorvidas pelos vasos sangu\u00edneos que existem em grande quantidade nestas gl\u00e2ndulas e distribuem os produtos de secre\u00e7\u00e3o pelo organismo.<br \/>\nDas gl\u00e2ndulas, tanto ex\u00f3crinas como end\u00f3crinas, ainda fazem parte outras estruturas tais como: vasos sangu\u00edneos, tecido conjuntivo, tecido nervoso.<br \/>\nAs gl\u00e2ndulas s\u00e3o classificadas de acordo com v\u00e1rios crit\u00e9rios: presen\u00e7a ou n\u00e3o de ductos excretores, arranjo tridimensional das c\u00e9lulas secretoras, tipo de c\u00e9lulas e tipos de sua secre\u00e7\u00e3o, modo de libera\u00e7\u00e3o da secre\u00e7\u00e3o, ramifica\u00e7\u00e3o dos ductos excretores.<\/p>\n<p><strong>NAVEGA\u00c7\u00c3O NO MOL:<\/strong><\/p>\n<p><a href=\"http:\/\/mol.icb.usp.br\/index.php\/3-1-tecido-epitelial-glandular\/\">ACESSAR P\u00c1GINA ANTERIOR<\/a><\/p>\n<p><a href=\"http:\/\/mol.icb.usp.br\/index.php\/3-3-tecido-epitelial-glandular\/\">ACESSAR P\u00c1GINA SEGUINTE<\/a>\n<\/div>\n<\/div>\n<\/div>\n<p><\/body><br \/>\n<\/html> <\/p>\n","protected":false},"excerpt":{"rendered":"<p>GL\u00c2NDULAS Gl\u00e2ndula \u00e9 o nome que se d\u00e1 a uma estrutura anat\u00f4mica formada por um ou por v\u00e1rios conjuntos de c\u00e9lulas epiteliais secretoras e seus ductos excretores, se for uma gl\u00e2ndula ex\u00f3crina. O tamanho de uma gl\u00e2ndula \u00e9 muito vari\u00e1vel &#8211; desde microsc\u00f3pico, por exemplo as pequenas gl\u00e2ndulas salivares que est\u00e3o inseridas nos l\u00e1bios e [&hellip;]<\/p>\n","protected":false},"author":2,"featured_media":0,"parent":0,"menu_order":0,"comment_status":"closed","ping_status":"closed","template":"","meta":{"_monsterinsights_skip_tracking":false,"_monsterinsights_sitenote_active":false,"_monsterinsights_sitenote_note":"","_monsterinsights_sitenote_category":0,"footnotes":""},"class_list":["post-878","page","type-page","status-publish","hentry"],"_links":{"self":[{"href":"https:\/\/mol.icb.usp.br\/index.php\/wp-json\/wp\/v2\/pages\/878"}],"collection":[{"href":"https:\/\/mol.icb.usp.br\/index.php\/wp-json\/wp\/v2\/pages"}],"about":[{"href":"https:\/\/mol.icb.usp.br\/index.php\/wp-json\/wp\/v2\/types\/page"}],"author":[{"embeddable":true,"href":"https:\/\/mol.icb.usp.br\/index.php\/wp-json\/wp\/v2\/users\/2"}],"replies":[{"embeddable":true,"href":"https:\/\/mol.icb.usp.br\/index.php\/wp-json\/wp\/v2\/comments?post=878"}],"version-history":[{"count":11,"href":"https:\/\/mol.icb.usp.br\/index.php\/wp-json\/wp\/v2\/pages\/878\/revisions"}],"predecessor-version":[{"id":5572,"href":"https:\/\/mol.icb.usp.br\/index.php\/wp-json\/wp\/v2\/pages\/878\/revisions\/5572"}],"wp:attachment":[{"href":"https:\/\/mol.icb.usp.br\/index.php\/wp-json\/wp\/v2\/media?parent=878"}],"curies":[{"name":"wp","href":"https:\/\/api.w.org\/{rel}","templated":true}]}}