{"id":8524,"date":"2019-04-20T12:49:04","date_gmt":"2019-04-20T15:49:04","guid":{"rendered":"http:\/\/mol.icb.usp.br\/?page_id=8524"},"modified":"2019-06-24T17:45:54","modified_gmt":"2019-06-24T20:45:54","slug":"21-9-aparelho-reprodutor-masculino","status":"publish","type":"page","link":"https:\/\/mol.icb.usp.br\/index.php\/21-9-aparelho-reprodutor-masculino\/","title":{"rendered":"21-9 Aparelho reprodutor masculino"},"content":{"rendered":"<div class=\"su-row\">\n  <div class=\"su-column su-column-size-1-1\"><div class=\"su-column-inner su-u-clearfix su-u-trim\"> TEST\u00cdCULO \u2013 9 <\/div><\/div>\n<\/div>\n<div class=\"su-row\">\n  <div class=\"su-column su-column-size-1-2\"><div class=\"su-column-inner su-u-clearfix su-u-trim\">\nEpit\u00e9lio semin\u00edfero &#8211; c\u00e9lulas da linhagem germinativa<br \/>\nImagem superior.<br \/>\nEpit\u00e9lio germinativo de um t\u00fabulo semin\u00edfero:<br \/>\n&#8211; <strong>Espermatog\u00f4nias<\/strong> ressaltadas em cor bege.<br \/>\n&#8211; <strong>Espermat\u00f3citos prim\u00e1rios<\/strong> ressaltados em cor laranja.<br \/>\n&#8211; <strong>Esperm\u00e1tides jovens<\/strong> ressaltadas em azul claro.<br \/>\n&#8211; Grande quantidade de <strong>caudas de espermatozoides<\/strong> ressaltadas em verde claro.<\/p>\n<p>Imagem inferior.<br \/>\nDetalhe da imagem superior. As setas indicam <strong>cabe\u00e7as de espermatozoides<\/strong> na por\u00e7\u00e3o apical do epit\u00e9lio germinativo.<\/p>\n<\/div><\/div>\n  <div class=\"su-column su-column-size-1-2\"><div class=\"su-column-inner su-u-clearfix su-u-trim\"> <\/p>\n<div onclick>\n<div class=\"image-container\">\n<div class=\"extra\">\n<a href=\"javascript:void(0)\"><img decoding=\"async\" src=\" http:\/\/mol.icb.usp.br\/wp-content\/uploads\/21-9-A.jpg \" onmouseover=\"this.src=' http:\/\/mol.icb.usp.br\/wp-content\/uploads\/21-9-A-MO.jpg'\" onmouseout=\"this.src=' http:\/\/mol.icb.usp.br\/wp-content\/uploads\/21-9-A.jpg'\" \/><\/a><\/div>\n<p>Test\u00edculo. Colora\u00e7\u00e3o: hematoxilina e eosina. Aumento m\u00e9dio.<\/p>\n<p><img decoding=\"async\" src=\"http:\/\/mol.icb.usp.br\/wp-content\/uploads\/mouse-1.gif\"\/><\/a><\/p>\n<p><img decoding=\"async\" src=\" http:\/\/mol.icb.usp.br\/wp-content\/uploads\/21-9-B.jpg \" \/><\/p>\n<p>Test\u00edculo. Colora\u00e7\u00e3o: hematoxilina e eosina. Aumento grande.<\/p>\n<div onclick=\"\"\n\n\n\n\n<\/p>\n<p><strong>Desktops e notebooks<\/strong> &#8211; Coloque o cursor sobre a imagem.<\/p>\n<p><strong>Tablets e telefones celulares &#8211; <\/strong>Clique sobre a figura para acessar outra imagem. Clique fora da figura para voltar \u00e0 primeira imagem.<\/p>\n<p><strong>NAVEGA\u00c7\u00c3O NO MOL:<\/strong><\/p>\n<p><a href=\"http:\/\/mol.icb.usp.br\/index.php\/21-8-aparelho-reprodutor-masculino\/\">ACESSAR P\u00c1GINA ANTERIOR<\/a><\/p>\n<p><a href=\"http:\/\/mol.icb.usp.br\/index.php\/21-9-B-aparelho-reprodutor-masculino\/\">ACESSAR P\u00c1GINA SEGUINTE<\/a>\n<\/div>\n<\/div>\n<\/div>\n<p><\/body><br \/>\n<\/html> <\/div><\/div>\n<\/div>\n","protected":false},"excerpt":{"rendered":"","protected":false},"author":2,"featured_media":0,"parent":0,"menu_order":0,"comment_status":"closed","ping_status":"closed","template":"","meta":{"_monsterinsights_skip_tracking":false,"_monsterinsights_sitenote_active":false,"_monsterinsights_sitenote_note":"","_monsterinsights_sitenote_category":0,"footnotes":""},"class_list":["post-8524","page","type-page","status-publish","hentry"],"_links":{"self":[{"href":"https:\/\/mol.icb.usp.br\/index.php\/wp-json\/wp\/v2\/pages\/8524"}],"collection":[{"href":"https:\/\/mol.icb.usp.br\/index.php\/wp-json\/wp\/v2\/pages"}],"about":[{"href":"https:\/\/mol.icb.usp.br\/index.php\/wp-json\/wp\/v2\/types\/page"}],"author":[{"embeddable":true,"href":"https:\/\/mol.icb.usp.br\/index.php\/wp-json\/wp\/v2\/users\/2"}],"replies":[{"embeddable":true,"href":"https:\/\/mol.icb.usp.br\/index.php\/wp-json\/wp\/v2\/comments?post=8524"}],"version-history":[{"count":5,"href":"https:\/\/mol.icb.usp.br\/index.php\/wp-json\/wp\/v2\/pages\/8524\/revisions"}],"predecessor-version":[{"id":8618,"href":"https:\/\/mol.icb.usp.br\/index.php\/wp-json\/wp\/v2\/pages\/8524\/revisions\/8618"}],"wp:attachment":[{"href":"https:\/\/mol.icb.usp.br\/index.php\/wp-json\/wp\/v2\/media?parent=8524"}],"curies":[{"name":"wp","href":"https:\/\/api.w.org\/{rel}","templated":true}]}}