{"id":8501,"date":"2019-04-20T12:19:31","date_gmt":"2019-04-20T15:19:31","guid":{"rendered":"http:\/\/mol.icb.usp.br\/?page_id=8501"},"modified":"2019-04-21T03:30:11","modified_gmt":"2019-04-21T06:30:11","slug":"21-4-aparelho-reprodutor-masculino","status":"publish","type":"page","link":"https:\/\/mol.icb.usp.br\/index.php\/21-4-aparelho-reprodutor-masculino\/","title":{"rendered":"21-4 Aparelho reprodutor masculino"},"content":{"rendered":"<div class=\"su-row\">\n  <div class=\"su-column su-column-size-1-1\"><div class=\"su-column-inner su-u-clearfix su-u-trim\"> <strong>TEST\u00cdCULO \u2013 4<\/strong> <\/div><\/div>\n<\/div>\n<div class=\"su-row\">\n  <div class=\"su-column su-column-size-1-2\"><div class=\"su-column-inner su-u-clearfix su-u-trim\">\nEpit\u00e9lio semin\u00edfero &#8211; c\u00e9lulas de Sertoli<br \/>\nO epit\u00e9lio semin\u00edfero \u00e9 constitu\u00eddo por duas popula\u00e7\u00f5es de c\u00e9lulas:<br \/>\n&#8211; <strong>C\u00e9lulas da linhagem espermatog\u00eanica<\/strong>.<br \/>\n&#8211; <strong>C\u00e9lulas de suporte<\/strong> denominadas <strong>c\u00e9lulas de Sertoli<\/strong>.<br \/>\nAs <strong>c\u00e9lulas de Sertoli<\/strong> s\u00e3o alongadas e est\u00e3o apoiadas na membrana basal do t\u00fabulo semin\u00edfero.<br \/>\nSeus citoplasmas se estendem at\u00e9 o l\u00famen do t\u00fabulo \u2013 destacado em azul escuro.<br \/>\nSeus n\u00facleos s\u00e3o claros, de formatos variados desde esf\u00e9rico at\u00e9 triangular ou \u201camassado\u201d e frequentemente possuem nucl\u00e9olo volumoso. N\u00facleo da c\u00e9lula de Sertoli ressaltado em azul claro.<br \/>\nNa imagem inferior observe apontada por seta a cabe\u00e7a de um espermatoz\u00f3ide aderida \u00e0 c\u00e9lula de Sertoli.<\/p>\n<\/div><\/div>\n  <div class=\"su-column su-column-size-1-2\"><div class=\"su-column-inner su-u-clearfix su-u-trim\"> <\/p>\n<div onclick>\n<div class=\"image-container\">\n<div class=\"extra\">\n<a href=\"javascript:void(0)\"><img decoding=\"async\" src=\" http:\/\/mol.icb.usp.br\/wp-content\/uploads\/21-4-A.jpg \" onmouseover=\"this.src=' http:\/\/mol.icb.usp.br\/wp-content\/uploads\/21-4-A-MO.jpg'\" onmouseout=\"this.src=' http:\/\/mol.icb.usp.br\/wp-content\/uploads\/21-4-A.jpg'\" \/><\/a><\/div>\n<p>Test\u00edculo. Colora\u00e7\u00e3o: hematoxilina e eosina. Aumento m\u00e9dio.<\/p>\n<p><img decoding=\"async\" src=\"http:\/\/mol.icb.usp.br\/wp-content\/uploads\/mouse-1.gif\"\/><\/a><\/p>\n<div class=\"extra\">\n<a href=\"javascript:void(0)\"><img decoding=\"async\" src=\" http:\/\/mol.icb.usp.br\/wp-content\/uploads\/21-4-B.jpg \" onmouseover=\"this.src=' http:\/\/mol.icb.usp.br\/wp-content\/uploads\/21-4-B-MO.jpg'\" onmouseout=\"this.src=' http:\/\/mol.icb.usp.br\/wp-content\/uploads\/21-4-B.jpg'\" \/><\/a><\/div>\n<p>Test\u00edculo. Colora\u00e7\u00e3o: hematoxilina e eosina. Aumento m\u00e9dio.<\/p>\n<p><img decoding=\"async\" src=\"http:\/\/mol.icb.usp.br\/wp-content\/uploads\/mouse-1.gif\"\/><\/a><\/p>\n<div onclick=\"\">\n<strong>Desktops e notebooks<\/strong> Coloque o cursor sobre a imagem.<br \/>\n<strong>Tablets e telefones celulares:<\/strong>Clique sobre a figura para acessar outra imagem. Clique fora da figura para voltar \u00e0 primeira imagem.<\/p>\n<p><strong>NAVEGA\u00c7\u00c3O NO MOL:<\/strong><\/p>\n<p><a href=\"http:\/\/mol.icb.usp.br\/index.php\/21-3-aparelho-reprodutor-masculino\/\">ACESSAR P\u00c1GINA ANTERIOR<\/a><\/p>\n<p><a href=\"http:\/\/mol.icb.usp.br\/index.php\/21-5-aparelho-reprodutor-masculino\/\">ACESSAR P\u00c1GINA SEGUINTE<\/a>\n<\/div>\n<\/div>\n<\/div>\n<p><\/body><br \/>\n<\/html> <\/div><\/div>\n<\/div>\n","protected":false},"excerpt":{"rendered":"","protected":false},"author":2,"featured_media":0,"parent":0,"menu_order":0,"comment_status":"closed","ping_status":"closed","template":"","meta":{"_monsterinsights_skip_tracking":false,"_monsterinsights_sitenote_active":false,"_monsterinsights_sitenote_note":"","_monsterinsights_sitenote_category":0,"footnotes":""},"class_list":["post-8501","page","type-page","status-publish","hentry"],"_links":{"self":[{"href":"https:\/\/mol.icb.usp.br\/index.php\/wp-json\/wp\/v2\/pages\/8501"}],"collection":[{"href":"https:\/\/mol.icb.usp.br\/index.php\/wp-json\/wp\/v2\/pages"}],"about":[{"href":"https:\/\/mol.icb.usp.br\/index.php\/wp-json\/wp\/v2\/types\/page"}],"author":[{"embeddable":true,"href":"https:\/\/mol.icb.usp.br\/index.php\/wp-json\/wp\/v2\/users\/2"}],"replies":[{"embeddable":true,"href":"https:\/\/mol.icb.usp.br\/index.php\/wp-json\/wp\/v2\/comments?post=8501"}],"version-history":[{"count":5,"href":"https:\/\/mol.icb.usp.br\/index.php\/wp-json\/wp\/v2\/pages\/8501\/revisions"}],"predecessor-version":[{"id":8586,"href":"https:\/\/mol.icb.usp.br\/index.php\/wp-json\/wp\/v2\/pages\/8501\/revisions\/8586"}],"wp:attachment":[{"href":"https:\/\/mol.icb.usp.br\/index.php\/wp-json\/wp\/v2\/media?parent=8501"}],"curies":[{"name":"wp","href":"https:\/\/api.w.org\/{rel}","templated":true}]}}