{"id":8049,"date":"2019-03-17T18:09:22","date_gmt":"2019-03-17T21:09:22","guid":{"rendered":"http:\/\/mol.icb.usp.br\/?page_id=8049"},"modified":"2019-03-17T18:12:43","modified_gmt":"2019-03-17T21:12:43","slug":"19-10-aparelho-urinario","status":"publish","type":"page","link":"https:\/\/mol.icb.usp.br\/index.php\/19-10-aparelho-urinario\/","title":{"rendered":"19-10 Aparelho urin\u00e1rio"},"content":{"rendered":"<div class=\"su-row\">\n  <div class=\"su-column su-column-size-1-1\"><div class=\"su-column-inner su-u-clearfix su-u-trim\"> <strong>T\u00daBULOS RENAIS \u2013 3<\/strong> <\/div><\/div>\n<\/div>\n<div class=\"su-row\">\n  <div class=\"su-column su-column-size-1-2\"><div class=\"su-column-inner su-u-clearfix su-u-trim\">\nM\u00e1cula densa<br \/>\nAp\u00f3s seu trajeto pelo par\u00eanquima renal cada t\u00fabulo contorcido distal se aproxima do polo vascular do corp\u00fasculo de onde se originou o respectivo nefron.<br \/>\nNo local adjacente ao corp\u00fasculo as c\u00e9lulas do t\u00fabulo distal s\u00e3o mais estreitas e seus n\u00facleos s\u00e3o vistos acumulados na parede do t\u00fabulo. Esta regi\u00e3o \u00e9 denominada <strong>m\u00e1cula densa<\/strong>. Suas c\u00e9lulas, juntamente com c\u00e9lulas da arter\u00edola aferente e c\u00e9lulas mesangiais, comp\u00f5em o <strong>Complexo justaglomerular<\/strong>.<br \/>\nObserve:<br \/>\n&#8211; Parede de t\u00fabulo contorcido distal ressaltada &#8211; em azul claro.<br \/>\n&#8211; Regi\u00e3o da parede deste t\u00fabulo, adjacente ao polo vascular do corp\u00fasculo, que constitui a m\u00e1cula densa &#8211; ressaltada em azul escuro.<br \/>\n&#8211; Para compara\u00e7\u00e3o &#8211; um outro t\u00fabulo contorcido distal, afastado do corp\u00fasculo e sem m\u00e1cula densa, est\u00e1 ressaltado em verde.<\/p>\n<\/div><\/div>\n  <div class=\"su-column su-column-size-1-2\"><div class=\"su-column-inner su-u-clearfix su-u-trim\"> <\/p>\n<div onclick>\n<div class=\"image-container\">\n<div class=\"extra\">\n<a href=\"javascript:void(0)\"><img decoding=\"async\" src=\" http:\/\/mol.icb.usp.br\/wp-content\/uploads\/19-10-A.jpg \" onmouseover=\"this.src=' http:\/\/mol.icb.usp.br\/wp-content\/uploads\/19-10-A-MO.jpg'\" onmouseout=\"this.src=' http:\/\/mol.icb.usp.br\/wp-content\/uploads\/19-10-A.jpg'\" \/><\/a><\/div>\n<p>Rim. Colora\u00e7\u00e3o: hematoxilina e eosina. Aumento m\u00e9dio.<\/p>\n<p><img decoding=\"async\" src=\"http:\/\/mol.icb.usp.br\/wp-content\/uploads\/mouse-1.gif\"\/><\/a><\/p>\n<div class=\"extra\">\n<a href=\"javascript:void(0)\"><img decoding=\"async\" src=\" http:\/\/mol.icb.usp.br\/wp-content\/uploads\/19-10-B.jpg \" onmouseover=\"this.src=' http:\/\/mol.icb.usp.br\/wp-content\/uploads\/19-10-B-MO.jpg'\" onmouseout=\"this.src=' http:\/\/mol.icb.usp.br\/wp-content\/uploads\/19-10-B.jpg'\" \/><\/a><\/div>\n<p>Rim. Colora\u00e7\u00e3o: hematoxilina e eosina. Aumento m\u00e9dio.<\/p>\n<p><img decoding=\"async\" src=\"http:\/\/mol.icb.usp.br\/wp-content\/uploads\/mouse-1.gif\"\/><\/a><\/p>\n<div onclick=\"\">\n<strong>Desktops e notebooks<\/strong> Coloque o cursor sobre a imagem.<br \/>\n<strong>Tablets e telefones celulares:<\/strong>Clique sobre a figura para acessar outra imagem. Clique fora da figura para voltar \u00e0 primeira imagem.<\/p>\n<p><strong>NAVEGA\u00c7\u00c3O NO MOL:<\/strong><\/p>\n<p><a href=\"http:\/\/mol.icb.usp.br\/index.php\/19-9-aparelho-urinario\/\">ACESSAR P\u00c1GINA ANTERIOR<\/a><\/p>\n<p><a href=\"http:\/\/mol.icb.usp.br\/index.php\/19-11-aparelho-urinario\/\">ACESSAR P\u00c1GINA SEGUINTE<\/a>\n<\/div>\n<\/div>\n<\/div>\n<p><\/body><br \/>\n<\/html> <\/div><\/div>\n<\/div>\n","protected":false},"excerpt":{"rendered":"","protected":false},"author":2,"featured_media":0,"parent":0,"menu_order":0,"comment_status":"closed","ping_status":"closed","template":"","meta":{"_monsterinsights_skip_tracking":false,"_monsterinsights_sitenote_active":false,"_monsterinsights_sitenote_note":"","_monsterinsights_sitenote_category":0,"footnotes":""},"class_list":["post-8049","page","type-page","status-publish","hentry"],"_links":{"self":[{"href":"https:\/\/mol.icb.usp.br\/index.php\/wp-json\/wp\/v2\/pages\/8049"}],"collection":[{"href":"https:\/\/mol.icb.usp.br\/index.php\/wp-json\/wp\/v2\/pages"}],"about":[{"href":"https:\/\/mol.icb.usp.br\/index.php\/wp-json\/wp\/v2\/types\/page"}],"author":[{"embeddable":true,"href":"https:\/\/mol.icb.usp.br\/index.php\/wp-json\/wp\/v2\/users\/2"}],"replies":[{"embeddable":true,"href":"https:\/\/mol.icb.usp.br\/index.php\/wp-json\/wp\/v2\/comments?post=8049"}],"version-history":[{"count":2,"href":"https:\/\/mol.icb.usp.br\/index.php\/wp-json\/wp\/v2\/pages\/8049\/revisions"}],"predecessor-version":[{"id":8057,"href":"https:\/\/mol.icb.usp.br\/index.php\/wp-json\/wp\/v2\/pages\/8049\/revisions\/8057"}],"wp:attachment":[{"href":"https:\/\/mol.icb.usp.br\/index.php\/wp-json\/wp\/v2\/media?parent=8049"}],"curies":[{"name":"wp","href":"https:\/\/api.w.org\/{rel}","templated":true}]}}