{"id":7980,"date":"2019-03-12T15:34:49","date_gmt":"2019-03-12T18:34:49","guid":{"rendered":"http:\/\/mol.icb.usp.br\/?page_id=7980"},"modified":"2019-03-15T19:14:43","modified_gmt":"2019-03-15T22:14:43","slug":"19-3-aparelho-urinario","status":"publish","type":"page","link":"https:\/\/mol.icb.usp.br\/index.php\/19-3-aparelho-urinario\/","title":{"rendered":"19-3 Aparelho urin\u00e1rio"},"content":{"rendered":"<div class=\"su-row\">\n  <div class=\"su-column su-column-size-1-1\"><div class=\"su-column-inner su-u-clearfix su-u-trim\"> CORP\u00daSCULO RENAL &#8211; 1 <\/div><\/div>\n<\/div>\n<div class=\"su-row\">\n  <div class=\"su-column su-column-size-1-2\"><div class=\"su-column-inner su-u-clearfix su-u-trim\">\nOs <strong>corp\u00fasculos renais<\/strong> ou corp\u00fasculos de Malpighi est\u00e3o presentes somente na regi\u00e3o cortical do rim.<br \/>\nObserve alguns componentes de um corp\u00fasculo:<br \/>\n&#8211; Uma <strong>c\u00e1psula<\/strong> denominada <strong>c\u00e1psula de Bowman<\/strong>, ressaltada em verde.<br \/>\n&#8211; Um <strong>novelo de capilares sangu\u00edneos<\/strong>, denominado <strong><strong>glom\u00e9rulo renal<\/strong> <\/strong>, ressaltado em vermelho.<br \/>\n&#8211; Um <strong>espa\u00e7o <\/strong>entre a c\u00e1psula e o glom\u00e9rulo, denominado <strong>espa\u00e7o de Bowman<\/strong>.<br \/>\nObserve que o espa\u00e7o de Bowman \u00e9 revestido externamente por um <strong>epit\u00e9lio simples pavimentoso<\/strong>. Alguns n\u00facleos de suas c\u00e9lulas est\u00e3o ressaltados em azul escuro.<br \/>\nO corp\u00fasculo est\u00e1 circundado por <strong>t\u00fabulos renais<\/strong>.<\/p>\n<\/div><\/div>\n  <div class=\"su-column su-column-size-1-2\"><div class=\"su-column-inner su-u-clearfix su-u-trim\"> <\/p>\n<div onclick>\n<div class=\"image-container\">\n<div class=\"extra\">\n<a href=\"javascript:void(0)\"><img decoding=\"async\" src=\" http:\/\/mol.icb.usp.br\/wp-content\/uploads\/19-3.jpg \" onmouseover=\"this.src=' http:\/\/mol.icb.usp.br\/wp-content\/uploads\/19-3-MO.jpg'\" onmouseout=\"this.src=' http:\/\/mol.icb.usp.br\/wp-content\/uploads\/19-3.jpg'\" \/><\/a><\/div>\n<p>Rim. Colora\u00e7\u00e3o: hematoxilina e eosina. Aumento m\u00e9dio.<\/p>\n<p><img decoding=\"async\" src=\"http:\/\/mol.icb.usp.br\/wp-content\/uploads\/mouse-1.gif\"\/><\/a><\/p>\n<div onclick=\"\"\n\n\n<\/p>\n<p><strong>Desktops e notebooks<\/strong> &#8211; Coloque o cursor sobre a imagem.<\/p>\n<p><strong>Tablets e telefones celulares &#8211; <\/strong>Clique sobre a figura para acessar outra imagem. Clique fora da figura para voltar \u00e0 primeira imagem.<\/p>\n<p><strong>NAVEGA\u00c7\u00c3O NO MOL:<\/strong><\/p>\n<p><a href=\"http:\/\/mol.icb.usp.br\/index.php\/19-2-aparelho-urinario\/\">ACESSAR P\u00c1GINA ANTERIOR<\/a><\/p>\n<p><a href=\"http:\/\/mol.icb.usp.br\/index.php\/19-4-aparelho-urinario\/\">ACESSAR P\u00c1GINA SEGUINTE<\/a>\n<\/div>\n<\/div>\n<\/div>\n<p><\/body><br \/>\n<\/html> <\/div><\/div>\n<\/div>\n","protected":false},"excerpt":{"rendered":"","protected":false},"author":2,"featured_media":0,"parent":0,"menu_order":0,"comment_status":"closed","ping_status":"closed","template":"","meta":{"_monsterinsights_skip_tracking":false,"_monsterinsights_sitenote_active":false,"_monsterinsights_sitenote_note":"","_monsterinsights_sitenote_category":0,"footnotes":""},"class_list":["post-7980","page","type-page","status-publish","hentry"],"_links":{"self":[{"href":"https:\/\/mol.icb.usp.br\/index.php\/wp-json\/wp\/v2\/pages\/7980"}],"collection":[{"href":"https:\/\/mol.icb.usp.br\/index.php\/wp-json\/wp\/v2\/pages"}],"about":[{"href":"https:\/\/mol.icb.usp.br\/index.php\/wp-json\/wp\/v2\/types\/page"}],"author":[{"embeddable":true,"href":"https:\/\/mol.icb.usp.br\/index.php\/wp-json\/wp\/v2\/users\/2"}],"replies":[{"embeddable":true,"href":"https:\/\/mol.icb.usp.br\/index.php\/wp-json\/wp\/v2\/comments?post=7980"}],"version-history":[{"count":10,"href":"https:\/\/mol.icb.usp.br\/index.php\/wp-json\/wp\/v2\/pages\/7980\/revisions"}],"predecessor-version":[{"id":8025,"href":"https:\/\/mol.icb.usp.br\/index.php\/wp-json\/wp\/v2\/pages\/7980\/revisions\/8025"}],"wp:attachment":[{"href":"https:\/\/mol.icb.usp.br\/index.php\/wp-json\/wp\/v2\/media?parent=7980"}],"curies":[{"name":"wp","href":"https:\/\/api.w.org\/{rel}","templated":true}]}}