{"id":7925,"date":"2019-03-12T15:03:38","date_gmt":"2019-03-12T18:03:38","guid":{"rendered":"http:\/\/mol.icb.usp.br\/?page_id=7925"},"modified":"2024-09-27T14:48:12","modified_gmt":"2024-09-27T17:48:12","slug":"19-0-aparelho-urinario","status":"publish","type":"page","link":"https:\/\/mol.icb.usp.br\/index.php\/19-0-aparelho-urinario\/","title":{"rendered":"19-0 Aparelho urin\u00e1rio"},"content":{"rendered":"<p>SISTEMA URIN\u00c1RIO<\/p>\n<p>OBJETIVOS DESTE M\u00d3DULO:<\/p>\n<p>Apresentar as caracter\u00edsticas histol\u00f3gicas dos componentes do aparelho urin\u00e1rio<\/p>\n<p>Este m\u00f3dulo \u00e9 composto de 17 p\u00e1ginas.<\/p>\n<p><a href=\"http:\/\/mol.icb.usp.br\/index.php\/19-1-aparelho-urinario\/\">ENTRE NO IN\u00cdCIO DO M\u00d3DULO 19<\/a><br \/>\nou<br \/>\nCLIQUE NOS LINKS ABAIXO PARA ABRIR OS T\u00d3PICOS PRINCIPAIS:<\/p>\n<p><a href=\"http:\/\/mol.icb.usp.br\/index.php\/19-1-aparelho-urinario\/\">Regi\u00e3o cortical<\/a><br \/>\n<a href=\"http:\/\/mol.icb.usp.br\/index.php\/19-2-aparelho-urinario\/\">Regi\u00e3o medular<\/a><br \/>\n<a href=\"http:\/\/mol.icb.usp.br\/index.php\/19-3-aparelho-urinario\/\">Corp\u00fasculo renal<\/a><br \/>\n<a href=\"http:\/\/mol.icb.usp.br\/index.php\/19-8-aparelho-urinario\/\">T\u00fabulos renais<\/a><br \/>\n<a href=\"http:\/\/mol.icb.usp.br\/index.php\/19-14-aparelho-urinario\/\">Papila renal, c\u00e1lice renal<\/a><br \/>\n<a href=\"http:\/\/mol.icb.usp.br\/index.php\/19-16-aparelho-urinario\/\">Bexiga<\/a><br \/>\n<a href=\"http:\/\/mol.icb.usp.br\/index.php\/19-17-aparelho-urinario\/\">Ureter<\/a><\/p>\n<p>Erros? Texto pouco claro? Sugest\u00f5es?<br \/>\nComunique-se com os autores:<br \/>\nHistologia Geral e Especial &#8211;<br \/>\n<a href=\"mailto:pabrahamsohn@uol.com.br\">pabrahamsohn@uol.com.br<\/a><br \/>\nHistologia Oral &#8211; <a href=\"mailto:vfreitas3d@gmail.com\">vfreitas3d@gmail.com<\/a><\/p>\n","protected":false},"excerpt":{"rendered":"<p>SISTEMA URIN\u00c1RIO OBJETIVOS DESTE M\u00d3DULO: Apresentar as caracter\u00edsticas histol\u00f3gicas dos componentes do aparelho urin\u00e1rio Este m\u00f3dulo \u00e9 composto de 17 p\u00e1ginas. ENTRE NO IN\u00cdCIO DO M\u00d3DULO 19 ou CLIQUE NOS LINKS ABAIXO PARA ABRIR OS T\u00d3PICOS PRINCIPAIS: Regi\u00e3o cortical Regi\u00e3o medular Corp\u00fasculo renal T\u00fabulos renais Papila renal, c\u00e1lice renal Bexiga Ureter Erros? Texto pouco claro? [&hellip;]<\/p>\n","protected":false},"author":2,"featured_media":0,"parent":0,"menu_order":0,"comment_status":"closed","ping_status":"closed","template":"","meta":{"_monsterinsights_skip_tracking":false,"_monsterinsights_sitenote_active":false,"_monsterinsights_sitenote_note":"","_monsterinsights_sitenote_category":0,"footnotes":""},"class_list":["post-7925","page","type-page","status-publish","hentry"],"_links":{"self":[{"href":"https:\/\/mol.icb.usp.br\/index.php\/wp-json\/wp\/v2\/pages\/7925"}],"collection":[{"href":"https:\/\/mol.icb.usp.br\/index.php\/wp-json\/wp\/v2\/pages"}],"about":[{"href":"https:\/\/mol.icb.usp.br\/index.php\/wp-json\/wp\/v2\/types\/page"}],"author":[{"embeddable":true,"href":"https:\/\/mol.icb.usp.br\/index.php\/wp-json\/wp\/v2\/users\/2"}],"replies":[{"embeddable":true,"href":"https:\/\/mol.icb.usp.br\/index.php\/wp-json\/wp\/v2\/comments?post=7925"}],"version-history":[{"count":3,"href":"https:\/\/mol.icb.usp.br\/index.php\/wp-json\/wp\/v2\/pages\/7925\/revisions"}],"predecessor-version":[{"id":10307,"href":"https:\/\/mol.icb.usp.br\/index.php\/wp-json\/wp\/v2\/pages\/7925\/revisions\/10307"}],"wp:attachment":[{"href":"https:\/\/mol.icb.usp.br\/index.php\/wp-json\/wp\/v2\/media?parent=7925"}],"curies":[{"name":"wp","href":"https:\/\/api.w.org\/{rel}","templated":true}]}}