{"id":7879,"date":"2019-02-25T16:54:59","date_gmt":"2019-02-25T19:54:59","guid":{"rendered":"http:\/\/mol.icb.usp.br\/?page_id=7879"},"modified":"2020-09-26T18:03:01","modified_gmt":"2020-09-26T21:03:01","slug":"18-24-sistema-respiratorio","status":"publish","type":"page","link":"https:\/\/mol.icb.usp.br\/index.php\/18-24-sistema-respiratorio\/","title":{"rendered":"18-24 Sistema respirat\u00f3rio"},"content":{"rendered":"<div class=\"su-row\">\n  <div class=\"su-column su-column-size-1-1\"><div class=\"su-column-inner su-u-clearfix su-u-trim\"> <strong>PULM\u00c3O \u2013 15<\/strong> <\/div><\/div>\n<\/div>\n<div class=\"su-row\">\n  <div class=\"su-column su-column-size-1-2\"><div class=\"su-column-inner su-u-clearfix su-u-trim\">\nParedes alveolares ou septos interalveolares<br \/>\nOs alv\u00e9olos s\u00e3o delimitados por delgadas <strong>paredes alveolares<\/strong> tamb\u00e9m denominados <strong>septos interalveolares<\/strong>.<br \/>\nImagem superior<br \/>\nObserve o l\u00famen de alv\u00e9olos e as suas paredes. Devido \u00e0 incid\u00eancia dos cortes histol\u00f3gicos, muitos alv\u00e9olos parecem ser completamente fechados, sem aberturas e sem comunica\u00e7\u00e3o com sacos alveolares. Isso obviamente n\u00e3o existe.<br \/>\nNa imagem inferior as paredes dos alv\u00e9olos ficam destacadas em verde.<br \/>\nA imagem mostra um dos v\u00e1rios componentes importantes das paredes alveolares &#8211; <strong>capilares sangu\u00edneos<\/strong> situados no interior das paredes. Veja alguns capilares, ressaltados em vermelho.<br \/>\nAl\u00e9m dos capilares, h\u00e1 no interior da parede: c\u00e9lulas e uma pequena quantidade de tecido conjuntivo (c\u00e9lulas, fibras col\u00e1genas e el\u00e1sticas). Pelo fato de as paredes serm muito delgadas, n\u00e3o \u00e9 f\u00e1cil observar estes componentes ao microsc\u00f3pio de luz.  <\/p>\n<\/div><\/div>\n  <div class=\"su-column su-column-size-1-2\"><div class=\"su-column-inner su-u-clearfix su-u-trim\">\n<img decoding=\"async\" src=\" http:\/\/mol.icb.usp.br\/wp-content\/uploads\/18-24-A.jpg \" \/><\/p>\n<p>Pulm\u00e3o. Colora\u00e7\u00e3o: Hematoxilina e eosina. Aumento m\u00e9dio.<\/p>\n<div onclick>\n<div class=\"image-container\">\n<div class=\"extra\">\n<a href=\"javascript:void(0)\"><img decoding=\"async\" src=\" http:\/\/mol.icb.usp.br\/wp-content\/uploads\/18-24-B.jpg \" onmouseover=\"this.src=' http:\/\/mol.icb.usp.br\/wp-content\/uploads\/18-24-B-MO.jpg'\" onmouseout=\"this.src=' http:\/\/mol.icb.usp.br\/wp-content\/uploads\/18-24-B.jpg'\" \/><\/a><\/div>\n<p>Pulm\u00e3o. Colora\u00e7\u00e3o: hematoxilina e eosina. Aumento: m\u00e9dio.<\/p>\n<p><img decoding=\"async\" src=\"http:\/\/mol.icb.usp.br\/wp-content\/uploads\/mouse-1.gif\"\/><\/a><\/p>\n<div onclick=\"\">\n<p><strong>Desktops e notebooks<\/strong> Coloque o cursor sobre a imagem.<br \/>\n<strong>Tablets e telefones celulares:<\/strong>Clique sobre a figura para acessar outra imagem. Clique fora da figura para voltar \u00e0 primeira imagem.<\/p>\n<p><strong>NAVEGA\u00c7\u00c3O NO MOL:<\/strong><\/p>\n<p><a href=\"http:\/\/mol.icb.usp.br\/index.php\/18-23-sistema-respiratorio\/\">ACESSAR P\u00c1GINA ANTERIOR<\/a><\/p>\n<p><a href=\"http:\/\/mol.icb.usp.br\/index.php\/18-25-sistema-respiratorio\/\">ACESSAR P\u00c1GINA SEGUINTE<\/a>\n<\/div>\n<\/div>\n<\/div>\n<p><\/body><br \/>\n<\/html> <\/div><\/div>\n<\/div>\n","protected":false},"excerpt":{"rendered":"","protected":false},"author":2,"featured_media":0,"parent":0,"menu_order":0,"comment_status":"closed","ping_status":"closed","template":"","meta":{"_monsterinsights_skip_tracking":false,"_monsterinsights_sitenote_active":false,"_monsterinsights_sitenote_note":"","_monsterinsights_sitenote_category":0,"footnotes":""},"class_list":["post-7879","page","type-page","status-publish","hentry"],"_links":{"self":[{"href":"https:\/\/mol.icb.usp.br\/index.php\/wp-json\/wp\/v2\/pages\/7879"}],"collection":[{"href":"https:\/\/mol.icb.usp.br\/index.php\/wp-json\/wp\/v2\/pages"}],"about":[{"href":"https:\/\/mol.icb.usp.br\/index.php\/wp-json\/wp\/v2\/types\/page"}],"author":[{"embeddable":true,"href":"https:\/\/mol.icb.usp.br\/index.php\/wp-json\/wp\/v2\/users\/2"}],"replies":[{"embeddable":true,"href":"https:\/\/mol.icb.usp.br\/index.php\/wp-json\/wp\/v2\/comments?post=7879"}],"version-history":[{"count":8,"href":"https:\/\/mol.icb.usp.br\/index.php\/wp-json\/wp\/v2\/pages\/7879\/revisions"}],"predecessor-version":[{"id":8826,"href":"https:\/\/mol.icb.usp.br\/index.php\/wp-json\/wp\/v2\/pages\/7879\/revisions\/8826"}],"wp:attachment":[{"href":"https:\/\/mol.icb.usp.br\/index.php\/wp-json\/wp\/v2\/media?parent=7879"}],"curies":[{"name":"wp","href":"https:\/\/api.w.org\/{rel}","templated":true}]}}