{"id":7820,"date":"2019-02-22T18:23:32","date_gmt":"2019-02-22T21:23:32","guid":{"rendered":"http:\/\/mol.icb.usp.br\/?page_id=7820"},"modified":"2019-02-22T18:23:32","modified_gmt":"2019-02-22T21:23:32","slug":"18-8-sistema-respiratorio","status":"publish","type":"page","link":"https:\/\/mol.icb.usp.br\/index.php\/18-8-sistema-respiratorio\/","title":{"rendered":"18-8 Sistema respirat\u00f3rio"},"content":{"rendered":"<div class=\"su-row\">\n  <div class=\"su-column su-column-size-1-1\"><div class=\"su-column-inner su-u-clearfix su-u-trim\"> TRAQU\u00c9IA \u2013 3 <\/div><\/div>\n<\/div>\n<div class=\"su-row\">\n  <div class=\"su-column su-column-size-1-2\"><div class=\"su-column-inner su-u-clearfix su-u-trim\">\nParede da traqueia em aumento maior.<br \/>\nEpit\u00e9lio de revestimento &#8211; epit\u00e9lio respirat\u00f3rio (pseudoestratificado cil\u00edndrico ciliado com c\u00e9lulas caliciformes) &#8211; ressaltado em vermelho.<br \/>\nCartilagem ressaltada em azul.<br \/>\nObserve a l\u00e2mina pr\u00f3pria da mucosa entre essas duas estruturas.<\/p>\n<\/div><\/div>\n  <div class=\"su-column su-column-size-1-2\"><div class=\"su-column-inner su-u-clearfix su-u-trim\"> <\/p>\n<div onclick>\n<div class=\"image-container\">\n<div class=\"extra\">\n<a href=\"javascript:void(0)\"><img decoding=\"async\" src=\" http:\/\/mol.icb.usp.br\/wp-content\/uploads\/18-8.jpg \" onmouseover=\"this.src=' http:\/\/mol.icb.usp.br\/wp-content\/uploads\/18-8-MO.jpg'\" onmouseout=\"this.src=' http:\/\/mol.icb.usp.br\/wp-content\/uploads\/18-8.jpg'\" \/><\/a><\/div>\n<p>Traqueia. Colora\u00e7\u00e3o: hematoxilina e eosina. Aumento m\u00e9dio.<\/p>\n<p><img decoding=\"async\" src=\"http:\/\/mol.icb.usp.br\/wp-content\/uploads\/mouse-1.gif\"\/><\/a><\/p>\n<div onclick=\"\"\n\n\n<\/p>\n<p><strong>Desktops e notebooks<\/strong> &#8211; Coloque o cursor sobre a imagem.<\/p>\n<p><strong>Tablets e telefones celulares &#8211; <\/strong>Clique sobre a figura para acessar outra imagem. Clique fora da figura para voltar \u00e0 primeira imagem.<\/p>\n<p><strong>NAVEGA\u00c7\u00c3O NO MOL:<\/strong><\/p>\n<p><a href=\"http:\/\/mol.icb.usp.br\/index.php\/18-7-sistema-respiratorio\/\">ACESSAR P\u00c1GINA ANTERIOR<\/a><\/p>\n<p><a href=\"http:\/\/mol.icb.usp.br\/index.php\/18-9-sistema-respiratorio\/\">ACESSAR P\u00c1GINA SEGUINTE<\/a>\n<\/div>\n<\/div>\n<\/div>\n<p><\/body><br \/>\n<\/html> <\/div><\/div>\n<\/div>\n","protected":false},"excerpt":{"rendered":"","protected":false},"author":2,"featured_media":0,"parent":0,"menu_order":0,"comment_status":"closed","ping_status":"closed","template":"","meta":{"_monsterinsights_skip_tracking":false,"_monsterinsights_sitenote_active":false,"_monsterinsights_sitenote_note":"","_monsterinsights_sitenote_category":0,"footnotes":""},"class_list":["post-7820","page","type-page","status-publish","hentry"],"_links":{"self":[{"href":"https:\/\/mol.icb.usp.br\/index.php\/wp-json\/wp\/v2\/pages\/7820"}],"collection":[{"href":"https:\/\/mol.icb.usp.br\/index.php\/wp-json\/wp\/v2\/pages"}],"about":[{"href":"https:\/\/mol.icb.usp.br\/index.php\/wp-json\/wp\/v2\/types\/page"}],"author":[{"embeddable":true,"href":"https:\/\/mol.icb.usp.br\/index.php\/wp-json\/wp\/v2\/users\/2"}],"replies":[{"embeddable":true,"href":"https:\/\/mol.icb.usp.br\/index.php\/wp-json\/wp\/v2\/comments?post=7820"}],"version-history":[{"count":2,"href":"https:\/\/mol.icb.usp.br\/index.php\/wp-json\/wp\/v2\/pages\/7820\/revisions"}],"predecessor-version":[{"id":7823,"href":"https:\/\/mol.icb.usp.br\/index.php\/wp-json\/wp\/v2\/pages\/7820\/revisions\/7823"}],"wp:attachment":[{"href":"https:\/\/mol.icb.usp.br\/index.php\/wp-json\/wp\/v2\/media?parent=7820"}],"curies":[{"name":"wp","href":"https:\/\/api.w.org\/{rel}","templated":true}]}}