{"id":7793,"date":"2019-02-21T22:45:13","date_gmt":"2019-02-22T01:45:13","guid":{"rendered":"http:\/\/mol.icb.usp.br\/?page_id=7793"},"modified":"2019-02-21T23:15:02","modified_gmt":"2019-02-22T02:15:02","slug":"18-3-sistema-respiratorio","status":"publish","type":"page","link":"https:\/\/mol.icb.usp.br\/index.php\/18-3-sistema-respiratorio\/","title":{"rendered":"18-3 Sistema respirat\u00f3rio"},"content":{"rendered":"<div class=\"su-row\">\n  <div class=\"su-column su-column-size-1-1\"><div class=\"su-column-inner su-u-clearfix su-u-trim\"> LARINGE-1 <\/div><\/div>\n<\/div>\n<div class=\"su-row\">\n  <div class=\"su-column su-column-size-1-2\"><div class=\"su-column-inner su-u-clearfix su-u-trim\">\nA laringe \u00e9 um tubo cuja parede \u00e9 composta por v\u00e1rias pe\u00e7as cartilaginosas, tecido conjuntivo propriamente dito e por m\u00fasculo esquel\u00e9tico.<br \/>\nA imagem \u00e9 de uma laringe seccionada longitudinalmente. Observe externamente <strong>m\u00fasculo esquel\u00e9tico<\/strong> situado em torno de duas das <strong>cartilagens<\/strong> da laringe \u2013 ressaltadas em verde claro.<br \/>\nInternamente a laringe \u00e9 revestida por dois tipos de epit\u00e9lios:<br \/>\n1 <strong>epit\u00e9lio respirat\u00f3rio<\/strong> na maior parte da laringe, ressaltado em vermelho.<br \/>\n2 <strong>epit\u00e9lio estratificado pavimentoso n\u00e3o queratinizado<\/strong> revestindo a regi\u00e3o das pregas (cordas) vocais.<br \/>\nAbaixo do epit\u00e9lio desta regi\u00e3o h\u00e1 <strong>m\u00fasculo esquel\u00e9tico<\/strong> \u2013 ressaltado em amarelo.<\/p>\n<\/div><\/div>\n  <div class=\"su-column su-column-size-1-2\"><div class=\"su-column-inner su-u-clearfix su-u-trim\"> <\/p>\n<div onclick>\n<div class=\"image-container\">\n<div class=\"extra\">\n<a href=\"javascript:void(0)\"><img decoding=\"async\" src=\" http:\/\/mol.icb.usp.br\/wp-content\/uploads\/18-3.jpg \" onmouseover=\"this.src=' http:\/\/mol.icb.usp.br\/wp-content\/uploads\/18-3-MO.jpg'\" onmouseout=\"this.src=' http:\/\/mol.icb.usp.br\/wp-content\/uploads\/18-3.jpg'\" \/><\/a><\/div>\n<p>Laringe. Colora\u00e7\u00e3o: Tricr\u00f4mico de Masson. Vista panor\u00e2mica.<\/p>\n<p><img decoding=\"async\" src=\"http:\/\/mol.icb.usp.br\/wp-content\/uploads\/mouse-1.gif\"\/><\/a><\/p>\n<div onclick=\"\"\n\n\n<\/p>\n<p><strong>Desktops e notebooks<\/strong> &#8211; Coloque o cursor sobre a imagem.<\/p>\n<p><strong>Tablets e telefones celulares &#8211; <\/strong>Clique sobre a figura para acessar outra imagem. Clique fora da figura para voltar \u00e0 primeira imagem.<\/p>\n<p><strong>NAVEGA\u00c7\u00c3O NO MOL:<\/strong><\/p>\n<p><a href=\"http:\/\/mol.icb.usp.br\/index.php\/18-2-sistema-respiratorio\/\">ACESSAR P\u00c1GINA ANTERIOR<\/a><\/p>\n<p><a href=\"http:\/\/mol.icb.usp.br\/index.php\/18-4-sistema-respiratorio\/\">ACESSAR P\u00c1GINA SEGUINTE<\/a>\n<\/div>\n<\/div>\n<\/div>\n<p><\/body><br \/>\n<\/html> <\/div><\/div>\n<\/div>\n","protected":false},"excerpt":{"rendered":"","protected":false},"author":2,"featured_media":0,"parent":0,"menu_order":0,"comment_status":"closed","ping_status":"closed","template":"","meta":{"_monsterinsights_skip_tracking":false,"_monsterinsights_sitenote_active":false,"_monsterinsights_sitenote_note":"","_monsterinsights_sitenote_category":0,"footnotes":""},"class_list":["post-7793","page","type-page","status-publish","hentry"],"_links":{"self":[{"href":"https:\/\/mol.icb.usp.br\/index.php\/wp-json\/wp\/v2\/pages\/7793"}],"collection":[{"href":"https:\/\/mol.icb.usp.br\/index.php\/wp-json\/wp\/v2\/pages"}],"about":[{"href":"https:\/\/mol.icb.usp.br\/index.php\/wp-json\/wp\/v2\/types\/page"}],"author":[{"embeddable":true,"href":"https:\/\/mol.icb.usp.br\/index.php\/wp-json\/wp\/v2\/users\/2"}],"replies":[{"embeddable":true,"href":"https:\/\/mol.icb.usp.br\/index.php\/wp-json\/wp\/v2\/comments?post=7793"}],"version-history":[{"count":3,"href":"https:\/\/mol.icb.usp.br\/index.php\/wp-json\/wp\/v2\/pages\/7793\/revisions"}],"predecessor-version":[{"id":7802,"href":"https:\/\/mol.icb.usp.br\/index.php\/wp-json\/wp\/v2\/pages\/7793\/revisions\/7802"}],"wp:attachment":[{"href":"https:\/\/mol.icb.usp.br\/index.php\/wp-json\/wp\/v2\/media?parent=7793"}],"curies":[{"name":"wp","href":"https:\/\/api.w.org\/{rel}","templated":true}]}}