{"id":7787,"date":"2019-02-21T18:55:41","date_gmt":"2019-02-21T21:55:41","guid":{"rendered":"http:\/\/mol.icb.usp.br\/?page_id=7787"},"modified":"2019-02-21T19:06:33","modified_gmt":"2019-02-21T22:06:33","slug":"18-2-sistema-respiratorio","status":"publish","type":"page","link":"https:\/\/mol.icb.usp.br\/index.php\/18-2-sistema-respiratorio\/","title":{"rendered":"18-2 Sistema respirat\u00f3rio"},"content":{"rendered":"<div class=\"su-row\">\n  <div class=\"su-column su-column-size-1-1\"><div class=\"su-column-inner su-u-clearfix su-u-trim\"> EPIGLOTE <\/div><\/div>\n<\/div>\n<div class=\"su-row\">\n  <div class=\"su-column su-column-size-1-2\"><div class=\"su-column-inner su-u-clearfix su-u-trim\">\nA epiglote se localiza na por\u00e7\u00e3o craniana da laringe. \u00c9 uma folha de cartilagem el\u00e1stica que se projeta em dire\u00e7\u00e3o da faringe.<br \/>\nA imagem mostra um trecho de uma epiglote seccionada longitudinalmente. Sua cartilagem \u00e9 ressaltada em azul claro.<br \/>\nA mucosa da epiglote \u00e9 formada por um revestimento epitelial e pelo tecido conjuntivo subjacente a ele (l\u00e2mina pr\u00f3pria).<br \/>\nA face ventral e a face dorsal da epiglote s\u00e3o geralmente revestidas por diferentes tipos de epit\u00e9lios.<br \/>\nA <strong>face ventral<\/strong> \u00e9 recoberta por <strong>epit\u00e9lio estratificado pavimentoso n\u00e3o queratinizado<\/strong> \u2013 ressaltado em cor de rosa.<br \/>\nA <strong>face dorsal<\/strong> \u00e9 habitualmente recoberta por <strong>epit\u00e9lio respirat\u00f3rio \u2013 epit\u00e9lio pseudoestratificado cil\u00edndrico (ou colunar ou prism\u00e1tico) ciliado com c\u00e9lulas caliciformes<\/strong>.<br \/>\nRecorde este tipo de epit\u00e9lio nas p\u00e1ginas 2-27 e p\u00e1gina 2-28.<br \/>\nNa l\u00e2mina pr\u00f3pria da face dorsal h\u00e1 frequentemente pequenas <strong>gl\u00e2ndulas<\/strong> abaixo do epit\u00e9lio &#8211; ressaltadas em verde.<br \/>\nEntretanto, especificamente na epiglote mostrada na figura a face dorsal tamb\u00e9m \u00e9 revestida por por epit\u00e9lio estratificado pavimentoso n\u00e3o queratinizado \u2013 ressaltado em vermelho. Provavelmente esta modifica\u00e7\u00e3o \u00e9 resultado de uma <strong>metaplasia<\/strong>, processo em que um tecido pode ser substitu\u00eddo por outro.<\/p>\n<\/div><\/div>\n  <div class=\"su-column su-column-size-1-2\"><div class=\"su-column-inner su-u-clearfix su-u-trim\"> <\/p>\n<div onclick>\n<div class=\"image-container\">\n<div class=\"extra\">\n<a href=\"javascript:void(0)\"><img decoding=\"async\" src=\" http:\/\/mol.icb.usp.br\/wp-content\/uploads\/18-2.jpg \" onmouseover=\"this.src=' http:\/\/mol.icb.usp.br\/wp-content\/uploads\/18-2-MO.jpg'\" onmouseout=\"this.src=' http:\/\/mol.icb.usp.br\/wp-content\/uploads\/18-2.jpg'\" \/><\/a><\/div>\n<p>Epiglote. Colora\u00e7\u00e3o: hematoxilina e eosina. Vista panor\u00e2mica.<\/p>\n<p><img decoding=\"async\" src=\"http:\/\/mol.icb.usp.br\/wp-content\/uploads\/mouse-1.gif\"\/><\/a><\/p>\n<div onclick=\"\"\n\n\n<\/p>\n<p><strong>Desktops e notebooks<\/strong> &#8211; Coloque o cursor sobre a imagem.<\/p>\n<p><strong>Tablets e telefones celulares &#8211; <\/strong>Clique sobre a figura para acessar outra imagem. Clique fora da figura para voltar \u00e0 primeira imagem.<\/p>\n<p><strong>NAVEGA\u00c7\u00c3O NO MOL:<\/strong><\/p>\n<p><a href=\"http:\/\/mol.icb.usp.br\/index.php\/18-1-sistema-respiratorio\/\">ACESSAR P\u00c1GINA ANTERIOR<\/a><\/p>\n<p><a href=\"http:\/\/mol.icb.usp.br\/index.php\/18-3-sistema-respiratorio\/\">ACESSAR P\u00c1GINA SEGUINTE\n<\/div>\n<\/div>\n<\/div>\n<p><\/body><br \/>\n<\/html> <\/div><\/div>\n<\/div>\n","protected":false},"excerpt":{"rendered":"","protected":false},"author":2,"featured_media":0,"parent":0,"menu_order":0,"comment_status":"closed","ping_status":"closed","template":"","meta":{"_monsterinsights_skip_tracking":false,"_monsterinsights_sitenote_active":false,"_monsterinsights_sitenote_note":"","_monsterinsights_sitenote_category":0,"footnotes":""},"class_list":["post-7787","page","type-page","status-publish","hentry"],"_links":{"self":[{"href":"https:\/\/mol.icb.usp.br\/index.php\/wp-json\/wp\/v2\/pages\/7787"}],"collection":[{"href":"https:\/\/mol.icb.usp.br\/index.php\/wp-json\/wp\/v2\/pages"}],"about":[{"href":"https:\/\/mol.icb.usp.br\/index.php\/wp-json\/wp\/v2\/types\/page"}],"author":[{"embeddable":true,"href":"https:\/\/mol.icb.usp.br\/index.php\/wp-json\/wp\/v2\/users\/2"}],"replies":[{"embeddable":true,"href":"https:\/\/mol.icb.usp.br\/index.php\/wp-json\/wp\/v2\/comments?post=7787"}],"version-history":[{"count":5,"href":"https:\/\/mol.icb.usp.br\/index.php\/wp-json\/wp\/v2\/pages\/7787\/revisions"}],"predecessor-version":[{"id":7794,"href":"https:\/\/mol.icb.usp.br\/index.php\/wp-json\/wp\/v2\/pages\/7787\/revisions\/7794"}],"wp:attachment":[{"href":"https:\/\/mol.icb.usp.br\/index.php\/wp-json\/wp\/v2\/media?parent=7787"}],"curies":[{"name":"wp","href":"https:\/\/api.w.org\/{rel}","templated":true}]}}