{"id":7726,"date":"2019-02-14T14:16:33","date_gmt":"2019-02-14T16:16:33","guid":{"rendered":"http:\/\/mol.icb.usp.br\/?page_id=7726"},"modified":"2019-02-21T22:35:03","modified_gmt":"2019-02-22T01:35:03","slug":"18-1-sistema-respiratorio","status":"publish","type":"page","link":"https:\/\/mol.icb.usp.br\/index.php\/18-1-sistema-respiratorio\/","title":{"rendered":"18-1 Sistema respirat\u00f3rio"},"content":{"rendered":"<div class=\"su-row\">\n  <div class=\"su-column su-column-size-1-1\"><div class=\"su-column-inner su-u-clearfix su-u-trim\"> MUCOSA NASAL <\/div><\/div>\n<\/div>\n<div class=\"su-row\">\n  <div class=\"su-column su-column-size-1-2\"><div class=\"su-column-inner su-u-clearfix su-u-trim\">\nA mucosa nasal reveste as cavidades nasais e \u00e9 constitu\u00edda de um epit\u00e9lio e uma delgada l\u00e2mina pr\u00f3pria apoiada sobre o peric\u00f4ndrio de pe\u00e7as de cartilagem hialina ou sobre o peri\u00f3steo de osso.<br \/>\nO tipo de epit\u00e9lio de revestimento depende do local em que est\u00e1 situado.<br \/>\n1 &#8211; Nas regi\u00f5es iniciais das narinas &#8211; vest\u00edbulo nasal \u2013 h\u00e1 um <strong>epit\u00e9lio estratificado pavimentoso n\u00e3o cornificado<\/strong> (n\u00e3o queratinizado) que se continua com o epit\u00e9lio estratificado pavimentoso cornificado da pele da face.<br \/>\n2 \u2013 A maior parte da superf\u00edcie das cavidades nasais \u00e9 revestida pelo assim chamado <strong>\u201cepit\u00e9lio respirat\u00f3rio\u201d<\/strong>. \u00c9 um <strong>epit\u00e9lio pseudoestratificado colunar (ou prism\u00e1tico ou cil\u00edndrico) ciliado com c\u00e9lulas caliciformes<\/strong>. O epit\u00e9lio respirat\u00f3rio reveste grande parte das vias respirat\u00f3rias.<br \/>\nVeja caracter\u00edsticas e imagens deste tipo de epit\u00e9lio nas p\u00e1ginas <a href=\"http:\/\/mol.icb.usp.br\/index.php\/2-27-tecido-epitelial-de-revestimento\/\" rel=\"noopener\" target=\"_blank\">2-27<\/a> e <a href=\"http:\/\/mol.icb.usp.br\/index.php\/2-28-tecido-epitelial-de-revestimento\/\" rel=\"noopener\" target=\"_blank\">2-28<\/a>.<br \/>\n3 \u2013 Algumas regi\u00f5es das cavidades nasais s\u00e3o revestidas por mucosa olfat\u00f3ria. Seu epit\u00e9lio \u00e9 um neuroepit\u00e9lio constitu\u00eddo por v\u00e1rios tipos celulares. Veja a imagem.<\/p>\n<\/div><\/div>\n  <div class=\"su-column su-column-size-1-2\"><div class=\"su-column-inner su-u-clearfix su-u-trim\"> <\/p>\n<div onclick>\n<div class=\"image-container\">\n<div class=\"extra\">\n<a href=\"javascript:void(0)\"><img decoding=\"async\" src=\" http:\/\/mol.icb.usp.br\/wp-content\/uploads\/18-1.jpg \" onmouseover=\"this.src=' http:\/\/mol.icb.usp.br\/wp-content\/uploads\/18-1-MO.jpg'\" onmouseout=\"this.src=' http:\/\/mol.icb.usp.br\/wp-content\/uploads\/18-1.jpg'\" \/><\/a><\/div>\n<p>Mucosa olfat\u00f3ria. Colora\u00e7\u00e3o: hematoxilina e eosina. Aumento m\u00e9dio.<\/p>\n<p><img decoding=\"async\" src=\"http:\/\/mol.icb.usp.br\/wp-content\/uploads\/mouse-1.gif\"\/><\/a><\/p>\n<div onclick=\"\"\n\n\n<\/p>\n<p><strong>Desktops e notebooks<\/strong> &#8211; Coloque o cursor sobre a imagem.<\/p>\n<p><strong>Tablets e telefones celulares &#8211; <\/strong>Clique sobre a figura para acessar outra imagem. Clique fora da figura para voltar \u00e0 primeira imagem.<\/p>\n<p><strong>NAVEGA\u00c7\u00c3O NO MOL:<\/strong><\/p>\n<p><a href=\"http:\/\/mol.icb.usp.br\/index.php\/18-2-sistema-respiratorio\/\">ACESSAR P\u00c1GINA SEGUINTE<\/a>\n<\/div>\n<\/div>\n<\/div>\n<p><\/body><br \/>\n<\/html> <\/div><\/div>\n<\/div>\n","protected":false},"excerpt":{"rendered":"","protected":false},"author":2,"featured_media":0,"parent":0,"menu_order":0,"comment_status":"closed","ping_status":"closed","template":"","meta":{"_monsterinsights_skip_tracking":false,"_monsterinsights_sitenote_active":false,"_monsterinsights_sitenote_note":"","_monsterinsights_sitenote_category":0,"footnotes":""},"class_list":["post-7726","page","type-page","status-publish","hentry"],"_links":{"self":[{"href":"https:\/\/mol.icb.usp.br\/index.php\/wp-json\/wp\/v2\/pages\/7726"}],"collection":[{"href":"https:\/\/mol.icb.usp.br\/index.php\/wp-json\/wp\/v2\/pages"}],"about":[{"href":"https:\/\/mol.icb.usp.br\/index.php\/wp-json\/wp\/v2\/types\/page"}],"author":[{"embeddable":true,"href":"https:\/\/mol.icb.usp.br\/index.php\/wp-json\/wp\/v2\/users\/2"}],"replies":[{"embeddable":true,"href":"https:\/\/mol.icb.usp.br\/index.php\/wp-json\/wp\/v2\/comments?post=7726"}],"version-history":[{"count":5,"href":"https:\/\/mol.icb.usp.br\/index.php\/wp-json\/wp\/v2\/pages\/7726\/revisions"}],"predecessor-version":[{"id":7796,"href":"https:\/\/mol.icb.usp.br\/index.php\/wp-json\/wp\/v2\/pages\/7726\/revisions\/7796"}],"wp:attachment":[{"href":"https:\/\/mol.icb.usp.br\/index.php\/wp-json\/wp\/v2\/media?parent=7726"}],"curies":[{"name":"wp","href":"https:\/\/api.w.org\/{rel}","templated":true}]}}