{"id":7724,"date":"2019-02-14T14:15:20","date_gmt":"2019-02-14T16:15:20","guid":{"rendered":"http:\/\/mol.icb.usp.br\/?page_id=7724"},"modified":"2019-03-13T22:32:32","modified_gmt":"2019-03-14T01:32:32","slug":"18-0-sistema-respiratorio","status":"publish","type":"page","link":"https:\/\/mol.icb.usp.br\/index.php\/18-0-sistema-respiratorio\/","title":{"rendered":"18-0 Sistema respirat\u00f3rio"},"content":{"rendered":"<p>M\u00d3DULO 18 SISTEMA RESPIRAT\u00d3RIO<\/p>\n<p>OBJETIVOS DESTE M\u00d3DULO:<\/p>\n<p>Apresentar as caracter\u00edsticas histol\u00f3gicas dos componentes do Sistema respirat\u00f3rio<\/p>\n<p>Este m\u00f3dulo \u00e9 composto de 30 p\u00e1ginas.<\/p>\n<p><a href=\"http:\/\/mol.icb.usp.br\/index.php\/18-1-sistema-respiratorio\/\">ENTRE NO IN\u00cdCIO DO M\u00d3DULO 18<\/a><br \/>\nou<br \/>\nCLIQUE NOS LINKS PARA ABRIR OS T\u00d3PICOS PRINCIPAIS:<\/p>\n<p><a href=\"http:\/\/mol.icb.usp.br\/index.php\/18-1-sistema-respiratorio\/\">Mucosa nasal<\/a><br \/>\n<a href=\"http:\/\/mol.icb.usp.br\/index.php\/18-2-sistema-respiratorio\/\">Laringe <\/a><br \/>\n<a href=\"http:\/\/mol.icb.usp.br\/index.php\/18-6-sistema-respiratorio\/\">Traqueia<\/a><br \/>\n<a href=\"http:\/\/mol.icb.usp.br\/index.php\/18-10-sistema-respiratorio\/\">Br\u00f4nquios<\/a><br \/>\n<a href=\"http:\/\/mol.icb.usp.br\/index.php\/18-13-sistema-respiratorio\/\">Bronqu\u00edolos<\/a><br \/>\n<a href=\"http:\/\/mol.icb.usp.br\/index.php\/18-17-sistema-respiratorio\/\">Bronqu\u00edolos respirat\u00f3rios<\/a><br \/>\n<a href=\"http:\/\/mol.icb.usp.br\/index.php\/18-20-sistema-respiratorio\/\">Dutos alveolares<\/a><br \/>\n<a href=\"http:\/\/mol.icb.usp.br\/index.php\/18-23-sistema-respiratorio\/\">Sacos alveolares e alv\u00e9olos<\/a><br \/>\n<a href=\"http:\/\/mol.icb.usp.br\/index.php\/18-29-sistema-respiratorio\/\">Pleura<\/a><\/p>\n<p>Erros? Texto pouco claro? Sugest\u00f5es?<br \/>\nComunique-se com os autores:<br \/>\nHistologia Geral e Especial &#8211;<br \/>\n<a href=\"mailto:pabrahamsohn@uol.com.br\">pabrahamsohn@uol.com.br<\/a><br \/>\nHistologia Oral &#8211; <a href=\"mailto:vfreitas3d@gmail.com\">vfreitas3d@gmail.com<\/a><\/p>\n","protected":false},"excerpt":{"rendered":"<p>M\u00d3DULO 18 SISTEMA RESPIRAT\u00d3RIO OBJETIVOS DESTE M\u00d3DULO: Apresentar as caracter\u00edsticas histol\u00f3gicas dos componentes do Sistema respirat\u00f3rio Este m\u00f3dulo \u00e9 composto de 30 p\u00e1ginas. ENTRE NO IN\u00cdCIO DO M\u00d3DULO 18 ou CLIQUE NOS LINKS PARA ABRIR OS T\u00d3PICOS PRINCIPAIS: Mucosa nasal Laringe Traqueia Br\u00f4nquios Bronqu\u00edolos Bronqu\u00edolos respirat\u00f3rios Dutos alveolares Sacos alveolares e alv\u00e9olos Pleura Erros? Texto [&hellip;]<\/p>\n","protected":false},"author":2,"featured_media":0,"parent":0,"menu_order":0,"comment_status":"closed","ping_status":"closed","template":"","meta":{"_monsterinsights_skip_tracking":false,"_monsterinsights_sitenote_active":false,"_monsterinsights_sitenote_note":"","_monsterinsights_sitenote_category":0,"footnotes":""},"class_list":["post-7724","page","type-page","status-publish","hentry"],"_links":{"self":[{"href":"https:\/\/mol.icb.usp.br\/index.php\/wp-json\/wp\/v2\/pages\/7724"}],"collection":[{"href":"https:\/\/mol.icb.usp.br\/index.php\/wp-json\/wp\/v2\/pages"}],"about":[{"href":"https:\/\/mol.icb.usp.br\/index.php\/wp-json\/wp\/v2\/types\/page"}],"author":[{"embeddable":true,"href":"https:\/\/mol.icb.usp.br\/index.php\/wp-json\/wp\/v2\/users\/2"}],"replies":[{"embeddable":true,"href":"https:\/\/mol.icb.usp.br\/index.php\/wp-json\/wp\/v2\/comments?post=7724"}],"version-history":[{"count":3,"href":"https:\/\/mol.icb.usp.br\/index.php\/wp-json\/wp\/v2\/pages\/7724\/revisions"}],"predecessor-version":[{"id":8008,"href":"https:\/\/mol.icb.usp.br\/index.php\/wp-json\/wp\/v2\/pages\/7724\/revisions\/8008"}],"wp:attachment":[{"href":"https:\/\/mol.icb.usp.br\/index.php\/wp-json\/wp\/v2\/media?parent=7724"}],"curies":[{"name":"wp","href":"https:\/\/api.w.org\/{rel}","templated":true}]}}