{"id":7598,"date":"2019-02-03T18:23:58","date_gmt":"2019-02-03T20:23:58","guid":{"rendered":"http:\/\/mol.icb.usp.br\/?page_id=7598"},"modified":"2019-02-03T18:27:36","modified_gmt":"2019-02-03T20:27:36","slug":"17-2-glandulas-anexas-ao-tubo-digestivo","status":"publish","type":"page","link":"https:\/\/mol.icb.usp.br\/index.php\/17-2-glandulas-anexas-ao-tubo-digestivo\/","title":{"rendered":"17-2 Gl\u00e2ndulas anexas ao tubo digestivo"},"content":{"rendered":"<div class=\"su-row\">\n  <div class=\"su-column su-column-size-1-1\"><div class=\"su-column-inner su-u-clearfix su-u-trim\"> P\u00c2NCREAS &#8211; 2  <\/div><\/div>\n<\/div>\n<div class=\"su-row\">\n  <div class=\"su-column su-column-size-1-2\"><div class=\"su-column-inner su-u-clearfix su-u-trim\"> <\/p>\n<p>Em um aumento um pouco maior que o da imagem anterior est\u00e3o presentes regi\u00f5es mais claras correspondentes sec\u00e7\u00f5es de <strong>ilhotas de Langerhans<\/strong> (ressaltadas em verde).<br \/>\nH\u00e1 tamb\u00e9m locais onde h\u00e1 <strong>vasos sangu\u00edneos, nervos e dutos excretores<\/strong>, envolvidos por pequena quantidade de tecido conjuntivo (ressaltados em amarelo).<br \/>\nO restante da imagem \u00e9 ocupado por unidades secretoras do p\u00e2ncreas ex\u00f3crino. S\u00e3o unidades formadas por <strong>\u00e1cinos serosos<\/strong>.<\/p>\n<p>Uma descri\u00e7\u00e3o pormenorizada dos \u00e1cinos serosos presentes no p\u00e2ncreas est\u00e1 no M\u00f3dulo 3 Tecido epitelial glandular, p\u00e1ginas 3-11 a 3-15.<br \/>\n<a href=\"http:\/\/mol.icb.usp.br\/index.php\/3-11-tecido-epitelial-glandular\/\" rel=\"noopener\" target=\"_blank\">Clique aqui para acessar o in\u00edcio desta descri\u00e7\u00e3o.<\/a><\/p>\n<\/div><\/div>\n  <div class=\"su-column su-column-size-1-2\"><div class=\"su-column-inner su-u-clearfix su-u-trim\"> <\/p>\n<div onclick>\n<div class=\"image-container\">\n<div class=\"extra\">\n<a href=\"javascript:void(0)\"><img decoding=\"async\" src=\" http:\/\/mol.icb.usp.br\/wp-content\/uploads\/17-2.jpg \" onmouseover=\"this.src=' http:\/\/mol.icb.usp.br\/wp-content\/uploads\/17-2-MO.jpg'\" onmouseout=\"this.src=' http:\/\/mol.icb.usp.br\/wp-content\/uploads\/17-2.jpg'\" \/><\/a><\/div>\n<p>P\u00e2ncreas. Colora\u00e7\u00e3o: hematoxilina e eosina. Aumento pequeno.<\/p>\n<p><img decoding=\"async\" src=\"http:\/\/mol.icb.usp.br\/wp-content\/uploads\/mouse-1.gif\"\/><\/a><\/p>\n<div onclick=\"\"\n\n\n<\/p>\n<p><strong>Desktops e notebooks<\/strong> &#8211; Coloque o cursor sobre a imagem.<\/p>\n<p><strong>Tablets e telefones celulares &#8211; <\/strong>Clique sobre a figura para acessar outra imagem. Clique fora da figura para voltar \u00e0 primeira imagem.<\/p>\n<p><strong>NAVEGA\u00c7\u00c3O NO MOL:<\/strong><\/p>\n<p><a href=\"http:\/\/mol.icb.usp.br\/index.php\/17-1-glandulas-anexas-ao-tubo-digestivo\/\">ACESSAR P\u00c1GINA ANTERIOR<\/a><\/p>\n<p><a href=\"http:\/\/mol.icb.usp.br\/index.php\/17-3-glandulas-anexas-ao-tubo-digestivo\/\">ACESSAR P\u00c1GINA SEGUINTE<\/a>\n<\/div>\n<\/div>\n<\/div>\n<p><\/body><br \/>\n<\/html> <\/div><\/div>\n<\/div>\n","protected":false},"excerpt":{"rendered":"","protected":false},"author":2,"featured_media":0,"parent":0,"menu_order":0,"comment_status":"closed","ping_status":"closed","template":"","meta":{"_monsterinsights_skip_tracking":false,"_monsterinsights_sitenote_active":false,"_monsterinsights_sitenote_note":"","_monsterinsights_sitenote_category":0,"footnotes":""},"class_list":["post-7598","page","type-page","status-publish","hentry"],"_links":{"self":[{"href":"https:\/\/mol.icb.usp.br\/index.php\/wp-json\/wp\/v2\/pages\/7598"}],"collection":[{"href":"https:\/\/mol.icb.usp.br\/index.php\/wp-json\/wp\/v2\/pages"}],"about":[{"href":"https:\/\/mol.icb.usp.br\/index.php\/wp-json\/wp\/v2\/types\/page"}],"author":[{"embeddable":true,"href":"https:\/\/mol.icb.usp.br\/index.php\/wp-json\/wp\/v2\/users\/2"}],"replies":[{"embeddable":true,"href":"https:\/\/mol.icb.usp.br\/index.php\/wp-json\/wp\/v2\/comments?post=7598"}],"version-history":[{"count":4,"href":"https:\/\/mol.icb.usp.br\/index.php\/wp-json\/wp\/v2\/pages\/7598\/revisions"}],"predecessor-version":[{"id":7602,"href":"https:\/\/mol.icb.usp.br\/index.php\/wp-json\/wp\/v2\/pages\/7598\/revisions\/7602"}],"wp:attachment":[{"href":"https:\/\/mol.icb.usp.br\/index.php\/wp-json\/wp\/v2\/media?parent=7598"}],"curies":[{"name":"wp","href":"https:\/\/api.w.org\/{rel}","templated":true}]}}