{"id":7242,"date":"2019-01-21T21:48:17","date_gmt":"2019-01-21T23:48:17","guid":{"rendered":"http:\/\/mol.icb.usp.br\/?page_id=7242"},"modified":"2019-01-21T21:49:43","modified_gmt":"2019-01-21T23:49:43","slug":"16-14-tubo-digestivo","status":"publish","type":"page","link":"https:\/\/mol.icb.usp.br\/index.php\/16-14-tubo-digestivo\/","title":{"rendered":"16-14 Tubo digestivo"},"content":{"rendered":"<div class=\"su-row\">\n  <div class=\"su-column su-column-size-1-1\"><div class=\"su-column-inner su-u-clearfix su-u-trim\"> INTESTINO DELGADO \u2013 2 <\/div><\/div>\n<\/div>\n<div class=\"su-row\">\n  <div class=\"su-column su-column-size-1-2\"><div class=\"su-column-inner su-u-clearfix su-u-trim\"> <\/p>\n<p>Mucosa da regi\u00e3o do jejuno-ileo do intestino delgado<br \/>\nA imagem mostra a mucosa do intestino com suas caracter\u00edsticas <strong>vilosidades intestinais<\/strong> (ressaltadas em cor de rosa).<br \/>\nA l\u00e2mina pr\u00f3pria da mucosa contem gl\u00e2ndulas tubulosas, as <strong>gl\u00e2ndulas intestinais<\/strong> ou <strong>gl\u00e2ndulas de Lieberk\u00fchn<\/strong>, algumas ressaltadas em azul.<br \/>\nAs setas indicam que as gl\u00e2ndulas se abrem nos espa\u00e7os entre as vilosidades. <\/p>\n<\/div><\/div>\n  <div class=\"su-column su-column-size-1-2\"><div class=\"su-column-inner su-u-clearfix su-u-trim\"> <\/p>\n<div onclick>\n<div class=\"image-container\">\n<div class=\"extra\">\n<a href=\"javascript:void(0)\"><img decoding=\"async\" src=\" http:\/\/mol.icb.usp.br\/wp-content\/uploads\/16-14.jpg \" onmouseover=\"this.src=' http:\/\/mol.icb.usp.br\/wp-content\/uploads\/16-14-MO.jpg'\" onmouseout=\"this.src=' http:\/\/mol.icb.usp.br\/wp-content\/uploads\/16-14.jpg'\" \/><\/a><\/div>\n<p>Intestino delgado &#8211; jejuno-\u00edleo. Colora\u00e7\u00e3o: hematoxilina e eosina. Aumento pequeno.<\/p>\n<p><img decoding=\"async\" src=\"http:\/\/mol.icb.usp.br\/wp-content\/uploads\/mouse-1.gif\"\/><\/a><\/p>\n<div onclick=\"\"\n\n\n<\/p>\n<p><strong>Desktops e notebooks<\/strong> &#8211; Coloque o cursor sobre a imagem.<\/p>\n<p><strong>Tablets e telefones celulares &#8211; <\/strong>Clique sobre a figura para acessar outra imagem. Clique fora da figura para voltar \u00e0 primeira imagem.<\/p>\n<p><strong>NAVEGA\u00c7\u00c3O NO MOL:<\/strong><\/p>\n<p><a href=\"http:\/\/mol.icb.usp.br\/index.php\/16-13-tubo-digestivo\/\">ACESSAR P\u00c1GINA ANTERIOR<\/a><\/p>\n<p><a href=\"http:\/\/mol.icb.usp.br\/index.php\/16-15-tubo-digestivo\/\">ACESSAR P\u00c1GINA SEGUINTE<\/a>\n<\/div>\n<\/div>\n<\/div>\n<p><\/body><br \/>\n<\/html> <\/div><\/div>\n<\/div>\n","protected":false},"excerpt":{"rendered":"","protected":false},"author":2,"featured_media":0,"parent":0,"menu_order":0,"comment_status":"closed","ping_status":"closed","template":"","meta":{"_monsterinsights_skip_tracking":false,"_monsterinsights_sitenote_active":false,"_monsterinsights_sitenote_note":"","_monsterinsights_sitenote_category":0,"footnotes":""},"class_list":["post-7242","page","type-page","status-publish","hentry"],"_links":{"self":[{"href":"https:\/\/mol.icb.usp.br\/index.php\/wp-json\/wp\/v2\/pages\/7242"}],"collection":[{"href":"https:\/\/mol.icb.usp.br\/index.php\/wp-json\/wp\/v2\/pages"}],"about":[{"href":"https:\/\/mol.icb.usp.br\/index.php\/wp-json\/wp\/v2\/types\/page"}],"author":[{"embeddable":true,"href":"https:\/\/mol.icb.usp.br\/index.php\/wp-json\/wp\/v2\/users\/2"}],"replies":[{"embeddable":true,"href":"https:\/\/mol.icb.usp.br\/index.php\/wp-json\/wp\/v2\/comments?post=7242"}],"version-history":[{"count":3,"href":"https:\/\/mol.icb.usp.br\/index.php\/wp-json\/wp\/v2\/pages\/7242\/revisions"}],"predecessor-version":[{"id":7321,"href":"https:\/\/mol.icb.usp.br\/index.php\/wp-json\/wp\/v2\/pages\/7242\/revisions\/7321"}],"wp:attachment":[{"href":"https:\/\/mol.icb.usp.br\/index.php\/wp-json\/wp\/v2\/media?parent=7242"}],"curies":[{"name":"wp","href":"https:\/\/api.w.org\/{rel}","templated":true}]}}