{"id":7024,"date":"2019-01-14T22:34:58","date_gmt":"2019-01-15T00:34:58","guid":{"rendered":"http:\/\/mol.icb.usp.br\/?page_id=7024"},"modified":"2019-01-14T22:34:58","modified_gmt":"2019-01-15T00:34:58","slug":"15-16-pele","status":"publish","type":"page","link":"https:\/\/mol.icb.usp.br\/index.php\/15-16-pele\/","title":{"rendered":"15-16 Pele"},"content":{"rendered":"<div class=\"su-row\">\n<div class=\"su-column su-column-size-1-1\"><div class=\"su-column-inner su-u-clearfix su-u-trim\"> <strong>CORP\u00daSCULOS DE VATER-PACCINI <\/strong><\/div><\/div>\n<\/div>\n<div class=\"su-row\">\n<div class=\"su-column su-column-size-1-2\"><div class=\"su-column-inner su-u-clearfix su-u-trim\">\nOs corp\u00fasculos de Vater-Paccini s\u00e3o componentes do sistema de receptores sensoriais presentes na pele e em v\u00e1rios outros locais do corpo. S\u00e3o <strong>mecanoreceptores de press\u00e3o e de vibra\u00e7\u00f5es<\/strong>.<br \/>\nS\u00e3o formados por uma s\u00e9rie de delgadas l\u00e2minas conc\u00eantricas \u00e0 semelhan\u00e7a de uma cebola. No centro do corp\u00fasculo h\u00e1 uma <strong>termina\u00e7\u00e3o nervosa amiel\u00ednica<\/strong>. O corp\u00fasculo \u00e9 envolvido por uma camada de tecido conjuntivo.<\/p>\n<p>A imagem mostra dois desses corp\u00fasculos e a termina\u00e7\u00e3o nervosa central \u00e9 apontada por seta. Entre os corp\u00fasculos h\u00e1 pequenos nervos seccionados transversalmente.<\/p>\n<\/div><\/div>\n<div class=\"su-column su-column-size-1-2\"><div class=\"su-column-inner su-u-clearfix su-u-trim\">\n<p><img decoding=\"async\" src=\" http:\/\/mol.icb.usp.br\/wp-content\/uploads\/15-16.jpg \" \/><\/p>\n<p>Pele. Colora\u00e7\u00e3o: Hematoxilina e eosina. Aumento: pequeno.<\/p>\n<p>Para navegar no MOL, use os links ACESSAR P\u00c1GINA ANTERIOR e ACESSAR P\u00c1GINA SEGUINTE situados abaixo da figura.<\/p>\n<p><strong>NAVEGA\u00c7\u00c3O NO MOL:<\/strong><\/p>\n<p><a href=\"http:\/\/mol.icb.usp.br\/index.php\/15-15-pele\/\">ACESSAR P\u00c1GINA ANTERIOR<\/a><\/p>\n<p style=\"font-size:20px\"><strong>FIM DO M\u00d3DULO 15 &#8211;  PELE<\/strong> <\/p>\n<\/div><\/div>\n<\/div>\n","protected":false},"excerpt":{"rendered":"","protected":false},"author":2,"featured_media":0,"parent":0,"menu_order":0,"comment_status":"closed","ping_status":"closed","template":"","meta":{"_monsterinsights_skip_tracking":false,"_monsterinsights_sitenote_active":false,"_monsterinsights_sitenote_note":"","_monsterinsights_sitenote_category":0,"footnotes":""},"class_list":["post-7024","page","type-page","status-publish","hentry"],"_links":{"self":[{"href":"https:\/\/mol.icb.usp.br\/index.php\/wp-json\/wp\/v2\/pages\/7024"}],"collection":[{"href":"https:\/\/mol.icb.usp.br\/index.php\/wp-json\/wp\/v2\/pages"}],"about":[{"href":"https:\/\/mol.icb.usp.br\/index.php\/wp-json\/wp\/v2\/types\/page"}],"author":[{"embeddable":true,"href":"https:\/\/mol.icb.usp.br\/index.php\/wp-json\/wp\/v2\/users\/2"}],"replies":[{"embeddable":true,"href":"https:\/\/mol.icb.usp.br\/index.php\/wp-json\/wp\/v2\/comments?post=7024"}],"version-history":[{"count":2,"href":"https:\/\/mol.icb.usp.br\/index.php\/wp-json\/wp\/v2\/pages\/7024\/revisions"}],"predecessor-version":[{"id":7678,"href":"https:\/\/mol.icb.usp.br\/index.php\/wp-json\/wp\/v2\/pages\/7024\/revisions\/7678"}],"wp:attachment":[{"href":"https:\/\/mol.icb.usp.br\/index.php\/wp-json\/wp\/v2\/media?parent=7024"}],"curies":[{"name":"wp","href":"https:\/\/api.w.org\/{rel}","templated":true}]}}