{"id":7011,"date":"2019-01-14T22:10:10","date_gmt":"2019-01-15T00:10:10","guid":{"rendered":"http:\/\/mol.icb.usp.br\/?page_id=7011"},"modified":"2019-01-14T22:38:59","modified_gmt":"2019-01-15T00:38:59","slug":"15-12-pele","status":"publish","type":"page","link":"https:\/\/mol.icb.usp.br\/index.php\/15-12-pele\/","title":{"rendered":"15-12 Pele"},"content":{"rendered":"<div class=\"su-row\">\n  <div class=\"su-column su-column-size-1-1\"><div class=\"su-column-inner su-u-clearfix su-u-trim\"> GL\u00c2NDULAS SUDOR\u00cdPARAS \u2013 1 <\/div><\/div>\n<\/div>\n<div class=\"su-row\">\n  <div class=\"su-column su-column-size-1-2\"><div class=\"su-column-inner su-u-clearfix su-u-trim\"> As gl\u00e2ndulas sudor\u00edparas s\u00e3o <strong>gl\u00e2ndulas tubulosas enoveladas, n\u00e3o ramificadas<\/strong>. O esquema mostra a regi\u00e3o enovelada da gl\u00e2ndula na qual existe uma <strong>por\u00e7\u00e3o secretora<\/strong> e o in\u00edcio da <strong>por\u00e7\u00e3o condutora<\/strong> da gl\u00e2ndula. Esta \u00faltima se continua por um longo duto excretor que se dirige para a epiderme.<br \/>\nA imagem inferior \u00e9 uma sec\u00e7\u00e3o pela por\u00e7\u00e3o enovelada da gl\u00e2ndula evidenciando a por\u00e7\u00e3o secretora formada por c\u00e9lulas maiores, menos coradas e a por\u00e7\u00e3o condutora formada por c\u00e9lulas mais intensamente coradas.<br \/>\n<a href=\"http:\/\/mol.icb.usp.br\/index.php\/1-17-conceitos-basicos\/\" rel=\"noopener\" target=\"_blank\">Clique para ver outra imagem de gl\u00e2ndula sudor\u00edpara.<\/a> <\/p>\n<\/div><\/div>\n  <div class=\"su-column su-column-size-1-2\"><div class=\"su-column-inner su-u-clearfix su-u-trim\"> <\/p>\n<div onclick>\n<div class=\"image-container\">\n<div class=\"extra\">\n<img decoding=\"async\" src=\" http:\/\/mol.icb.usp.br\/wp-content\/uploads\/15-12-A.jpg \" \/><br \/>\n<a href=\"javascript:void(0)\"><img decoding=\"async\" src=\" \nhttp:\/\/mol.icb.usp.br\/wp-content\/uploads\/15-12-B.jpg \" onmouseover=\"this.src=' http:\/\/mol.icb.usp.br\/wp-content\/uploads\/15-12-B-MO.jpg'\" onmouseout=\"this.src=' http:\/\/mol.icb.usp.br\/wp-content\/uploads\/15-12-B.jpg'\" \/><\/a><\/div>\n<p>Pele. Colora\u00e7\u00e3o: hematoxilina e eosina. Aumento pequeno.<\/p>\n<p><img decoding=\"async\" src=\"http:\/\/mol.icb.usp.br\/wp-content\/uploads\/mouse-1.gif\"\/><\/a><\/p>\n<div onclick=\"\"><strong>Tablets e telefones celulares:<\/strong><br \/>\nClique sobre a figura para acessar outra imagem. Clique fora da figura para voltar \u00e0 primeira imagem.<\/p>\n<p>Para navegar no MOL, use os links ACESSAR P\u00c1GINA ANTERIOR e ACESSAR P\u00c1GINA SEGUINTE situados abaixo da figura.<\/p>\n<p><strong>NAVEGA\u00c7\u00c3O NO MOL:<\/strong><\/p>\n<p><a href=\"http:\/\/mol.icb.usp.br\/index.php\/15-11-pele\/\">ACESSAR P\u00c1GINA ANTERIOR<\/a><\/p>\n<p><a href=\"http:\/\/mol.icb.usp.br\/index.php\/15-13-pele\/\">ACESSAR P\u00c1GINA SEGUINTE<\/a>\n<\/div>\n<\/div>\n<\/div>\n<p><\/body><br \/>\n<\/html> <\/div><\/div>\n<\/div>\n","protected":false},"excerpt":{"rendered":"","protected":false},"author":2,"featured_media":0,"parent":0,"menu_order":0,"comment_status":"closed","ping_status":"closed","template":"","meta":{"_monsterinsights_skip_tracking":false,"_monsterinsights_sitenote_active":false,"_monsterinsights_sitenote_note":"","_monsterinsights_sitenote_category":0,"footnotes":""},"class_list":["post-7011","page","type-page","status-publish","hentry"],"_links":{"self":[{"href":"https:\/\/mol.icb.usp.br\/index.php\/wp-json\/wp\/v2\/pages\/7011"}],"collection":[{"href":"https:\/\/mol.icb.usp.br\/index.php\/wp-json\/wp\/v2\/pages"}],"about":[{"href":"https:\/\/mol.icb.usp.br\/index.php\/wp-json\/wp\/v2\/types\/page"}],"author":[{"embeddable":true,"href":"https:\/\/mol.icb.usp.br\/index.php\/wp-json\/wp\/v2\/users\/2"}],"replies":[{"embeddable":true,"href":"https:\/\/mol.icb.usp.br\/index.php\/wp-json\/wp\/v2\/comments?post=7011"}],"version-history":[{"count":5,"href":"https:\/\/mol.icb.usp.br\/index.php\/wp-json\/wp\/v2\/pages\/7011\/revisions"}],"predecessor-version":[{"id":7037,"href":"https:\/\/mol.icb.usp.br\/index.php\/wp-json\/wp\/v2\/pages\/7011\/revisions\/7037"}],"wp:attachment":[{"href":"https:\/\/mol.icb.usp.br\/index.php\/wp-json\/wp\/v2\/media?parent=7011"}],"curies":[{"name":"wp","href":"https:\/\/api.w.org\/{rel}","templated":true}]}}