{"id":6988,"date":"2019-01-14T17:25:24","date_gmt":"2019-01-14T19:25:24","guid":{"rendered":"http:\/\/mol.icb.usp.br\/?page_id=6988"},"modified":"2019-01-14T22:41:20","modified_gmt":"2019-01-15T00:41:20","slug":"15-8-pele","status":"publish","type":"page","link":"https:\/\/mol.icb.usp.br\/index.php\/15-8-pele\/","title":{"rendered":"15-8 Pele"},"content":{"rendered":"<div class=\"su-row\">\n<div class=\"su-column su-column-size-1-1\"><div class=\"su-column-inner su-u-clearfix su-u-trim\"> <strong>PELE FINA <\/strong><\/div><\/div>\n<\/div>\n<div class=\"su-row\">\n<div class=\"su-column su-column-size-1-2\"><div class=\"su-column-inner su-u-clearfix su-u-trim\">\nAs duas imagens s\u00e3o de pele fina. \u00c9 a pele que recobre a maior parte do corpo. A pele mais delgada \u00e9 encontrada em regi\u00f5es menos sujeitas a atrito como p. ex. nas p\u00e1lpebras e orelhas.<br \/>\nA epiderme \u00e9 mais delgada que da pele espessa e o estrato predominante \u00e9 o espinhoso. Os estratos estrato granuloso e c\u00f3rneo s\u00e3o delgados. Observe a descama\u00e7\u00e3o das escamas c\u00f3rneas no \u00faltimo estrato.<br \/>\nNa imagem inferior h\u00e1 c\u00e9lulas contendo gr\u00e2nulos castanhos (apontadas por setas). S\u00e3o <strong>melan\u00f3citos<\/strong>, c\u00e9lulas produtoras do pigmento melanina.<br \/>\nEste pigmento \u00e9 depositado nas c\u00e9lulas das camadas superiores e pela migra\u00e7\u00e3o \u00e9 eliminado juntamente com a descama\u00e7\u00e3o das escamas c\u00f3rneas.<\/p>\n<\/div><\/div>\n<div class=\"su-column su-column-size-1-2\"><div class=\"su-column-inner su-u-clearfix su-u-trim\">\n<p><img decoding=\"async\" src=\" http:\/\/mol.icb.usp.br\/wp-content\/uploads\/15-8.jpg \" \/><\/p>\n<p>Pele fina. Colora\u00e7\u00e3o: Hematoxilina e eosina. Aumento: pequeno.<\/p>\n<p>Para navegar no MOL, use os links ACESSAR P\u00c1GINA ANTERIOR e ACESSAR P\u00c1GINA SEGUINTE situados abaixo da figura.<\/p>\n<p><strong>NAVEGA\u00c7\u00c3O NO MOL:<\/strong><\/p>\n<p><a href=\"http:\/\/mol.icb.usp.br\/index.php\/15-7-pele\/\">ACESSAR P\u00c1GINA ANTERIOR<\/a><\/p>\n<p><a href=\"http:\/\/mol.icb.usp.br\/index.php\/15-9-pele\/\">ACESSAR P\u00c1GINA SEGUINTE<\/a><br \/>\n<\/div><\/div>\n<\/div>\n","protected":false},"excerpt":{"rendered":"","protected":false},"author":2,"featured_media":0,"parent":0,"menu_order":0,"comment_status":"closed","ping_status":"closed","template":"","meta":{"_monsterinsights_skip_tracking":false,"_monsterinsights_sitenote_active":false,"_monsterinsights_sitenote_note":"","_monsterinsights_sitenote_category":0,"footnotes":""},"class_list":["post-6988","page","type-page","status-publish","hentry"],"_links":{"self":[{"href":"https:\/\/mol.icb.usp.br\/index.php\/wp-json\/wp\/v2\/pages\/6988"}],"collection":[{"href":"https:\/\/mol.icb.usp.br\/index.php\/wp-json\/wp\/v2\/pages"}],"about":[{"href":"https:\/\/mol.icb.usp.br\/index.php\/wp-json\/wp\/v2\/types\/page"}],"author":[{"embeddable":true,"href":"https:\/\/mol.icb.usp.br\/index.php\/wp-json\/wp\/v2\/users\/2"}],"replies":[{"embeddable":true,"href":"https:\/\/mol.icb.usp.br\/index.php\/wp-json\/wp\/v2\/comments?post=6988"}],"version-history":[{"count":4,"href":"https:\/\/mol.icb.usp.br\/index.php\/wp-json\/wp\/v2\/pages\/6988\/revisions"}],"predecessor-version":[{"id":7045,"href":"https:\/\/mol.icb.usp.br\/index.php\/wp-json\/wp\/v2\/pages\/6988\/revisions\/7045"}],"wp:attachment":[{"href":"https:\/\/mol.icb.usp.br\/index.php\/wp-json\/wp\/v2\/media?parent=6988"}],"curies":[{"name":"wp","href":"https:\/\/api.w.org\/{rel}","templated":true}]}}