{"id":6979,"date":"2019-01-14T17:10:33","date_gmt":"2019-01-14T19:10:33","guid":{"rendered":"http:\/\/mol.icb.usp.br\/?page_id=6979"},"modified":"2019-02-07T16:01:54","modified_gmt":"2019-02-07T18:01:54","slug":"15-6-pele","status":"publish","type":"page","link":"https:\/\/mol.icb.usp.br\/index.php\/15-6-pele\/","title":{"rendered":"15-6 Pele"},"content":{"rendered":"<div class=\"su-row\">\n<div class=\"su-column su-column-size-1-1\"><div class=\"su-column-inner su-u-clearfix su-u-trim\"> <strong>ESTRATOS DA EPIDERME \u2013 2 <\/strong><\/div><\/div>\n<\/div>\n<div class=\"su-row\">\n<div class=\"su-column su-column-size-1-2\"><div class=\"su-column-inner su-u-clearfix su-u-trim\">\nAs c\u00e9lulas do estrato basal s\u00e3o cuboides (n\u00e3o est\u00e3o presentes na imagem).<\/p>\n<p>\u00c0 medida que migram para a superf\u00edcie as c\u00e9lulas se tornam alongadas e constituem o <strong>estrato espinhoso<\/strong>. Observe a forma das c\u00e9lulas e a forma levemente el\u00edptica dos seus n\u00facleos. Observe tamb\u00e9m um espa\u00e7o claro em torno das c\u00e9lulas, que ser\u00e1 melhor detalhado na pr\u00f3xima p\u00e1gina.<\/p>\n<p>No citoplasma das c\u00e9lulas do <strong>estrato granuloso<\/strong> acumulam-se gr\u00e2nulos escuros. Veja detalhe dessas c\u00e9lulas na imagem inferior.<br \/>\nO <strong>estrato c\u00f3rneo<\/strong> \u00e9 o mais superficial, formado por delgadas escamas c\u00f3rneas resultantes da migra\u00e7\u00e3o e morte das c\u00e9lulas do estrato granuloso.<\/p>\n<\/div><\/div>\n<div class=\"su-column su-column-size-1-2\"><div class=\"su-column-inner su-u-clearfix su-u-trim\">\n<p><img decoding=\"async\" src=\" http:\/\/mol.icb.usp.br\/wp-content\/uploads\/15-6.jpg \" \/><\/p>\n<p>Pele espessa. Colora\u00e7\u00e3o: Hematoxilina e eosina. Aumento: grande.<\/p>\n<p><img decoding=\"async\" src=\" http:\/\/mol.icb.usp.br\/wp-content\/uploads\/15-6-B.jpg \" \/><\/p>\n<p>Pele espessa. Colora\u00e7\u00e3o: Hematoxilina e eosina. Aumento: grande.<\/p>\n<p>Para navegar no MOL, use os links ACESSAR P\u00c1GINA ANTERIOR e ACESSAR P\u00c1GINA SEGUINTE situados abaixo da figura.<\/p>\n<p><strong>NAVEGA\u00c7\u00c3O NO MOL:<\/strong><\/p>\n<p><a href=\"http:\/\/mol.icb.usp.br\/index.php\/15-5-pele\/\">ACESSAR P\u00c1GINA ANTERIOR<\/a><\/p>\n<p><a href=\"http:\/\/mol.icb.usp.br\/index.php\/15-7-pele\/\">ACESSAR P\u00c1GINA SEGUINTE<\/a><br \/>\n<\/div><\/div>\n<\/div>\n","protected":false},"excerpt":{"rendered":"","protected":false},"author":2,"featured_media":0,"parent":0,"menu_order":0,"comment_status":"closed","ping_status":"closed","template":"","meta":{"_monsterinsights_skip_tracking":false,"_monsterinsights_sitenote_active":false,"_monsterinsights_sitenote_note":"","_monsterinsights_sitenote_category":0,"footnotes":""},"class_list":["post-6979","page","type-page","status-publish","hentry"],"_links":{"self":[{"href":"https:\/\/mol.icb.usp.br\/index.php\/wp-json\/wp\/v2\/pages\/6979"}],"collection":[{"href":"https:\/\/mol.icb.usp.br\/index.php\/wp-json\/wp\/v2\/pages"}],"about":[{"href":"https:\/\/mol.icb.usp.br\/index.php\/wp-json\/wp\/v2\/types\/page"}],"author":[{"embeddable":true,"href":"https:\/\/mol.icb.usp.br\/index.php\/wp-json\/wp\/v2\/users\/2"}],"replies":[{"embeddable":true,"href":"https:\/\/mol.icb.usp.br\/index.php\/wp-json\/wp\/v2\/comments?post=6979"}],"version-history":[{"count":6,"href":"https:\/\/mol.icb.usp.br\/index.php\/wp-json\/wp\/v2\/pages\/6979\/revisions"}],"predecessor-version":[{"id":7683,"href":"https:\/\/mol.icb.usp.br\/index.php\/wp-json\/wp\/v2\/pages\/6979\/revisions\/7683"}],"wp:attachment":[{"href":"https:\/\/mol.icb.usp.br\/index.php\/wp-json\/wp\/v2\/media?parent=6979"}],"curies":[{"name":"wp","href":"https:\/\/api.w.org\/{rel}","templated":true}]}}