{"id":6926,"date":"2019-01-14T16:36:41","date_gmt":"2019-01-14T18:36:41","guid":{"rendered":"http:\/\/mol.icb.usp.br\/?page_id=6926"},"modified":"2020-06-18T15:54:44","modified_gmt":"2020-06-18T18:54:44","slug":"15-3-pele","status":"publish","type":"page","link":"https:\/\/mol.icb.usp.br\/index.php\/15-3-pele\/","title":{"rendered":"15-3 Pele"},"content":{"rendered":"<div class=\"su-row\">\n<div class=\"su-column su-column-size-1-1\"><div class=\"su-column-inner su-u-clearfix su-u-trim\"> <strong>DIFEREN\u00c7AS ENTRE PELE ESPESSA E PELE FINA<\/strong> <\/div><\/div>\n<\/div>\n<div class=\"su-row\">\n<div class=\"su-column su-column-size-1-2\"><div class=\"su-column-inner su-u-clearfix su-u-trim\"> <strong>Pele espessa<\/strong><br \/>\nVeja a figura superior.<br \/>\nA pele espessa \u00e9 tipicamente encontrada na sola dos p\u00e9s, palma das m\u00e3o, cotovelos e joelhos.<br \/>\nPossui uma <strong>epiderme espessa<\/strong>, formada por muitas camadas de c\u00e9lulas (epiderme destacada em verde claro) e um espesso estrato c\u00f3rneo (em verde escuro). Veja a figura superior.<br \/>\nOs v\u00e1rios estratos s\u00e3o geralmente bem definidos e reconhecidos.<br \/>\nA <strong>derme<\/strong> tamb\u00e9m \u00e9 espessa. \u00c9 constitu\u00edda de tecido conjuntivo denso n\u00e3o modelado e apresenta gl\u00e2ndulas sudor\u00edparas (destacadas em azul escuro), por\u00e9m n\u00e3o apresenta fol\u00edculos pilosos, pelos e nem gl\u00e2ndulas seb\u00e1ceas.<\/p>\n<p><strong>Pele fina<\/strong><br \/>\nVeja a figura inferior.<br \/>\nA <strong>epiderme \u00e9 delgada<\/strong>, com poucas camadas de c\u00e9lulas (destacada em verde claro) e estrato c\u00f3rneo igualmente delgado \u2013 destacado em verde escuro. O estrato espinhoso e principalmente o estrato granuloso s\u00e3o delgados e \u00e0s vezes dif\u00edceis de serem percebidos.<br \/>\nA <strong>derme<\/strong> constitu\u00edda de tecido conjuntivo denso n\u00e3o modelado \u00e9 delgada, com gl\u00e2ndulas sudor\u00edparas (em azul escuro), gl\u00e2ndulas seb\u00e1ceas (em azul claro) e fol\u00edculos pilosos (em bege). Note que as gl\u00e2ndulas seb\u00e1ceas est\u00e3o associadas aos fol\u00edculos pilosos.<\/p>\n<\/div><\/div>\n  <div class=\"su-column su-column-size-1-2\"><div class=\"su-column-inner su-u-clearfix su-u-trim\"> <\/p>\n<div onclick>\n<div class=\"image-container\">\n<div class=\"extra\">\n<a href=\"javascript:void(0)\"><img decoding=\"async\" src=\" http:\/\/mol.icb.usp.br\/wp-content\/uploads\/15-3-A.jpg \" onmouseover=\"this.src=' http:\/\/mol.icb.usp.br\/wp-content\/uploads\/15-3-A-MO.jpg'\" onmouseout=\"this.src=' http:\/\/mol.icb.usp.br\/wp-content\/uploads\/15-3-A.jpg'\" \/><\/a><\/div>\n<p>Pele espessa. Colora\u00e7\u00e3o: hematoxilina e eosina. Vista panor\u00e2mica.<br \/>\n<img decoding=\"async\" src=\"http:\/\/mol.icb.usp.br\/wp-content\/uploads\/mouse-1.gif\"\/><\/a><\/p>\n<div class=\"extra\">\n<a href=\"javascript:void(0)\"><img decoding=\"async\" src=\" http:\/\/mol.icb.usp.br\/wp-content\/uploads\/15-3-B.jpg \" onmouseover=\"this.src=' http:\/\/mol.icb.usp.br\/wp-content\/uploads\/15-3-B-MO.jpg'\" onmouseout=\"this.src=' http:\/\/mol.icb.usp.br\/wp-content\/uploads\/15-3-B.jpg'\" \/><\/a><\/div>\n<p>Pele fina. Colora\u00e7\u00e3o: hematoxilina e eosina. Vista panor\u00e2mica.<\/p>\n<p><img decoding=\"async\" src=\"http:\/\/mol.icb.usp.br\/wp-content\/uploads\/mouse-1.gif\" \/><\/p>\n<div><strong>Tablets e telefones celulares:<\/strong><br \/>\nClique sobre a figura para acessar outra imagem. Clique fora da figura para voltar \u00e0 primeira imagem.<br \/>\nPara navegar no MOL, use os links ACESSAR P\u00c1GINA ANTERIOR e ACESSAR P\u00c1GINA SEGUINTE situados abaixo da figura.<\/p>\n<p><strong>NAVEGA\u00c7\u00c3O NO MOL:<\/strong><\/p>\n<p><a href=\"http:\/\/mol.icb.usp.br\/index.php\/15-2-pele\/\">ACESSAR P\u00c1GINA ANTERIOR<\/a><\/p>\n<p><a href=\"http:\/\/mol.icb.usp.br\/index.php\/15-4-pele\/\">ACESSAR P\u00c1GINA SEGUINTE<\/a><\/p>\n<\/div>\n<\/div>\n<\/div>\n<\/div><\/div>\n<\/div>\n","protected":false},"excerpt":{"rendered":"","protected":false},"author":2,"featured_media":0,"parent":0,"menu_order":0,"comment_status":"closed","ping_status":"closed","template":"","meta":{"_monsterinsights_skip_tracking":false,"_monsterinsights_sitenote_active":false,"_monsterinsights_sitenote_note":"","_monsterinsights_sitenote_category":0,"footnotes":""},"class_list":["post-6926","page","type-page","status-publish","hentry"],"_links":{"self":[{"href":"https:\/\/mol.icb.usp.br\/index.php\/wp-json\/wp\/v2\/pages\/6926"}],"collection":[{"href":"https:\/\/mol.icb.usp.br\/index.php\/wp-json\/wp\/v2\/pages"}],"about":[{"href":"https:\/\/mol.icb.usp.br\/index.php\/wp-json\/wp\/v2\/types\/page"}],"author":[{"embeddable":true,"href":"https:\/\/mol.icb.usp.br\/index.php\/wp-json\/wp\/v2\/users\/2"}],"replies":[{"embeddable":true,"href":"https:\/\/mol.icb.usp.br\/index.php\/wp-json\/wp\/v2\/comments?post=6926"}],"version-history":[{"count":8,"href":"https:\/\/mol.icb.usp.br\/index.php\/wp-json\/wp\/v2\/pages\/6926\/revisions"}],"predecessor-version":[{"id":8811,"href":"https:\/\/mol.icb.usp.br\/index.php\/wp-json\/wp\/v2\/pages\/6926\/revisions\/8811"}],"wp:attachment":[{"href":"https:\/\/mol.icb.usp.br\/index.php\/wp-json\/wp\/v2\/media?parent=6926"}],"curies":[{"name":"wp","href":"https:\/\/api.w.org\/{rel}","templated":true}]}}