{"id":6925,"date":"2019-01-14T16:25:14","date_gmt":"2019-01-14T18:25:14","guid":{"rendered":"http:\/\/mol.icb.usp.br\/?page_id=6925"},"modified":"2019-01-14T22:44:56","modified_gmt":"2019-01-15T00:44:56","slug":"15-2-pele","status":"publish","type":"page","link":"https:\/\/mol.icb.usp.br\/index.php\/15-2-pele\/","title":{"rendered":"15-2 Pele"},"content":{"rendered":"<p><strong>ESTRUTURA DA EPIDERME <\/strong><\/p>\n<p>O <strong>epit\u00e9lio estratificado pavimentoso queratinizado da epiderme<\/strong> pode ser didaticamente dividido em quatro regi\u00f5es, da regi\u00e3o mais profunda para a regi\u00e3o mais superficial:<br \/>\n1 \u2013 a regi\u00e3o mais profunda, apoiada sobre a l\u00e2mina basal, \u00e9 o <strong>estrato basal<\/strong> ou <strong>estrato germinativo<\/strong>.<br \/>\n2 \u2013 o segundo estrato \u00e9 denominado <strong>espinhoso<\/strong>, formado por c\u00e9lulas achatadas.<br \/>\n3 \u2013 o <strong>estrato granuloso<\/strong> \u00e9 formado por c\u00e9lulas que possuem gr\u00e2nulos escuros no citoplasma.<br \/>\n4 \u2013 o <strong>estrato c\u00f3rneo<\/strong> \u00e9 formado por restos de c\u00e9lulas mortas, cujo citoplasma \u00e9 preenchido por prote\u00ednas denominadas queratinas, constituindo delgadas l\u00e2minas c\u00f3rneas. <\/p>\n<p>Esta sequ\u00eancia de estratos \u00e9 facilmente reconhecida no tipo de pelo denominado <strong>pele espessa<\/strong>. A estrutura da epiderme da pele mais delgada, chamada <strong>pele fina<\/strong>, \u00e9 mais simplificada e estes estratos nem sempre s\u00e3o facilmente reconhecidos em cortes histol\u00f3gicos.<br \/>\nOs estratos n\u00e3o t\u00eam limites n\u00edtidos, pois as c\u00e9lulas de um se transformam gradativamente nas c\u00e9lulas do estrato seguinte, mais pr\u00f3ximo \u00e0 superf\u00edcie. <\/p>\n<p>Erros? Texto pouco claro? Sugest\u00f5es?<br \/>\nComunique-se com os autores:<br \/>\nHistologia Geral e Especial- <a href=\"mailto:pabrahamsohn@uol.com.br\">pabrahamsohn@uol.com.br<\/a><br \/>\nHistologia Oral: &#8211; <a href=\"mailto:vfreitas3d@gmail.com\">vfreitas3d@gmail.com<\/a><\/p>\n<p><strong>NAVEGA\u00c7\u00c3O NO MOL:<\/strong><\/p>\n<p><a href=\"http:\/\/mol.icb.usp.br\/index.php\/15-1-pele\/\">ACESSAR P\u00c1GINA ANTERIOR<\/a><\/p>\n<p><a href=\"http:\/\/mol.icb.usp.br\/index.php\/15-3-pele\/\">ACESSAR P\u00c1GINA SEGUINTE<\/a><\/p>\n","protected":false},"excerpt":{"rendered":"<p>ESTRUTURA DA EPIDERME O epit\u00e9lio estratificado pavimentoso queratinizado da epiderme pode ser didaticamente dividido em quatro regi\u00f5es, da regi\u00e3o mais profunda para a regi\u00e3o mais superficial: 1 \u2013 a regi\u00e3o mais profunda, apoiada sobre a l\u00e2mina basal, \u00e9 o estrato basal ou estrato germinativo. 2 \u2013 o segundo estrato \u00e9 denominado espinhoso, formado por c\u00e9lulas [&hellip;]<\/p>\n","protected":false},"author":2,"featured_media":0,"parent":0,"menu_order":0,"comment_status":"closed","ping_status":"closed","template":"","meta":{"_monsterinsights_skip_tracking":false,"_monsterinsights_sitenote_active":false,"_monsterinsights_sitenote_note":"","_monsterinsights_sitenote_category":0,"footnotes":""},"class_list":["post-6925","page","type-page","status-publish","hentry"],"_links":{"self":[{"href":"https:\/\/mol.icb.usp.br\/index.php\/wp-json\/wp\/v2\/pages\/6925"}],"collection":[{"href":"https:\/\/mol.icb.usp.br\/index.php\/wp-json\/wp\/v2\/pages"}],"about":[{"href":"https:\/\/mol.icb.usp.br\/index.php\/wp-json\/wp\/v2\/types\/page"}],"author":[{"embeddable":true,"href":"https:\/\/mol.icb.usp.br\/index.php\/wp-json\/wp\/v2\/users\/2"}],"replies":[{"embeddable":true,"href":"https:\/\/mol.icb.usp.br\/index.php\/wp-json\/wp\/v2\/comments?post=6925"}],"version-history":[{"count":4,"href":"https:\/\/mol.icb.usp.br\/index.php\/wp-json\/wp\/v2\/pages\/6925\/revisions"}],"predecessor-version":[{"id":7057,"href":"https:\/\/mol.icb.usp.br\/index.php\/wp-json\/wp\/v2\/pages\/6925\/revisions\/7057"}],"wp:attachment":[{"href":"https:\/\/mol.icb.usp.br\/index.php\/wp-json\/wp\/v2\/media?parent=6925"}],"curies":[{"name":"wp","href":"https:\/\/api.w.org\/{rel}","templated":true}]}}