{"id":6924,"date":"2019-01-14T16:16:50","date_gmt":"2019-01-14T18:16:50","guid":{"rendered":"http:\/\/mol.icb.usp.br\/?page_id=6924"},"modified":"2019-01-14T22:45:44","modified_gmt":"2019-01-15T00:45:44","slug":"15-1-pele","status":"publish","type":"page","link":"https:\/\/mol.icb.usp.br\/index.php\/15-1-pele\/","title":{"rendered":"15-1 Pele"},"content":{"rendered":"<p><strong>CARACTER\u00cdSTICAS HISTOL\u00d3GICAS DA PELE  <\/strong><\/p>\n<p>A pele \u00e9 composta pela <strong>epiderme<\/strong> e pela <strong>derme<\/strong>.<br \/>\nA <strong>epiderme<\/strong> \u00e9 um <strong>epit\u00e9lio estratificado pavimentoso corneificado<\/strong> (tamb\u00e9m chamado queratinizado). As c\u00e9lulas das v\u00e1rias camadas que formam este tipo de epit\u00e9lio t\u00eam formas diferentes.<br \/>\nAs c\u00e9lulas mais basais (apoiadas sobre a membrana basal que separa o epit\u00e9lio do tecido conjuntivo da derme) s\u00e3o cuboides ou poli\u00e9dricas. \u00c0 medida que migram para a superf\u00edcie do epit\u00e9lio se tornam achatadas. Em seguida entram em um processo de morte celular e se transformam em delgadas l\u00e2minas de queratina que descamam regularmente.<br \/>\n<a href=\"http:\/\/mol.icb.usp.br\/index.php\/2-19-tecido-epitelial-de-revestimento\/\" rel=\"noopener\" target=\"_blank\">Clique se quiser recordar este tipo de epit\u00e9lio.<\/a><br \/>\nA <strong>derme<\/strong> \u00e9 formada por um <strong>tecido conjuntivo denso n\u00e3o modelado<\/strong>. Ela se apoia sobre um tecido conjuntivo rico em tecido adiposo denominado <strong>hipoderme<\/strong>.<br \/>\nNeste m\u00f3dulo ser\u00e3o tamb\u00e9m apresentados outros componentes da pele: pelos, gl\u00e2ndulas e elementos sensoriais do sistema nervoso. <\/p>\n<p>Erros? Texto pouco claro? Sugest\u00f5es?<br \/>\nComunique-se com os autores:<br \/>\nHistologia Geral e Especial- <a href=\"mailto:pabrahamsohn@uol.com.br\">pabrahamsohn@uol.com.br<\/a><br \/>\nHistologia Oral: &#8211; <a href=\"mailto:vfreitas3d@gmail.com\">vfreitas3d@gmail.com<\/a><\/p>\n<p><strong>NAVEGA\u00c7\u00c3O NO MOL:<\/strong><\/p>\n<p><a href=\"http:\/\/mol.icb.usp.br\/index.php\/15-2-pele\/\">ACESSAR P\u00c1GINA SEGUINTE<\/a><\/p>\n","protected":false},"excerpt":{"rendered":"<p>CARACTER\u00cdSTICAS HISTOL\u00d3GICAS DA PELE A pele \u00e9 composta pela epiderme e pela derme. A epiderme \u00e9 um epit\u00e9lio estratificado pavimentoso corneificado (tamb\u00e9m chamado queratinizado). As c\u00e9lulas das v\u00e1rias camadas que formam este tipo de epit\u00e9lio t\u00eam formas diferentes. As c\u00e9lulas mais basais (apoiadas sobre a membrana basal que separa o epit\u00e9lio do tecido conjuntivo da [&hellip;]<\/p>\n","protected":false},"author":2,"featured_media":0,"parent":0,"menu_order":0,"comment_status":"closed","ping_status":"closed","template":"","meta":{"_monsterinsights_skip_tracking":false,"_monsterinsights_sitenote_active":false,"_monsterinsights_sitenote_note":"","_monsterinsights_sitenote_category":0,"footnotes":""},"class_list":["post-6924","page","type-page","status-publish","hentry"],"_links":{"self":[{"href":"https:\/\/mol.icb.usp.br\/index.php\/wp-json\/wp\/v2\/pages\/6924"}],"collection":[{"href":"https:\/\/mol.icb.usp.br\/index.php\/wp-json\/wp\/v2\/pages"}],"about":[{"href":"https:\/\/mol.icb.usp.br\/index.php\/wp-json\/wp\/v2\/types\/page"}],"author":[{"embeddable":true,"href":"https:\/\/mol.icb.usp.br\/index.php\/wp-json\/wp\/v2\/users\/2"}],"replies":[{"embeddable":true,"href":"https:\/\/mol.icb.usp.br\/index.php\/wp-json\/wp\/v2\/comments?post=6924"}],"version-history":[{"count":3,"href":"https:\/\/mol.icb.usp.br\/index.php\/wp-json\/wp\/v2\/pages\/6924\/revisions"}],"predecessor-version":[{"id":7058,"href":"https:\/\/mol.icb.usp.br\/index.php\/wp-json\/wp\/v2\/pages\/6924\/revisions\/7058"}],"wp:attachment":[{"href":"https:\/\/mol.icb.usp.br\/index.php\/wp-json\/wp\/v2\/media?parent=6924"}],"curies":[{"name":"wp","href":"https:\/\/api.w.org\/{rel}","templated":true}]}}