{"id":6867,"date":"2019-01-07T12:04:52","date_gmt":"2019-01-07T14:04:52","guid":{"rendered":"http:\/\/mol.icb.usp.br\/?page_id=6867"},"modified":"2024-09-25T21:06:58","modified_gmt":"2024-09-26T00:06:58","slug":"15-0-pele","status":"publish","type":"page","link":"https:\/\/mol.icb.usp.br\/index.php\/15-0-pele\/","title":{"rendered":"15-0 Pele"},"content":{"rendered":"<p>PELE<\/p>\n<p>OBJETIVOS DESTE M\u00d3DULO:<\/p>\n<p>Apresentar as caracter\u00edsticas histol\u00f3gicas da pele espessa e pele fina incluindo os pelos, gl\u00e2ndulas sudor\u00edparas, gl\u00e2ndulas seb\u00e1ceas e alguns componentes do sistema sensorial da pele.<\/p>\n<p>Este m\u00f3dulo \u00e9 composto de 16 p\u00e1ginas.<\/p>\n<p><a href=\"http:\/\/mol.icb.usp.br\/index.php\/15-1-pele\/\">ENTRE NO IN\u00cdCIO DO M\u00d3DULO 15<\/a><br \/>\nou<br \/>\nCLIQUE NOS LINKS PARA ABRIR OS T\u00d3PICOS PRINCIPAIS:<\/p>\n<p><a href=\"http:\/\/mol.icb.usp.br\/index.php\/15-1-pele\/\">Caracter\u00edsticas gerais da pele <\/a><br \/>\n<a href=\"http:\/\/mol.icb.usp.br\/index.php\/15-3-pele\/\">Diferen\u00e7as entre pele espessa e pele fina<\/a><br \/>\n<a href=\"http:\/\/mol.icb.usp.br\/index.php\/15-5-pele\/\">Estratos da epiderme<\/a><br \/>\n<a href=\"http:\/\/mol.icb.usp.br\/index.php\/15-10-pele\/\">Fol\u00edculo piloso<\/a><br \/>\n<a href=\"http:\/\/mol.icb.usp.br\/index.php\/15-12-pele\/\">Gl\u00e2ndulas sudor\u00edparas<\/a><br \/>\n<a href=\"http:\/\/mol.icb.usp.br\/index.php\/15-14-pele\/\">Gl\u00e2ndulas seb\u00e1ceas<\/a><br \/>\n<a href=\"http:\/\/mol.icb.usp.br\/index.php\/15-15-pele\/\">Receptores sensoriais <\/a><\/p>\n<p>Erros? Texto pouco claro? Sugest\u00f5es?<br \/>\nComunique-se com os autores:<br \/>\nHistologia Geral e Especial- <a href=\"mailto:pabrahamsohn@uol.com.br\">pabrahamsohn@uol.com.br<\/a><br \/>\nHistologia Oral: &#8211; <a href=\"mailto:vfreitas3d@gmail.com\">vfreitas3d@gmail.com<\/a><\/p>\n","protected":false},"excerpt":{"rendered":"<p>PELE OBJETIVOS DESTE M\u00d3DULO: Apresentar as caracter\u00edsticas histol\u00f3gicas da pele espessa e pele fina incluindo os pelos, gl\u00e2ndulas sudor\u00edparas, gl\u00e2ndulas seb\u00e1ceas e alguns componentes do sistema sensorial da pele. Este m\u00f3dulo \u00e9 composto de 16 p\u00e1ginas. ENTRE NO IN\u00cdCIO DO M\u00d3DULO 15 ou CLIQUE NOS LINKS PARA ABRIR OS T\u00d3PICOS PRINCIPAIS: Caracter\u00edsticas gerais da pele [&hellip;]<\/p>\n","protected":false},"author":2,"featured_media":0,"parent":0,"menu_order":0,"comment_status":"closed","ping_status":"closed","template":"","meta":{"_monsterinsights_skip_tracking":false,"_monsterinsights_sitenote_active":false,"_monsterinsights_sitenote_note":"","_monsterinsights_sitenote_category":0,"footnotes":""},"class_list":["post-6867","page","type-page","status-publish","hentry"],"_links":{"self":[{"href":"https:\/\/mol.icb.usp.br\/index.php\/wp-json\/wp\/v2\/pages\/6867"}],"collection":[{"href":"https:\/\/mol.icb.usp.br\/index.php\/wp-json\/wp\/v2\/pages"}],"about":[{"href":"https:\/\/mol.icb.usp.br\/index.php\/wp-json\/wp\/v2\/types\/page"}],"author":[{"embeddable":true,"href":"https:\/\/mol.icb.usp.br\/index.php\/wp-json\/wp\/v2\/users\/2"}],"replies":[{"embeddable":true,"href":"https:\/\/mol.icb.usp.br\/index.php\/wp-json\/wp\/v2\/comments?post=6867"}],"version-history":[{"count":9,"href":"https:\/\/mol.icb.usp.br\/index.php\/wp-json\/wp\/v2\/pages\/6867\/revisions"}],"predecessor-version":[{"id":7062,"href":"https:\/\/mol.icb.usp.br\/index.php\/wp-json\/wp\/v2\/pages\/6867\/revisions\/7062"}],"wp:attachment":[{"href":"https:\/\/mol.icb.usp.br\/index.php\/wp-json\/wp\/v2\/media?parent=6867"}],"curies":[{"name":"wp","href":"https:\/\/api.w.org\/{rel}","templated":true}]}}