{"id":6835,"date":"2018-12-29T18:54:57","date_gmt":"2018-12-29T20:54:57","guid":{"rendered":"http:\/\/mol.icb.usp.br\/?page_id=6835"},"modified":"2021-06-20T11:29:34","modified_gmt":"2021-06-20T14:29:34","slug":"14-18-glandulas-endocrinas","status":"publish","type":"page","link":"https:\/\/mol.icb.usp.br\/index.php\/14-18-glandulas-endocrinas\/","title":{"rendered":"14-18 Gl\u00e2ndulas end\u00f3crinas"},"content":{"rendered":"<div class=\"su-row\">\n  <div class=\"su-column su-column-size-1-1\"><div class=\"su-column-inner su-u-clearfix su-u-trim\">  GL\u00c2NDULAS PARATIREOIDES <\/div><\/div>\n<\/div>\n<div class=\"su-row\">\n  <div class=\"su-column su-column-size-1-2\"><div class=\"su-column-inner su-u-clearfix su-u-trim\"> As paratireoides s\u00e3o gl\u00e2ndulas end\u00f3crinas cordonais.<br \/>\nOs cord\u00f5es celulares que as constituem possuem dois tipos de c\u00e9lulas: <strong>principais<\/strong> e <strong>ox\u00edfilas<\/strong>. N\u00e3o podem ser reconhecidas em colora\u00e7\u00f5es rotineiras por hematoxilina e eosina.<br \/>\nA individualiza\u00e7\u00e3o dos cord\u00f5es celulares que comp\u00f5em as paratireoides nem sempre \u00e9 f\u00e1cil.<br \/>\nAlguns cord\u00f5es est\u00e3o ressaltados em cor de rosa. Entre os cord\u00f5es h\u00e1 capilares sangu\u00edneos, ressaltados em vermelho.<\/p>\n<\/div><\/div>\n  <div class=\"su-column su-column-size-1-2\"><div class=\"su-column-inner su-u-clearfix su-u-trim\"> <\/p>\n<div onclick>\n<div class=\"image-container\">\n<div class=\"extra\">\n<a href=\"javascript:void(0)\"><img decoding=\"async\" src=\" http:\/\/mol.icb.usp.br\/wp-content\/uploads\/14-18.jpg \" onmouseover=\"this.src=' http:\/\/mol.icb.usp.br\/wp-content\/uploads\/14-18-MO.jpg'\" onmouseout=\"this.src=' http:\/\/mol.icb.usp.br\/wp-content\/uploads\/14-18.jpg'\" \/><\/a><\/div>\n<p>Paratireoide. Colora\u00e7\u00e3o: hematoxilina e eosina. Aumento m\u00e9dio.<\/p>\n<p><img decoding=\"async\" src=\"http:\/\/mol.icb.usp.br\/wp-content\/uploads\/mouse-1.gif\"\/><\/a><\/p>\n<div onclick=\"\"><strong>Tablets e telefones celulares:<\/strong><br \/>\nClique sobre a figura para acessar outra imagem. Clique fora da figura para voltar \u00e0 primeira imagem.<\/p>\n<p>Para navegar no MOL, use os links ACESSAR P\u00c1GINA ANTERIOR e ACESSAR P\u00c1GINA SEGUINTE situados abaixo da figura.<\/p>\n<p><strong>NAVEGA\u00c7\u00c3O NO MOL:<\/strong><\/p>\n<p><a href=\"http:\/\/mol.icb.usp.br\/index.php\/14-17-glandulas-endocrinas\/\">ACESSAR P\u00c1GINA ANTERIOR<\/a><\/p>\n<p><a href=\"http:\/\/mol.icb.usp.br\/index.php\/14-19-glandulas-endocrinas\/\">ACESSAR P\u00c1GINA SEGUINTE\n<\/div>\n<\/div>\n<\/div>\n<p><\/body><br \/>\n<\/html> <\/div><\/div>\n<\/div>\n<div class=\"su-row\">\n  <\/div>\n<div class=\"su-row\">\n  <\/div>\n<div class=\"su-row\">\n  <\/div>\n<div class=\"su-row\">\n  <\/div>\n","protected":false},"excerpt":{"rendered":"","protected":false},"author":2,"featured_media":0,"parent":0,"menu_order":0,"comment_status":"closed","ping_status":"closed","template":"","meta":{"_monsterinsights_skip_tracking":false,"_monsterinsights_sitenote_active":false,"_monsterinsights_sitenote_note":"","_monsterinsights_sitenote_category":0,"footnotes":""},"class_list":["post-6835","page","type-page","status-publish","hentry"],"_links":{"self":[{"href":"https:\/\/mol.icb.usp.br\/index.php\/wp-json\/wp\/v2\/pages\/6835"}],"collection":[{"href":"https:\/\/mol.icb.usp.br\/index.php\/wp-json\/wp\/v2\/pages"}],"about":[{"href":"https:\/\/mol.icb.usp.br\/index.php\/wp-json\/wp\/v2\/types\/page"}],"author":[{"embeddable":true,"href":"https:\/\/mol.icb.usp.br\/index.php\/wp-json\/wp\/v2\/users\/2"}],"replies":[{"embeddable":true,"href":"https:\/\/mol.icb.usp.br\/index.php\/wp-json\/wp\/v2\/comments?post=6835"}],"version-history":[{"count":5,"href":"https:\/\/mol.icb.usp.br\/index.php\/wp-json\/wp\/v2\/pages\/6835\/revisions"}],"predecessor-version":[{"id":8938,"href":"https:\/\/mol.icb.usp.br\/index.php\/wp-json\/wp\/v2\/pages\/6835\/revisions\/8938"}],"wp:attachment":[{"href":"https:\/\/mol.icb.usp.br\/index.php\/wp-json\/wp\/v2\/media?parent=6835"}],"curies":[{"name":"wp","href":"https:\/\/api.w.org\/{rel}","templated":true}]}}