{"id":6739,"date":"2018-12-17T10:10:53","date_gmt":"2018-12-17T12:10:53","guid":{"rendered":"http:\/\/mol.icb.usp.br\/?page_id=6739"},"modified":"2018-12-23T15:47:08","modified_gmt":"2018-12-23T17:47:08","slug":"14-10-glandulas-endocrinas","status":"publish","type":"page","link":"https:\/\/mol.icb.usp.br\/index.php\/14-10-glandulas-endocrinas\/","title":{"rendered":"14-10 Gl\u00e2ndulas end\u00f3crinas"},"content":{"rendered":"<div class=\"su-row\">\n  <div class=\"su-column su-column-size-1-1\"><div class=\"su-column-inner su-u-clearfix su-u-trim\"> GL\u00c2NDULAS SUPRARRENAIS \u2013 4 <\/div><\/div>\n<\/div>\n<div class=\"su-row\">\n  <div class=\"su-column su-column-size-1-2\"><div class=\"su-column-inner su-u-clearfix su-u-trim\"> Zona reticulada e camada medular<\/p>\n<p>A metade superior da imagem mostra a <strong>zona reticulada<\/strong> da suprarrenal. \u00c9 a regi\u00e3o mais interna da camada cortical. Suas c\u00e9lulas se organizam em cord\u00f5es com dire\u00e7\u00f5es muito variadas resultando em um <strong>aspecto de rede<\/strong>.<br \/>\nOs espa\u00e7os claros entre os cord\u00f5es s\u00e3o capilares sangu\u00edneos.<br \/>\nA metade inferior da figura \u00e9 de uma pequena por\u00e7\u00e3o da <strong>camada medular da suprerenal<\/strong>. Veja na pr\u00f3xima p\u00e1gina outra imagem desta camada. <\/p>\n<\/div><\/div>\n  <div class=\"su-column su-column-size-1-2\"><div class=\"su-column-inner su-u-clearfix su-u-trim\"> <\/p>\n<div onclick>\n<div class=\"image-container\">\n<div class=\"extra\">\n<a href=\"javascript:void(0)\"><img decoding=\"async\" src=\" http:\/\/mol.icb.usp.br\/wp-content\/uploads\/14-10.jpg \" onmouseover=\"this.src=' http:\/\/mol.icb.usp.br\/wp-content\/uploads\/14-10-MO.jpg'\" onmouseout=\"this.src=' http:\/\/mol.icb.usp.br\/wp-content\/uploads\/14-10.jpg'\" \/><\/a><\/div>\n<p>Gl\u00e2ndula suprarrenal. Colora\u00e7\u00e3o: hematoxilina e eosina. Aumento m\u00e9dio.<\/p>\n<p><img decoding=\"async\" src=\"http:\/\/mol.icb.usp.br\/wp-content\/uploads\/mouse-1.gif\"\/><\/a><\/p>\n<div onclick=\"\"><strong>Tablets e telefones celulares:<\/strong><br \/>\nClique sobre a figura para acessar outra imagem. Clique fora da figura para voltar \u00e0 primeira imagem.<\/p>\n<p>Para navegar no MOL, use os links ACESSAR P\u00c1GINA ANTERIOR e ACESSAR P\u00c1GINA SEGUINTE situados abaixo da figura.<\/p>\n<p><strong>NAVEGA\u00c7\u00c3O NO MOL:<\/strong><\/p>\n<p><a href=\"http:\/\/mol.icb.usp.br\/index.php\/14-9-glandulas-endocrinas\/\">ACESSAR P\u00c1GINA ANTERIOR<\/a><\/p>\n<p><a href=\"http:\/\/mol.icb.usp.br\/index.php\/14-11-glandulas-endocrinas\/\">ACESSAR P\u00c1GINA SEGUINTE<\/a>\n<\/div>\n<\/div>\n<\/div>\n<p><\/body><br \/>\n<\/html> <\/div><\/div>\n<\/div>\n<div class=\"su-row\">\n  <\/div>\n<div class=\"su-row\">\n  <\/div>\n<div class=\"su-row\">\n  <\/div>\n<div class=\"su-row\">\n  <\/div>\n","protected":false},"excerpt":{"rendered":"","protected":false},"author":2,"featured_media":0,"parent":0,"menu_order":0,"comment_status":"closed","ping_status":"closed","template":"","meta":{"_monsterinsights_skip_tracking":false,"_monsterinsights_sitenote_active":false,"_monsterinsights_sitenote_note":"","_monsterinsights_sitenote_category":0,"footnotes":""},"class_list":["post-6739","page","type-page","status-publish","hentry"],"_links":{"self":[{"href":"https:\/\/mol.icb.usp.br\/index.php\/wp-json\/wp\/v2\/pages\/6739"}],"collection":[{"href":"https:\/\/mol.icb.usp.br\/index.php\/wp-json\/wp\/v2\/pages"}],"about":[{"href":"https:\/\/mol.icb.usp.br\/index.php\/wp-json\/wp\/v2\/types\/page"}],"author":[{"embeddable":true,"href":"https:\/\/mol.icb.usp.br\/index.php\/wp-json\/wp\/v2\/users\/2"}],"replies":[{"embeddable":true,"href":"https:\/\/mol.icb.usp.br\/index.php\/wp-json\/wp\/v2\/comments?post=6739"}],"version-history":[{"count":4,"href":"https:\/\/mol.icb.usp.br\/index.php\/wp-json\/wp\/v2\/pages\/6739\/revisions"}],"predecessor-version":[{"id":6741,"href":"https:\/\/mol.icb.usp.br\/index.php\/wp-json\/wp\/v2\/pages\/6739\/revisions\/6741"}],"wp:attachment":[{"href":"https:\/\/mol.icb.usp.br\/index.php\/wp-json\/wp\/v2\/media?parent=6739"}],"curies":[{"name":"wp","href":"https:\/\/api.w.org\/{rel}","templated":true}]}}