{"id":6734,"date":"2018-12-17T10:07:02","date_gmt":"2018-12-17T12:07:02","guid":{"rendered":"http:\/\/mol.icb.usp.br\/?page_id=6734"},"modified":"2019-03-21T17:02:20","modified_gmt":"2019-03-21T20:02:20","slug":"14-9-glandulas-endocrinas","status":"publish","type":"page","link":"https:\/\/mol.icb.usp.br\/index.php\/14-9-glandulas-endocrinas\/","title":{"rendered":"14-9 Gl\u00e2ndulas end\u00f3crinas"},"content":{"rendered":"<div class=\"su-row\">\n<div class=\"su-column su-column-size-1-1\"><div class=\"su-column-inner su-u-clearfix su-u-trim\"> <strong>GL\u00c2NDULAS SUPRARRENAIS \u2013 3 <\/strong><\/div><\/div>\n<\/div>\n<div class=\"su-row\">\n<div class=\"su-column su-column-size-1-2\"><div class=\"su-column-inner su-u-clearfix su-u-trim\">\nZona fasciculada<\/p>\n<p>Esta zona \u00e9 formada por <strong>cord\u00f5es celulares paralelos<\/strong> cuja dire\u00e7\u00e3o \u00e9 da zona glomerulosa para a zona reticulada. Entre os cord\u00f5es se disp\u00f5em capilares sangu\u00edneos observados sob forma de espa\u00e7os claros retil\u00edneos. As setas indicam <strong>n\u00facleos de c\u00e9lulas endoteliais<\/strong> destes capilares.<br \/>\nObserve o citoplasma das c\u00e9lulas secretoras desta zona. Elas s\u00e3o tamb\u00e9m denominadas <strong>espongi\u00f3citos<\/strong> devido \u00e0 grande quantidade de pequenas <strong>got\u00edculas lip\u00eddicas<\/strong> presentes em seu citoplasma, o que confere um aspecto esponjoso ao citoplasma. <\/p>\n<\/div><\/div>\n<div class=\"su-column su-column-size-1-2\"><div class=\"su-column-inner su-u-clearfix su-u-trim\">\n<p><img decoding=\"async\" src=\" http:\/\/mol.icb.usp.br\/wp-content\/uploads\/14-9.jpg \" \/><\/p>\n<p>Gl\u00e2ndula sSuprarrenal. Colora\u00e7\u00e3o: hematoxilina e eosina. Aumento: m\u00e9dio.<\/p>\n<p>Para navegar no MOL, use os links ACESSAR P\u00c1GINA ANTERIOR e ACESSAR P\u00c1GINA SEGUINTE situados abaixo da figura.<\/p>\n<p><strong>NAVEGA\u00c7\u00c3O NO MOL:<\/strong><\/p>\n<p><a href=\"http:\/\/mol.icb.usp.br\/index.php\/14-8-glandulas-endocrinas\/\">ACESSAR P\u00c1GINA ANTERIOR<\/a><\/p>\n<p><a href=\"http:\/\/mol.icb.usp.br\/index.php\/14-10-glandulas-endocrinas\/\">ACESSAR P\u00c1GINA SEGUINTE<\/a><br \/>\n<\/div><\/div>\n<\/div>\n","protected":false},"excerpt":{"rendered":"","protected":false},"author":2,"featured_media":0,"parent":0,"menu_order":0,"comment_status":"closed","ping_status":"closed","template":"","meta":{"_monsterinsights_skip_tracking":false,"_monsterinsights_sitenote_active":false,"_monsterinsights_sitenote_note":"","_monsterinsights_sitenote_category":0,"footnotes":""},"class_list":["post-6734","page","type-page","status-publish","hentry"],"_links":{"self":[{"href":"https:\/\/mol.icb.usp.br\/index.php\/wp-json\/wp\/v2\/pages\/6734"}],"collection":[{"href":"https:\/\/mol.icb.usp.br\/index.php\/wp-json\/wp\/v2\/pages"}],"about":[{"href":"https:\/\/mol.icb.usp.br\/index.php\/wp-json\/wp\/v2\/types\/page"}],"author":[{"embeddable":true,"href":"https:\/\/mol.icb.usp.br\/index.php\/wp-json\/wp\/v2\/users\/2"}],"replies":[{"embeddable":true,"href":"https:\/\/mol.icb.usp.br\/index.php\/wp-json\/wp\/v2\/comments?post=6734"}],"version-history":[{"count":7,"href":"https:\/\/mol.icb.usp.br\/index.php\/wp-json\/wp\/v2\/pages\/6734\/revisions"}],"predecessor-version":[{"id":8124,"href":"https:\/\/mol.icb.usp.br\/index.php\/wp-json\/wp\/v2\/pages\/6734\/revisions\/8124"}],"wp:attachment":[{"href":"https:\/\/mol.icb.usp.br\/index.php\/wp-json\/wp\/v2\/media?parent=6734"}],"curies":[{"name":"wp","href":"https:\/\/api.w.org\/{rel}","templated":true}]}}