{"id":6727,"date":"2018-12-17T09:57:40","date_gmt":"2018-12-17T11:57:40","guid":{"rendered":"http:\/\/mol.icb.usp.br\/?page_id=6727"},"modified":"2018-12-22T18:53:51","modified_gmt":"2018-12-22T20:53:51","slug":"14-7-glandulas-endocrinas","status":"publish","type":"page","link":"https:\/\/mol.icb.usp.br\/index.php\/14-7-glandulas-endocrinas\/","title":{"rendered":"14-7 Gl\u00e2ndulas end\u00f3crinas"},"content":{"rendered":"<div class=\"su-row\">\n  <div class=\"su-column su-column-size-1-1\"><div class=\"su-column-inner su-u-clearfix su-u-trim\"> GL\u00c2NDULAS SUPRARRENAIS \u2013 1 <\/div><\/div>\n<\/div>\n<div class=\"su-row\">\n  <div class=\"su-column su-column-size-1-2\"><div class=\"su-column-inner su-u-clearfix su-u-trim\"> As gl\u00e2ndulas suprarrenais s\u00e3o gl\u00e2ndulas end\u00f3crinas do tipo <strong>cordonal<\/strong>.<br \/>\nDa mesma forma como a hip\u00f3fise as gl\u00e2ndulas suprarrenais t\u00eam origem embriol\u00f3gica dupla. Por esta raz\u00e3o s\u00e3o constitu\u00eddas por duas camadas.<br \/>\nA camada externa \u00e9 denominada <strong>camada cortical<\/strong> tamb\u00e9m conhecida por c\u00f3rtex da suprarrenal e a camada interna \u00e9 a <strong>camada medular<\/strong>, tamb\u00e9m conhecida por medula suprarrenal.<br \/>\nA camada cortical, por sua vez \u00e9 subdividida em tr\u00eas regi\u00f5es que diferem em sua organiza\u00e7\u00e3o celular e fun\u00e7\u00f5es. A regi\u00e3o mais externa da camada cortical \u00e9 a <strong>zona glomerulosa<\/strong> e a regi\u00e3o mais interna, adjacente \u00e0 camada medular, \u00e9 a <strong>zona reticulada<\/strong>. A regi\u00e3o intermedi\u00e1ria situada entre as duas \u00e9 a <strong>zona fasciculada<\/strong>.<br \/>\nUma <strong>c\u00e1psula de tecido conjuntivo<\/strong> denso reveste o \u00f3rg\u00e3o.<br \/>\nColoque o cursor sobre a imagem ou clique sobre ela para observar a localiza\u00e7\u00e3o das camadas.<\/p>\n<\/div><\/div>\n  <div class=\"su-column su-column-size-1-2\"><div class=\"su-column-inner su-u-clearfix su-u-trim\"> <\/p>\n<div onclick>\n<div class=\"image-container\">\n<div class=\"extra\">\n<a href=\"javascript:void(0)\"><img decoding=\"async\" src=\" http:\/\/mol.icb.usp.br\/wp-content\/uploads\/14-7.jpg \" onmouseover=\"this.src=' http:\/\/mol.icb.usp.br\/wp-content\/uploads\/14-7-MO.jpg'\" onmouseout=\"this.src=' http:\/\/mol.icb.usp.br\/wp-content\/uploads\/14-7.jpg'\" \/><\/a><\/div>\n<p>Suprarrenal. Colora\u00e7\u00e3o: hematoxilina e eosina. Aumento pequeno.<\/p>\n<p><img decoding=\"async\" src=\"http:\/\/mol.icb.usp.br\/wp-content\/uploads\/mouse-1.gif\"\/><\/a><\/p>\n<div onclick=\"\"><strong>Tablets e telefones celulares:<\/strong><br \/>\nClique sobre a figura para acessar outra imagem. Clique fora da figura para voltar \u00e0 primeira imagem.<\/p>\n<p>Para navegar no MOL, use os links ACESSAR P\u00c1GINA ANTERIOR e ACESSAR P\u00c1GINA SEGUINTE situados abaixo da figura.<\/p>\n<p><strong>NAVEGA\u00c7\u00c3O NO MOL:<\/strong><br \/>\n<a href=\"http:\/\/mol.icb.usp.br\/index.php\/14-6-glandulas-endocrinas\/\">ACESSAR P\u00c1GINA ANTERIOR<\/a><\/p>\n<p><a href=\"http:\/\/mol.icb.usp.br\/index.php\/14-8-glandulas-endocrinas\/\">ACESSAR P\u00c1GINA SEGUINTE<\/a>\n<\/div>\n<\/div>\n<\/div>\n<p><\/body><br \/>\n<\/html> <\/div><\/div>\n<\/div>\n<div class=\"su-row\">\n  <\/div>\n<div class=\"su-row\">\n  <\/div>\n<div class=\"su-row\">\n  <\/div>\n<div class=\"su-row\">\n  <\/div>\n","protected":false},"excerpt":{"rendered":"","protected":false},"author":2,"featured_media":0,"parent":0,"menu_order":0,"comment_status":"closed","ping_status":"closed","template":"","meta":{"_monsterinsights_skip_tracking":false,"_monsterinsights_sitenote_active":false,"_monsterinsights_sitenote_note":"","_monsterinsights_sitenote_category":0,"footnotes":""},"class_list":["post-6727","page","type-page","status-publish","hentry"],"_links":{"self":[{"href":"https:\/\/mol.icb.usp.br\/index.php\/wp-json\/wp\/v2\/pages\/6727"}],"collection":[{"href":"https:\/\/mol.icb.usp.br\/index.php\/wp-json\/wp\/v2\/pages"}],"about":[{"href":"https:\/\/mol.icb.usp.br\/index.php\/wp-json\/wp\/v2\/types\/page"}],"author":[{"embeddable":true,"href":"https:\/\/mol.icb.usp.br\/index.php\/wp-json\/wp\/v2\/users\/2"}],"replies":[{"embeddable":true,"href":"https:\/\/mol.icb.usp.br\/index.php\/wp-json\/wp\/v2\/comments?post=6727"}],"version-history":[{"count":4,"href":"https:\/\/mol.icb.usp.br\/index.php\/wp-json\/wp\/v2\/pages\/6727\/revisions"}],"predecessor-version":[{"id":6749,"href":"https:\/\/mol.icb.usp.br\/index.php\/wp-json\/wp\/v2\/pages\/6727\/revisions\/6749"}],"wp:attachment":[{"href":"https:\/\/mol.icb.usp.br\/index.php\/wp-json\/wp\/v2\/media?parent=6727"}],"curies":[{"name":"wp","href":"https:\/\/api.w.org\/{rel}","templated":true}]}}