{"id":6650,"date":"2018-12-15T17:45:14","date_gmt":"2018-12-15T19:45:14","guid":{"rendered":"http:\/\/mol.icb.usp.br\/?page_id=6650"},"modified":"2018-12-16T09:45:09","modified_gmt":"2018-12-16T11:45:09","slug":"14-2-glandulas-endocrinas","status":"publish","type":"page","link":"https:\/\/mol.icb.usp.br\/index.php\/14-2-glandulas-endocrinas\/","title":{"rendered":"14-2 Gl\u00e2ndulas end\u00f3crinas"},"content":{"rendered":"<p>HIP\u00d3FISE \u2013 1<\/p>\n<p>Caracter\u00edsticas histol\u00f3gicas<\/p>\n<p>A hip\u00f3fise consta de duas partes conectadas funcionalmente, por\u00e9m com origens embriol\u00f3gicas, estrutura e fun\u00e7\u00f5es distintas.<\/p>\n<p>1  <strong>Adeno-hip\u00f3fise<\/strong>. Tem tr\u00eas componentes: lobo anterior ou <em>pars distalis<\/em>; <em>pars tuberalis<\/em>; e <em>pars intermedia<\/em>, tamb\u00e9m denominada lobo posterior.<br \/>\nSua estrutura \u00e9 de tecido epitelial suportada por tecido conjuntivo e ricamente vascularizada. O lobo anterior \u00e9 o componente de maior volume da hip\u00f3fise.<br \/>\n2  <strong>Neuro-hip\u00f3fise<\/strong>. Tem dois componentes: <em>pars nervosa<\/em> e infund\u00edbulo. \u00c9 constitu\u00edda por tecido nervoso ricamente vascularizado. A <em>pars nervosa<\/em> \u00e9 o componente mais volumoso da neuro-hip\u00f3fise.<\/p>\n<p><strong>NAVEGA\u00c7\u00c3O NO MOL:<\/strong><\/p>\n<p><a href=\"http:\/\/mol.icb.usp.br\/index.php\/14-1-glandulas-endocrinas\/\">ACESSAR P\u00c1GINA ANTERIOR<\/a><\/p>\n<p><a href=\"http:\/\/mol.icb.usp.br\/index.php\/14-3-glandulas-endocrinas\/\">ACESSAR P\u00c1GINA SEGUINTE<\/a><\/p>\n","protected":false},"excerpt":{"rendered":"<p>HIP\u00d3FISE \u2013 1 Caracter\u00edsticas histol\u00f3gicas A hip\u00f3fise consta de duas partes conectadas funcionalmente, por\u00e9m com origens embriol\u00f3gicas, estrutura e fun\u00e7\u00f5es distintas. 1 Adeno-hip\u00f3fise. Tem tr\u00eas componentes: lobo anterior ou pars distalis; pars tuberalis; e pars intermedia, tamb\u00e9m denominada lobo posterior. Sua estrutura \u00e9 de tecido epitelial suportada por tecido conjuntivo e ricamente vascularizada. O lobo [&hellip;]<\/p>\n","protected":false},"author":2,"featured_media":0,"parent":0,"menu_order":0,"comment_status":"closed","ping_status":"closed","template":"","meta":{"_monsterinsights_skip_tracking":false,"_monsterinsights_sitenote_active":false,"_monsterinsights_sitenote_note":"","_monsterinsights_sitenote_category":0,"footnotes":""},"class_list":["post-6650","page","type-page","status-publish","hentry"],"_links":{"self":[{"href":"https:\/\/mol.icb.usp.br\/index.php\/wp-json\/wp\/v2\/pages\/6650"}],"collection":[{"href":"https:\/\/mol.icb.usp.br\/index.php\/wp-json\/wp\/v2\/pages"}],"about":[{"href":"https:\/\/mol.icb.usp.br\/index.php\/wp-json\/wp\/v2\/types\/page"}],"author":[{"embeddable":true,"href":"https:\/\/mol.icb.usp.br\/index.php\/wp-json\/wp\/v2\/users\/2"}],"replies":[{"embeddable":true,"href":"https:\/\/mol.icb.usp.br\/index.php\/wp-json\/wp\/v2\/comments?post=6650"}],"version-history":[{"count":7,"href":"https:\/\/mol.icb.usp.br\/index.php\/wp-json\/wp\/v2\/pages\/6650\/revisions"}],"predecessor-version":[{"id":6703,"href":"https:\/\/mol.icb.usp.br\/index.php\/wp-json\/wp\/v2\/pages\/6650\/revisions\/6703"}],"wp:attachment":[{"href":"https:\/\/mol.icb.usp.br\/index.php\/wp-json\/wp\/v2\/media?parent=6650"}],"curies":[{"name":"wp","href":"https:\/\/api.w.org\/{rel}","templated":true}]}}