{"id":6648,"date":"2018-12-15T17:42:15","date_gmt":"2018-12-15T19:42:15","guid":{"rendered":"http:\/\/mol.icb.usp.br\/?page_id=6648"},"modified":"2018-12-16T00:48:25","modified_gmt":"2018-12-16T02:48:25","slug":"14-1-glandulas-endocrinas","status":"publish","type":"page","link":"https:\/\/mol.icb.usp.br\/index.php\/14-1-glandulas-endocrinas\/","title":{"rendered":"14-1 Gl\u00e2ndulas end\u00f3crinas"},"content":{"rendered":"<p>CARACTER\u00cdSTICAS PRINCIPAIS DAS GL\u00c2NDULAS END\u00d3CRINAS<\/p>\n<p>Neste m\u00f3dulo ser\u00e3o analisadas as gl\u00e2ndulas end\u00f3crinas que se constituem em forma\u00e7\u00f5es anat\u00f4micas definidas, excluindo-se as c\u00e9lulas end\u00f3crinas isoladas presentes em grande parte dos \u00f3rg\u00e3os do corpo. Estas \u00faltimas ser\u00e3o estudadas nos m\u00f3dulos que tratam dos seus respectivos \u00f3rg\u00e3os.<br \/>\nA principal caracter\u00edstica das gl\u00e2ndulas end\u00f3crinas \u00e9 a <strong>aus\u00eancia de dutos excretores<\/strong>. O produto de secre\u00e7\u00e3o elaborado pelas c\u00e9lulas end\u00f3crinas \u00e9 transportado para o espa\u00e7o extracelular onde, por difus\u00e3o, atinge o interior de vasos sangu\u00edneos. Desta maneira a secre\u00e7\u00e3o atinge quase todo o organismo e pode exercer suas fun\u00e7\u00f5es, quase sempre ap\u00f3s ser reconhecida por receptores presentes na superf\u00edcie das c\u00e9lulas-alvo.<br \/>\nUma segunda caracter\u00edstica importante destas gl\u00e2ndulas \u00e9 a sua <strong>intensa vasculariza\u00e7\u00e3o<\/strong>, geralmente representada por redes de capilares sangu\u00edneos e v\u00eanulas situados em torno de pequenos conjuntos de c\u00e9lulas end\u00f3crinas.<br \/>\nAs c\u00e9lulas end\u00f3crinas se organizam em gl\u00e2ndulas de duas maneiras principais:<br \/>\n1 \u2013 em forma de cord\u00f5es de c\u00e9lulas entre os quais h\u00e1 vasos sangu\u00edneos. \u00c9 o tipo de gl\u00e2ndula denominado <strong>gl\u00e2ndula end\u00f3crina cordonal<\/strong>. A maioria das gl\u00e2ndulas end\u00f3crinas \u00e9 deste tipo.<br \/>\n2 \u2013 em forma de esferas microsc\u00f3picas nas quais as c\u00e9lulas formam as paredes das esferas e o espa\u00e7o central da esfera cont\u00e9m o produto de secre\u00e7\u00e3o. \u00c9 o tipo denominado <strong>gl\u00e2ndula end\u00f3crina folicular<\/strong>. O exemplo mais relevante \u00e9 o da gl\u00e2ndula tireoide. Um outro local que cont\u00e9m este tipo de gl\u00e2ndula \u00e9 a pars intermedia da adeno-hip\u00f3fise.<\/p>\n<p><strong>NAVEGA\u00c7\u00c3O NO MOL:<\/strong><\/p>\n<p><a href=\"http:\/\/mol.icb.usp.br\/index.php\/14-0-glandulas-endocrinas\/\">ACESSAR P\u00c1GINA ANTERIOR<\/a><\/p>\n<p><a href=\"http:\/\/mol.icb.usp.br\/index.php\/14-2-glandulas-endocrinas\/\">ACESSAR P\u00c1GINA SEGUINTE<\/a><\/p>\n","protected":false},"excerpt":{"rendered":"<p>CARACTER\u00cdSTICAS PRINCIPAIS DAS GL\u00c2NDULAS END\u00d3CRINAS Neste m\u00f3dulo ser\u00e3o analisadas as gl\u00e2ndulas end\u00f3crinas que se constituem em forma\u00e7\u00f5es anat\u00f4micas definidas, excluindo-se as c\u00e9lulas end\u00f3crinas isoladas presentes em grande parte dos \u00f3rg\u00e3os do corpo. Estas \u00faltimas ser\u00e3o estudadas nos m\u00f3dulos que tratam dos seus respectivos \u00f3rg\u00e3os. A principal caracter\u00edstica das gl\u00e2ndulas end\u00f3crinas \u00e9 a aus\u00eancia de dutos [&hellip;]<\/p>\n","protected":false},"author":2,"featured_media":0,"parent":0,"menu_order":0,"comment_status":"closed","ping_status":"closed","template":"","meta":{"_monsterinsights_skip_tracking":false,"_monsterinsights_sitenote_active":false,"_monsterinsights_sitenote_note":"","_monsterinsights_sitenote_category":0,"footnotes":""},"class_list":["post-6648","page","type-page","status-publish","hentry"],"_links":{"self":[{"href":"https:\/\/mol.icb.usp.br\/index.php\/wp-json\/wp\/v2\/pages\/6648"}],"collection":[{"href":"https:\/\/mol.icb.usp.br\/index.php\/wp-json\/wp\/v2\/pages"}],"about":[{"href":"https:\/\/mol.icb.usp.br\/index.php\/wp-json\/wp\/v2\/types\/page"}],"author":[{"embeddable":true,"href":"https:\/\/mol.icb.usp.br\/index.php\/wp-json\/wp\/v2\/users\/2"}],"replies":[{"embeddable":true,"href":"https:\/\/mol.icb.usp.br\/index.php\/wp-json\/wp\/v2\/comments?post=6648"}],"version-history":[{"count":3,"href":"https:\/\/mol.icb.usp.br\/index.php\/wp-json\/wp\/v2\/pages\/6648\/revisions"}],"predecessor-version":[{"id":6681,"href":"https:\/\/mol.icb.usp.br\/index.php\/wp-json\/wp\/v2\/pages\/6648\/revisions\/6681"}],"wp:attachment":[{"href":"https:\/\/mol.icb.usp.br\/index.php\/wp-json\/wp\/v2\/media?parent=6648"}],"curies":[{"name":"wp","href":"https:\/\/api.w.org\/{rel}","templated":true}]}}