{"id":625,"date":"2017-05-21T22:19:13","date_gmt":"2017-05-22T01:19:13","guid":{"rendered":"http:\/\/mol.icb.usp.br\/?page_id=625"},"modified":"2025-07-22T09:53:19","modified_gmt":"2025-07-22T12:53:19","slug":"2-0-tecido-epitelial-de-revestimento","status":"publish","type":"page","link":"https:\/\/mol.icb.usp.br\/index.php\/2-0-tecido-epitelial-de-revestimento\/","title":{"rendered":"2-0 Tecido epitelial de revestimento"},"content":{"rendered":"<p>&nbsp;<\/p>\n<p>&nbsp;<br \/>\n<strong>2-0 TECIDO EPITELIAL<\/strong><\/p>\n<p>Conceituar tecido epitelial<br \/>\nEstudar os v\u00e1rios tipos de epit\u00e9lios de revestimento<\/p>\n<p>Este m\u00f3dulo \u00e9 composto de 28 p\u00e1ginas.<\/p>\n<p><strong><a href=\"http:\/\/mol.icb.usp.br\/index.php\/2-4-tecido-epitelial-de-revestimento\/\">ENTRE NO IN\u00cdCIO DO M\u00d3DULO 2<\/a><\/strong><br \/>\nou<br \/>\n<strong>CLIQUE NOS LINKS PARA ACESSAR OS T\u00d3PICOS PRINCIPAIS:<\/strong><\/p>\n<p><a href=\"http:\/\/mol.icb.usp.br\/index.php\/2-4-tecido-epitelial-de-revestimento\/\">Principais caracter\u00edsticas do tecido epitelial<\/a><br \/>\n<a href=\"http:\/\/mol.icb.usp.br\/index.php\/2-5-tecido-epitelial-de-revestimento\/\">Classifica\u00e7\u00e3o do Tecido epitelial<\/a><br \/>\n<a href=\"http:\/\/mol.icb.usp.br\/index.php\/2-10-tecido-epitelial-de-revestimento\/\">Epit\u00e9lio simples c\u00fabico<\/a><br \/>\n<a href=\"http:\/\/mol.icb.usp.br\/index.php\/2-13-tecido-epitelial-de-revestimento\/\">Epit\u00e9lio simples pavimentoso<\/a><br \/>\n<a href=\"http:\/\/mol.icb.usp.br\/index.php\/2-16-tecido-epitelial-de-revestimento\/\">Epit\u00e9lio simples colunar<\/a><br \/>\n<a href=\"http:\/\/mol.icb.usp.br\/index.php\/2-19-tecido-epitelial-de-revestimento\/\">Epit\u00e9lio estratificado pavimentoso<\/a><br \/>\n<a href=\"http:\/\/mol.icb.usp.br\/index.php\/2-25-tecido-epitelial-de-revestimento\/\">Epit\u00e9lio de transi\u00e7\u00e3o<\/a><br \/>\n<a href=\"http:\/\/mol.icb.usp.br\/index.php\/2-27-tecido-epitelial-de-revestimento\/\">Epit\u00e9lio pseudoestratificado<\/a><\/p>\n","protected":false},"excerpt":{"rendered":"<p>&nbsp; &nbsp; 2-0 TECIDO EPITELIAL Conceituar tecido epitelial Estudar os v\u00e1rios tipos de epit\u00e9lios de revestimento Este m\u00f3dulo \u00e9 composto de 28 p\u00e1ginas. ENTRE NO IN\u00cdCIO DO M\u00d3DULO 2 ou CLIQUE NOS LINKS PARA ACESSAR OS T\u00d3PICOS PRINCIPAIS: Principais caracter\u00edsticas do tecido epitelial Classifica\u00e7\u00e3o do Tecido epitelial Epit\u00e9lio simples c\u00fabico Epit\u00e9lio simples pavimentoso Epit\u00e9lio simples [&hellip;]<\/p>\n","protected":false},"author":2,"featured_media":0,"parent":0,"menu_order":0,"comment_status":"closed","ping_status":"closed","template":"","meta":{"_monsterinsights_skip_tracking":false,"_monsterinsights_sitenote_active":false,"_monsterinsights_sitenote_note":"","_monsterinsights_sitenote_category":0,"footnotes":""},"class_list":["post-625","page","type-page","status-publish","hentry"],"_links":{"self":[{"href":"https:\/\/mol.icb.usp.br\/index.php\/wp-json\/wp\/v2\/pages\/625"}],"collection":[{"href":"https:\/\/mol.icb.usp.br\/index.php\/wp-json\/wp\/v2\/pages"}],"about":[{"href":"https:\/\/mol.icb.usp.br\/index.php\/wp-json\/wp\/v2\/types\/page"}],"author":[{"embeddable":true,"href":"https:\/\/mol.icb.usp.br\/index.php\/wp-json\/wp\/v2\/users\/2"}],"replies":[{"embeddable":true,"href":"https:\/\/mol.icb.usp.br\/index.php\/wp-json\/wp\/v2\/comments?post=625"}],"version-history":[{"count":14,"href":"https:\/\/mol.icb.usp.br\/index.php\/wp-json\/wp\/v2\/pages\/625\/revisions"}],"predecessor-version":[{"id":10464,"href":"https:\/\/mol.icb.usp.br\/index.php\/wp-json\/wp\/v2\/pages\/625\/revisions\/10464"}],"wp:attachment":[{"href":"https:\/\/mol.icb.usp.br\/index.php\/wp-json\/wp\/v2\/media?parent=625"}],"curies":[{"name":"wp","href":"https:\/\/api.w.org\/{rel}","templated":true}]}}