{"id":6124,"date":"2018-03-15T12:26:27","date_gmt":"2018-03-15T15:26:27","guid":{"rendered":"http:\/\/mol.icb.usp.br\/?page_id=6124"},"modified":"2025-07-18T16:24:27","modified_gmt":"2025-07-18T19:24:27","slug":"1-4-conceitos-basicos","status":"publish","type":"page","link":"https:\/\/mol.icb.usp.br\/index.php\/1-4-conceitos-basicos\/","title":{"rendered":"1-4 Conceitos b\u00e1sicos"},"content":{"rendered":"<div class=\"su-row\">\n<div class=\"su-column su-column-size-1-1\"><div class=\"su-column-inner su-u-clearfix su-u-trim\"> <strong>N\u00daCLEO E CITOPLASMA<\/strong> <\/div><\/div>\n<\/div>\n<div class=\"su-row\">\n<div class=\"su-column su-column-size-1-2\"><div class=\"su-column-inner su-u-clearfix su-u-trim\">\nA maioria das c\u00e9lulas do f\u00edgado s\u00e3o c\u00e9lulas chamadas <strong>hepat\u00f3citos<\/strong>.<br \/>\nEsta imagem \u00e9 um aumento grande de um corte de f\u00edgado. Observam-se v\u00e1rios c\u00edrculos azuis ou roxos. S\u00e3o os n\u00facleos dos hepat\u00f3citos. Os <strong>n\u00facleos<\/strong> est\u00e3o no interior do <strong>citoplasma<\/strong> das c\u00e9lulas.<br \/>\nEste corte histol\u00f3gico foi submetido \u00e0 colora\u00e7\u00e3o por dois corantes denominados <strong>Hematoxilina e eosina<\/strong>. Ap\u00f3s esta colora\u00e7\u00e3o os n\u00facleos s\u00e3o vistos em cor azul-arroxeada e o citoplasma   em cor de rosa.<br \/>\nEsta \u00e9 a colora\u00e7\u00e3o mais utilizada para observar cortes histol\u00f3gicos. Na sec\u00e7\u00e3o final deste m\u00f3dulo haver\u00e1 mais informa\u00e7\u00f5es sobre colora\u00e7\u00e3o de cortes.<br \/>\nRepare que abaixo da imagem h\u00e1 um aviso representado pela figura de uma m\u00e3o segurando um mouse. Isto significa que neste quadro h\u00e1 um efeito especial causado pela posi\u00e7\u00e3o do cursor do mouse.<br \/>\nAo colocar o mouse sobre a imagem ou clicar sobre a imagem ficar\u00e1 mais f\u00e1cil distinguir n\u00facleo e citoplasma.<\/p>\n<div>\n<div class=\"image-container\">\n<div class=\"extra\">\n<a href=\"javascript:void(0)\"><img decoding=\"async\" src=\" http:\/\/mol.icb.usp.br\/wp-content\/uploads\/1-4.jpg \" onmouseover=\"this.src=' http:\/\/mol.icb.usp.br\/wp-content\/uploads\/1-4MOB.jpg'\" onmouseout=\"this.src=' http:\/\/mol.icb.usp.br\/wp-content\/uploads\/1-4.jpg'\" \/><\/a><\/div>\n<p>F\u00edgado. Colora\u00e7\u00e3o: HE. Aumento grande.<\/p>\n<p><img decoding=\"async\" src=\"http:\/\/mol.icb.usp.br\/wp-content\/uploads\/mouse-1.gif\" \/><\/p>\n<p>Note que os hepat\u00f3citos se organizam em forma de colunas ou cord\u00f5es. Em cortes estes cord\u00f5es aparecem como c\u00e9lulas enfileiradas, mas na verdade s\u00e3o placas tridimensionais de hepat\u00f3citos. Mais adiante veremos que os cortes muito delgados de estruturas tridimensionais necessitam ser adequadamente interpretados para se conhecer a verdadeira estrutura\u00e7\u00e3o das c\u00e9lulas nos tecidos e \u00f3rg\u00e3os.<br \/>\nEntre as placas de hepat\u00f3citos h\u00e1 espa\u00e7os nos quais circula sangue.<br \/>\nA barra situada na por\u00e7\u00e3o inferior direita da figura mede 20 \u03bcm.<\/p>\n<p><strong>Tablets e telefones celulares:<\/strong><br \/>\nClique sobre a figura para acessar outra imagem. Clique fora da figura para voltar \u00e0 primeira imagem.Para navegar no MOL, use os links ACESSAR P\u00c1GINA ANTERIOR e ACESSAR P\u00c1GINA SEGUINTE situados abaixo da figura.<\/p>\n<p><strong>NAVEGA\u00c7\u00c3O NO MOL:<\/strong><\/p>\n<p><a href=\"http:\/\/mol.icb.usp.br\/index.php\/1-3-conceitos-basicos\/\">ACESSAR P\u00c1GINA ANTERIOR<\/a><\/p>\n<p><a href=\"http:\/\/mol.icb.usp.br\/index.php\/1-5-conceitos-basicos\/\">ACESSAR P\u00c1GINA SEGUINTE<\/a><\/p>\n<\/div><\/div>\n<div class=\"su-column su-column-size-1-2\"><div class=\"su-column-inner su-u-clearfix su-u-trim\">\n<\/div>\n<\/div>\n<\/div><\/div>\n<\/div>\n","protected":false},"excerpt":{"rendered":"","protected":false},"author":2,"featured_media":0,"parent":0,"menu_order":0,"comment_status":"closed","ping_status":"closed","template":"","meta":{"_monsterinsights_skip_tracking":false,"_monsterinsights_sitenote_active":false,"_monsterinsights_sitenote_note":"","_monsterinsights_sitenote_category":0,"footnotes":""},"class_list":["post-6124","page","type-page","status-publish","hentry"],"_links":{"self":[{"href":"https:\/\/mol.icb.usp.br\/index.php\/wp-json\/wp\/v2\/pages\/6124"}],"collection":[{"href":"https:\/\/mol.icb.usp.br\/index.php\/wp-json\/wp\/v2\/pages"}],"about":[{"href":"https:\/\/mol.icb.usp.br\/index.php\/wp-json\/wp\/v2\/types\/page"}],"author":[{"embeddable":true,"href":"https:\/\/mol.icb.usp.br\/index.php\/wp-json\/wp\/v2\/users\/2"}],"replies":[{"embeddable":true,"href":"https:\/\/mol.icb.usp.br\/index.php\/wp-json\/wp\/v2\/comments?post=6124"}],"version-history":[{"count":10,"href":"https:\/\/mol.icb.usp.br\/index.php\/wp-json\/wp\/v2\/pages\/6124\/revisions"}],"predecessor-version":[{"id":10408,"href":"https:\/\/mol.icb.usp.br\/index.php\/wp-json\/wp\/v2\/pages\/6124\/revisions\/10408"}],"wp:attachment":[{"href":"https:\/\/mol.icb.usp.br\/index.php\/wp-json\/wp\/v2\/media?parent=6124"}],"curies":[{"name":"wp","href":"https:\/\/api.w.org\/{rel}","templated":true}]}}