{"id":5520,"date":"2018-02-23T11:18:02","date_gmt":"2018-02-23T14:18:02","guid":{"rendered":"http:\/\/mol.icb.usp.br\/?page_id=5520"},"modified":"2024-03-01T08:02:31","modified_gmt":"2024-03-01T11:02:31","slug":"1-27-conceitos-basicos","status":"publish","type":"page","link":"https:\/\/mol.icb.usp.br\/index.php\/1-27-conceitos-basicos\/","title":{"rendered":"1-27 Conceitos b\u00e1sicos"},"content":{"rendered":"<div class=\"su-row\">\n<div class=\"su-column su-column-size-1-1\"><div class=\"su-column-inner su-u-clearfix su-u-trim\">\n<strong>PREPARA\u00c7\u00c3O DE TECIDOS DUROS &#8211; OSSO E DENTE <\/strong><\/div><\/div>\n<\/div>\n<div class=\"su-row\">\n<div class=\"su-column su-column-size-1-2\"><div class=\"su-column-inner su-u-clearfix su-u-trim\">\nA prepara\u00e7\u00e3o de cortes histol\u00f3gicos de tecidos duros \u00e9 um desafio que \u00e9 resolvido por metodologias espec\u00edficas.<br \/>\nOsso e dente s\u00e3o tecidos r\u00edgidos devido \u00e0 presen\u00e7a de <strong>sais minerais<\/strong> em sua composi\u00e7\u00e3o. \u00c9 o que se denomina <strong>mineraliza\u00e7\u00e3o<\/strong>. Como os sais depositados s\u00e3o principalmente mol\u00e9culas de fosfato de c\u00e1lcio, sob forma de cristais de um mineral denominado hidroxiapatita, esta deposi\u00e7\u00e3o de sais \u00e9 tamb\u00e9m denominada <strong>calcifica\u00e7\u00e3o<\/strong>.<br \/>\nMicr\u00f3tomos comuns n\u00e3o t\u00eam capacidade de seccionar tecidos mineralizados, pois s\u00e3o muito duros. H\u00e1, por\u00e9m micr\u00f3tomos especiais que podem faz\u00ea-lo.<br \/>\nNa pr\u00e1tica, no entanto, a maioria dos laborat\u00f3rios de Histologia n\u00e3o possuem um equipamento deste tipo.<br \/>\nNas p\u00e1ginas seguintes s\u00e3o descritos os principais m\u00e9todos para obten\u00e7\u00e3o de cortes delgados para observa\u00e7\u00e3o de tecidos calcificados em microsc\u00f3pio de luz.<\/p>\n<p>Para navegar no MOL, use os links ACESSAR P\u00c1GINA ANTERIOR e ACESSAR P\u00c1GINA SEGUINTE situados abaixo da figura.<\/p>\n<p><strong>NAVEGA\u00c7\u00c3O NO MOL:<\/strong><\/p>\n<p><a href=\"http:\/\/mol.icb.usp.br\/index.php\/1-26-conceitos-basicos\/\">ACESSAR P\u00c1GINA ANTERIOR<\/a><\/p>\n<p><a href=\"https:\/\/mol.icb.usp.br\/index.php\/1-b-1-tecido-epitelial-de-revestimento\/\">AVAN\u00c7AR PARA O M\u00d3DULO C\u00c9LULAS , TECIDOS, \u00d3RG\u00c3OS<\/a><\/p>\n<p>&nbsp;<\/p>\n<p>&nbsp;<\/p>\n<\/div><\/div>\n<div class=\"su-column su-column-size-1-2\"><div class=\"su-column-inner su-u-clearfix su-u-trim\">\n<\/div><\/div>\n<\/div>\n","protected":false},"excerpt":{"rendered":"","protected":false},"author":2,"featured_media":0,"parent":0,"menu_order":0,"comment_status":"closed","ping_status":"closed","template":"","meta":{"_monsterinsights_skip_tracking":false,"_monsterinsights_sitenote_active":false,"_monsterinsights_sitenote_note":"","_monsterinsights_sitenote_category":0,"footnotes":""},"class_list":["post-5520","page","type-page","status-publish","hentry"],"_links":{"self":[{"href":"https:\/\/mol.icb.usp.br\/index.php\/wp-json\/wp\/v2\/pages\/5520"}],"collection":[{"href":"https:\/\/mol.icb.usp.br\/index.php\/wp-json\/wp\/v2\/pages"}],"about":[{"href":"https:\/\/mol.icb.usp.br\/index.php\/wp-json\/wp\/v2\/types\/page"}],"author":[{"embeddable":true,"href":"https:\/\/mol.icb.usp.br\/index.php\/wp-json\/wp\/v2\/users\/2"}],"replies":[{"embeddable":true,"href":"https:\/\/mol.icb.usp.br\/index.php\/wp-json\/wp\/v2\/comments?post=5520"}],"version-history":[{"count":8,"href":"https:\/\/mol.icb.usp.br\/index.php\/wp-json\/wp\/v2\/pages\/5520\/revisions"}],"predecessor-version":[{"id":9134,"href":"https:\/\/mol.icb.usp.br\/index.php\/wp-json\/wp\/v2\/pages\/5520\/revisions\/9134"}],"wp:attachment":[{"href":"https:\/\/mol.icb.usp.br\/index.php\/wp-json\/wp\/v2\/media?parent=5520"}],"curies":[{"name":"wp","href":"https:\/\/api.w.org\/{rel}","templated":true}]}}