{"id":5367,"date":"2018-02-12T17:15:36","date_gmt":"2018-02-12T19:15:36","guid":{"rendered":"http:\/\/mol.icb.usp.br\/?page_id=5367"},"modified":"2018-02-12T17:15:36","modified_gmt":"2018-02-12T19:15:36","slug":"10-0-sangue-e-hemocitopoese","status":"publish","type":"page","link":"https:\/\/mol.icb.usp.br\/index.php\/10-0-sangue-e-hemocitopoese\/","title":{"rendered":"10-0 Sangue e hemocitopoese"},"content":{"rendered":"<p>OBJETIVOS DESTE M\u00d3DULO:<\/p>\n<p>Reconhecer as c\u00e9lulas do sangue circulante.<br \/>\nReconhecer as principais c\u00e9lulas da medula \u00f3ssea hematog\u00eanica.<\/p>\n<p>Este m\u00f3dulo \u00e9 composto de 27 p\u00e1ginas.<br \/>\n<a href=\"http:\/\/mol.icb.usp.br\/index.php\/10-1-sangue-e-hemocitopoese\/\">ENTRE NO IN\u00cdCIO DO M\u00d3DULO 10<\/a><br \/>\nou<br \/>\nCLIQUE NOS LINKS PARA ABRIR OS T\u00d3PICOS PRINCIPAIS:<\/p>\n<p><a href=\"http:\/\/mol.icb.usp.br\/index.php\/10-1-sangue-e-hemocitopoese\/\">Introdu\u00e7\u00e3o: c\u00e9lulas do sangue.<\/a><br \/>\n<a href=\"http:\/\/mol.icb.usp.br\/index.php\/10-2-sangue-e-hemocitopoese\/\">Esfrega\u00e7o de sangue: sua prepara\u00e7\u00e3o e cuidados ao examin\u00e1-los.<\/a><br \/>\n<a href=\"http:\/\/mol.icb.usp.br\/index.php\/10-4-sangue-e-hemocitopoese\/\">Hem\u00e1cias.<\/a><br \/>\n<a href=\"http:\/\/mol.icb.usp.br\/index.php\/10-5-sangue-e-hemocitopoese\/\">Neutr\u00f3filos.<\/a><br \/>\n<a href=\"http:\/\/mol.icb.usp.br\/index.php\/10-8-sangue-e-hemocitopoese\/\">Eosin\u00f3filos.<\/a><br \/>\n<a href=\"http:\/\/mol.icb.usp.br\/index.php\/10-9-sangue-e-hemocitopoese\/\">Bas\u00f3filos.<\/a><br \/>\n<a href=\"http:\/\/mol.icb.usp.br\/index.php\/10-10-sangue-e-hemocitopoese\/\">Linf\u00f3citos.<\/a><br \/>\n<a href=\"http:\/\/mol.icb.usp.br\/index.php\/10-11-sangue-e-hemocitopoese\/\">Mon\u00f3citos.<\/a><br \/>\n<a href=\"http:\/\/mol.icb.usp.br\/index.php\/10-13-sangue-e-hemocitopoese\/\">Plaquetas<\/a><br \/>\n<a href=\"http:\/\/mol.icb.usp.br\/index.php\/10-14-sangue-e-hemocitopoese\/\">Eventos importantes da hemocitopoese.<\/a><br \/>\n<a href=\"http:\/\/mol.icb.usp.br\/index.php\/10-16-sangue-e-hemocitopoese\/\">C\u00e9lulas de esfrega\u00e7os da medula \u00f3ssea hematog\u00eanica. <\/a><\/p>\n","protected":false},"excerpt":{"rendered":"<p>OBJETIVOS DESTE M\u00d3DULO: Reconhecer as c\u00e9lulas do sangue circulante. Reconhecer as principais c\u00e9lulas da medula \u00f3ssea hematog\u00eanica. Este m\u00f3dulo \u00e9 composto de 27 p\u00e1ginas. ENTRE NO IN\u00cdCIO DO M\u00d3DULO 10 ou CLIQUE NOS LINKS PARA ABRIR OS T\u00d3PICOS PRINCIPAIS: Introdu\u00e7\u00e3o: c\u00e9lulas do sangue. Esfrega\u00e7o de sangue: sua prepara\u00e7\u00e3o e cuidados ao examin\u00e1-los. Hem\u00e1cias. Neutr\u00f3filos. Eosin\u00f3filos. [&hellip;]<\/p>\n","protected":false},"author":2,"featured_media":0,"parent":0,"menu_order":0,"comment_status":"closed","ping_status":"closed","template":"","meta":{"_monsterinsights_skip_tracking":false,"_monsterinsights_sitenote_active":false,"_monsterinsights_sitenote_note":"","_monsterinsights_sitenote_category":0,"footnotes":""},"class_list":["post-5367","page","type-page","status-publish","hentry"],"_links":{"self":[{"href":"https:\/\/mol.icb.usp.br\/index.php\/wp-json\/wp\/v2\/pages\/5367"}],"collection":[{"href":"https:\/\/mol.icb.usp.br\/index.php\/wp-json\/wp\/v2\/pages"}],"about":[{"href":"https:\/\/mol.icb.usp.br\/index.php\/wp-json\/wp\/v2\/types\/page"}],"author":[{"embeddable":true,"href":"https:\/\/mol.icb.usp.br\/index.php\/wp-json\/wp\/v2\/users\/2"}],"replies":[{"embeddable":true,"href":"https:\/\/mol.icb.usp.br\/index.php\/wp-json\/wp\/v2\/comments?post=5367"}],"version-history":[{"count":1,"href":"https:\/\/mol.icb.usp.br\/index.php\/wp-json\/wp\/v2\/pages\/5367\/revisions"}],"predecessor-version":[{"id":5368,"href":"https:\/\/mol.icb.usp.br\/index.php\/wp-json\/wp\/v2\/pages\/5367\/revisions\/5368"}],"wp:attachment":[{"href":"https:\/\/mol.icb.usp.br\/index.php\/wp-json\/wp\/v2\/media?parent=5367"}],"curies":[{"name":"wp","href":"https:\/\/api.w.org\/{rel}","templated":true}]}}