{"id":5166,"date":"2018-02-11T19:23:48","date_gmt":"2018-02-11T21:23:48","guid":{"rendered":"http:\/\/mol.icb.usp.br\/?page_id=5166"},"modified":"2020-03-24T15:37:42","modified_gmt":"2020-03-24T18:37:42","slug":"20-35-2","status":"publish","type":"page","link":"https:\/\/mol.icb.usp.br\/index.php\/20-35-2\/","title":{"rendered":"20-35 Aparelho reprodutor feminino"},"content":{"rendered":"<div class=\"su-row\">\n  <div class=\"su-column su-column-size-1-1\"><div class=\"su-column-inner su-u-clearfix su-u-trim\"> GL\u00c2NDULA MAM\u00c1RIA <\/div><\/div>\n<\/div>\n<div class=\"su-row\">\n  <div class=\"su-column su-column-size-1-2\"><div class=\"su-column-inner su-u-clearfix su-u-trim\">\nFase de lacta\u00e7\u00e3o.<br \/>\nDetalhe de alv\u00e9olos da gl\u00e2ndula mam\u00e1ria.<br \/>\nObserve:<br \/>\n&#8211; O <strong>epit\u00e9lio simples c\u00fabico<\/strong> que forma o revestimento dos alv\u00e9olos. O revestimento de um destes alv\u00e9olos est\u00e1 destacado em azul claro.<br \/>\n&#8211; As setas verdes indicam pequenas por\u00e7\u00f5es do citoplasma apical das c\u00e9lulas da gl\u00e2ndula que est\u00e3o se destacando das c\u00e9lulas secretoras.<br \/>\n&#8211; As setas vermelhas indicam por\u00e7\u00f5es do citoplasma que foram liberadas do citoplasma e que est\u00e3o agora livres no l\u00famen dos alv\u00e9olos. Observe que cada uma destas por\u00e7\u00f5es possui gordura na sua parte central (regi\u00e3o incolor) que \u00e9 envolvida por uma delgada camada de citoplasma em cor de rosa.<br \/>\nImagem do livro HISTOLOGIA, de Paulo Abrahamsohn. http:\/\/www.histologia.pro.br\/<\/p>\n<\/div><\/div>\n  <div class=\"su-column su-column-size-1-2\"><div class=\"su-column-inner su-u-clearfix su-u-trim\"> <\/p>\n<div onclick>\n<div class=\"image-container\">\n<div class=\"extra\">\n<a href=\"javascript:void(0)\"><img decoding=\"async\" src=\" http:\/\/mol.icb.usp.br\/wp-content\/uploads\/20-35.jpg \" onmouseover=\"this.src=' http:\/\/mol.icb.usp.br\/wp-content\/uploads\/20-35-MO.jpg'\" onmouseout=\"this.src=' http:\/\/mol.icb.usp.br\/wp-content\/uploads\/20-35.jpg'\" \/><\/a><\/div>\n<p>Gl\u00e2ndula mam\u00e1ria. Colora\u00e7\u00e3o: hematoxilina e eosina. Aumento grande.<\/p>\n<p><img decoding=\"async\" src=\"http:\/\/mol.icb.usp.br\/wp-content\/uploads\/mouse-1.gif\"\/><\/a><\/p>\n<div onclick=\"\"\n\n\n<\/p>\n<p><strong>Desktops e notebooks<\/strong> &#8211; Coloque o cursor sobre a imagem.<\/p>\n<p><strong>Tablets e telefones celulares &#8211; <\/strong>Clique sobre a figura para acessar outra imagem. Clique fora da figura para voltar \u00e0 primeira imagem.<\/p>\n<p><strong>NAVEGA\u00c7\u00c3O NO MOL:<\/strong><\/p>\n<p><a href=\"http:\/\/mol.icb.usp.br\/index.php\/20-34-aparelho-reprodutor-feminino\/\">ACESSAR P\u00c1GINA ANTERIOR<\/p>\n<p><a href=\"http:\/\/mol.icb.usp.br\/index.php\/20-36-aparelho-reprodutor-feminino\/\">ACESSAR P\u00c1GINA SEGUINTE\n<\/div>\n<\/div>\n<\/div>\n<p><\/body><br \/>\n<\/html> <\/div><\/div>\n<\/div>\n","protected":false},"excerpt":{"rendered":"","protected":false},"author":2,"featured_media":0,"parent":0,"menu_order":0,"comment_status":"closed","ping_status":"closed","template":"","meta":{"_monsterinsights_skip_tracking":false,"_monsterinsights_sitenote_active":false,"_monsterinsights_sitenote_note":"","_monsterinsights_sitenote_category":0,"footnotes":""},"class_list":["post-5166","page","type-page","status-publish","hentry"],"_links":{"self":[{"href":"https:\/\/mol.icb.usp.br\/index.php\/wp-json\/wp\/v2\/pages\/5166"}],"collection":[{"href":"https:\/\/mol.icb.usp.br\/index.php\/wp-json\/wp\/v2\/pages"}],"about":[{"href":"https:\/\/mol.icb.usp.br\/index.php\/wp-json\/wp\/v2\/types\/page"}],"author":[{"embeddable":true,"href":"https:\/\/mol.icb.usp.br\/index.php\/wp-json\/wp\/v2\/users\/2"}],"replies":[{"embeddable":true,"href":"https:\/\/mol.icb.usp.br\/index.php\/wp-json\/wp\/v2\/comments?post=5166"}],"version-history":[{"count":17,"href":"https:\/\/mol.icb.usp.br\/index.php\/wp-json\/wp\/v2\/pages\/5166\/revisions"}],"predecessor-version":[{"id":8723,"href":"https:\/\/mol.icb.usp.br\/index.php\/wp-json\/wp\/v2\/pages\/5166\/revisions\/8723"}],"wp:attachment":[{"href":"https:\/\/mol.icb.usp.br\/index.php\/wp-json\/wp\/v2\/media?parent=5166"}],"curies":[{"name":"wp","href":"https:\/\/api.w.org\/{rel}","templated":true}]}}