{"id":511,"date":"2017-05-18T17:38:13","date_gmt":"2017-05-18T20:38:13","guid":{"rendered":"http:\/\/mol.icb.usp.br\/?page_id=511"},"modified":"2022-08-18T10:03:42","modified_gmt":"2022-08-18T13:03:42","slug":"1-26-conceitos-basicos","status":"publish","type":"page","link":"https:\/\/mol.icb.usp.br\/index.php\/1-26-conceitos-basicos\/","title":{"rendered":"1-26 Conceitos b\u00e1sicos"},"content":{"rendered":"<div class=\"su-row\">\n  <div class=\"su-column su-column-size-1-1\"><div class=\"su-column-inner su-u-clearfix su-u-trim\"><strong>COLORA\u00c7\u00d5ES PARA MICROSCOPIA DE LUZ &#8211; 4<\/strong><\/div><\/div>\n<\/div>\n<div class=\"su-row\">\n  <div class=\"su-column su-column-size-1-2\"><div class=\"su-column-inner su-u-clearfix su-u-trim\"><strong>Mais sutilezas da colora\u00e7\u00e3o por H&#038;E<\/strong><\/p>\n<p>Colora\u00e7\u00e3o da matriz extracelular<br \/>\nO material que fica entre as c\u00e9lulas -chamado matriz extracelular- tamb\u00e9m \u00e9 corado pelas colora\u00e7\u00f5es histol\u00f3gicas habituais.<br \/>\nA composi\u00e7\u00e3o qu\u00edmica da matriz extracelular varia nos diversos tecidos e regi\u00f5es do organismo. Se a matriz for constitu\u00edda principalmente por prote\u00ednas, provavelmente ser\u00e1 corada pela eosina e ter\u00e1 caracter\u00edstica de <strong>acidofilia<\/strong>. Isto foi observado na p\u00e1gina 1-24, onde as fibras col\u00e1genas estavam coradas por eosina.<\/p>\n<p>A imagem da p\u00e1gina atual \u00e9 de um corte de <strong>cartilagem hialina<\/strong>. As c\u00e9lulas cartilaginosas s\u00e3o tamb\u00e9m chamadas <strong>condr\u00f3citos<\/strong>. S\u00e3o vistos em azul escuro ap\u00f3s movimentar o mouse ou clicar. Entre os condr\u00f3citos ou entre grupos de condr\u00f3citos existe matriz extracelular.<br \/>\nRepare que em vez de ser acid\u00f3fila (cor de rosa, corada pela eosina) como no caso da matriz rica em col\u00e1geno, a matriz da cartilagem se cora em azul-roxo pela hematoxilina e \u00e9, portanto, <strong>bas\u00f3fila<\/strong>. Isto acontece porque a matriz deste tipo de cartilagem cont\u00e9m muitas mol\u00e9culas com grupamentos \u00e1cidos (principalmente sulfatos). Estes tem afinidade pela hematoxilina.<br \/>\nEla aparece em ressaltada em azul turquesa ap\u00f3s movimentar o mouse, envolvendo os condr\u00f3citos.<br \/>\nEm torno deste pequeno fragmento de cartilagem (pr\u00f3ximo \u00e0 borda esquerda e direita da figura) h\u00e1 matriz extracelular rica em col\u00e1geno o qual, como o col\u00e1geno de outros locais do organismo, se cora em vermelho ou rosa pela eosina e \u00e9 <strong>acid\u00f3filo<\/strong>. Este ser\u00e1 visto em cor de rosa ap\u00f3s movimentar o mouse.<\/p>\n<\/div><\/div>\n  <div class=\"su-column su-column-size-1-2\"><div class=\"su-column-inner su-u-clearfix su-u-trim\"> <\/p>\n<div onclick>\n<div class=\"image-container\">\n<div class=\"extra\">\n<a href=\"javascript:void(0)\"><img decoding=\"async\" src=\" http:\/\/mol.icb.usp.br\/wp-content\/uploads\/1-26.jpg \" onmouseover=\"this.src=' http:\/\/mol.icb.usp.br\/wp-content\/uploads\/1-26MO.jpg'\" onmouseout=\"this.src=' http:\/\/mol.icb.usp.br\/wp-content\/uploads\/1-26.jpg'\" \/><\/a><\/div>\n<p>Cartilagem hialina. Colora\u00e7\u00e3o: HE. Aumento pequeno.<\/p>\n<p><img decoding=\"async\" src=\"http:\/\/mol.icb.usp.br\/wp-content\/uploads\/mouse-1.gif\"\/><\/a><\/p>\n<div onclick=\"\">\n<p><strong>NAVEGA\u00c7\u00c3O NO MOL:<\/strong><\/p>\n<p><a href=\"http:\/\/mol.icb.usp.br\/index.php\/1-25-conceitos-basicos\/\">ACESSAR P\u00c1GINA ANTERIOR<\/a><\/p>\n<p><a href=\"http:\/\/mol.icb.usp.br\/index.php\/1-27-conceitos-basicos\/\">ACESSAR P\u00c1GINA SEGUINTE<\/a><\/p>\n<\/div>\n<\/div>\n<\/div>\n<p><\/body><br \/>\n<\/html> <\/div><\/div>\n<\/div>\n","protected":false},"excerpt":{"rendered":"","protected":false},"author":2,"featured_media":0,"parent":0,"menu_order":0,"comment_status":"closed","ping_status":"closed","template":"","meta":{"_monsterinsights_skip_tracking":false,"_monsterinsights_sitenote_active":false,"_monsterinsights_sitenote_note":"","_monsterinsights_sitenote_category":0,"footnotes":""},"class_list":["post-511","page","type-page","status-publish","hentry"],"_links":{"self":[{"href":"https:\/\/mol.icb.usp.br\/index.php\/wp-json\/wp\/v2\/pages\/511"}],"collection":[{"href":"https:\/\/mol.icb.usp.br\/index.php\/wp-json\/wp\/v2\/pages"}],"about":[{"href":"https:\/\/mol.icb.usp.br\/index.php\/wp-json\/wp\/v2\/types\/page"}],"author":[{"embeddable":true,"href":"https:\/\/mol.icb.usp.br\/index.php\/wp-json\/wp\/v2\/users\/2"}],"replies":[{"embeddable":true,"href":"https:\/\/mol.icb.usp.br\/index.php\/wp-json\/wp\/v2\/comments?post=511"}],"version-history":[{"count":18,"href":"https:\/\/mol.icb.usp.br\/index.php\/wp-json\/wp\/v2\/pages\/511\/revisions"}],"predecessor-version":[{"id":9027,"href":"https:\/\/mol.icb.usp.br\/index.php\/wp-json\/wp\/v2\/pages\/511\/revisions\/9027"}],"wp:attachment":[{"href":"https:\/\/mol.icb.usp.br\/index.php\/wp-json\/wp\/v2\/media?parent=511"}],"curies":[{"name":"wp","href":"https:\/\/api.w.org\/{rel}","templated":true}]}}