{"id":498,"date":"2017-05-18T17:22:39","date_gmt":"2017-05-18T20:22:39","guid":{"rendered":"http:\/\/mol.icb.usp.br\/?page_id=498"},"modified":"2018-01-17T18:11:02","modified_gmt":"2018-01-17T20:11:02","slug":"1-25-conceitos-basicos","status":"publish","type":"page","link":"https:\/\/mol.icb.usp.br\/index.php\/1-25-conceitos-basicos\/","title":{"rendered":"1-25 Conceitos b\u00e1sicos"},"content":{"rendered":"<div class=\"su-row\">\n  <div class=\"su-column su-column-size-1-1\"><div class=\"su-column-inner su-u-clearfix su-u-trim\"><strong>COLORA\u00c7\u00d5ES PARA MICROSCOPIA DE LUZ &#8211; 3<\/strong> <\/div><\/div>\n<\/div>\n<div class=\"su-row\">\n  <div class=\"su-column su-column-size-1-2\"><div class=\"su-column-inner su-u-clearfix su-u-trim\">V\u00e1rios tipos de c\u00e9lulas, especialmente c\u00e9lulas que sintetizam muitas prote\u00ednas, possuem muitos ribossomos livres no seu citoplasma ou um ret\u00edculo endoplasm\u00e1tico granuloso (REG) muito desenvolvido. Em c\u00e9lulas que possuem grandes conjuntos de cisternas do REG, seus aglomerados podem ser vistos ao microsc\u00f3pio de luz e recebem o nome de <strong>ergastoplasma<\/strong>.<br \/>\nAs regi\u00f5es citoplasm\u00e1ticas onde h\u00e1 ac\u00famulos de ribossomos ou ergastoplasma se coram por hematoxilina e quando estas c\u00e9lulas s\u00e3o observadas por microscopia de luz elas apresentam <strong>cor azulada<\/strong>. J\u00e1 foi mencionado que a afinidade de estruturas \u00e1cidas por corantes b\u00e1sicos \u00e9 denominada <strong>basofilia<\/strong>. Portanto, estas regi\u00f5es do citoplasma s\u00e3o <strong>bas\u00f3filas<\/strong>.<br \/>\nUm exemplo muito demonstrativo de <strong>basofilia citoplasm\u00e1tica<\/strong> pode ser visto nas c\u00e9lulas ex\u00f3crinas do p\u00e2ncreas. Estas c\u00e9lulas secretam suco pancre\u00e1tico, que \u00e9 constitu\u00eddo de grande quantidade de prote\u00ednas. A forma geral destas c\u00e9lulas \u00e9 piramidal ou piriforme (em forma de pera). Elas se re\u00fanem em pequenos conjuntos esf\u00e9ricos chamados <strong>\u00e1cinos<\/strong> (mais detalhes no M\u00f3dulo &#8211; Epit\u00e9lios glandulares).<br \/>\nA regi\u00e3o destas c\u00e9lulas que cont\u00eam muito ergastoplasma fica na base da pir\u00e2mide. Como estas c\u00e9lulas cont\u00eam muitas prote\u00ednas ao lado de \u00e1cidos nucleicos, estas regi\u00f5es mostram uma mistura de colora\u00e7\u00e3o por hematoxilina e por eosina, portanto uma cor arroxeada.<br \/>\nAo deslocar o mouse ou clicar sobre a figura, duas c\u00e9lulas ex\u00f3crinas de um \u00e1cino aparecem demarcadas por linhas escuras. A por\u00e7\u00e3o bas\u00f3fila do seu citoplasma aparecer\u00e1 demarcada em azul claro.  Os n\u00facleos aparecer\u00e3o coloridos em um tom mais escuro de azul.<br \/>\nA regi\u00e3o da c\u00e9lula que ocupa todo o \u00e1pice da pir\u00e2mide est\u00e1 preenchida por gr\u00e3os de secre\u00e7\u00e3o \u2013 que cont\u00eam suco pancre\u00e1tico. Este \u00e9 constitu\u00eddo quase s\u00f3 de prote\u00ednas, que se coram preferentemente por corantes \u00e1cidos como a eosina \u2013 a regi\u00e3o \u00e9, portanto, <strong>acid\u00f3fila<\/strong>.<br \/>\nO \u00e1pice da pir\u00e2mide aparecer\u00e1 em cor de rosa ap\u00f3s colocar o mouse ou clicar sobre a imagem. <\/p>\n<p>Aproveite para observar que estas c\u00e9lulas secretoras possuem <strong>nucl\u00e9olos muito volumosos<\/strong>, ressaltados em alguns dos n\u00facleos. <\/p>\n<\/div><\/div>\n  <div class=\"su-column su-column-size-1-2\"><div class=\"su-column-inner su-u-clearfix su-u-trim\"> <\/p>\n<div onclick>\n<div class=\"image-container\">\n<div class=\"extra\">\n<a href=\"javascript:void(0)\"><img decoding=\"async\" src=\" http:\/\/mol.icb.usp.br\/wp-content\/uploads\/1-25.jpg \" onmouseover=\"this.src=' http:\/\/mol.icb.usp.br\/wp-content\/uploads\/1-25MO.jpg'\" onmouseout=\"this.src=' http:\/\/mol.icb.usp.br\/wp-content\/uploads\/1-25.jpg'\" \/><\/a><\/div>\n<p>P\u00e2ncreas. Colora\u00e7\u00e3o: HE. Aumento m\u00e9dio.<\/p>\n<p><img decoding=\"async\" src=\"http:\/\/mol.icb.usp.br\/wp-content\/uploads\/mouse-1.gif\"\/><\/a><\/p>\n<div onclick=\"\"><strong>Tablets e telefones celulares:<\/strong><br \/>\nClique sobre a figura para acessar outra imagem. Clique fora da figura para voltar \u00e0 primeira imagem.<\/p>\n<p>Para navegar no MOL, use os links ACESSAR P\u00c1GINA ANTERIOR e ACESSAR P\u00c1GINA SEGUINTE situados abaixo da figura.<\/p>\n<p><strong>NAVEGA\u00c7\u00c3O NO MOL:<\/strong><\/p>\n<p><a href=\"http:\/\/mol.icb.usp.br\/index.php\/1-24-conceitos-basicos\/\">ACESSAR P\u00c1GINA ANTERIOR<\/a><\/p>\n<p><a href=\"http:\/\/mol.icb.usp.br\/index.php\/1-26-conceitos-basicos\/\">ACESSAR P\u00c1GINA SEGUINTE<\/a>\n<\/div>\n<\/div>\n<\/div>\n<p><\/body><br \/>\n<\/html> <\/div><\/div>\n<\/div>\n","protected":false},"excerpt":{"rendered":"","protected":false},"author":2,"featured_media":0,"parent":0,"menu_order":0,"comment_status":"closed","ping_status":"closed","template":"","meta":{"_monsterinsights_skip_tracking":false,"_monsterinsights_sitenote_active":false,"_monsterinsights_sitenote_note":"","_monsterinsights_sitenote_category":0,"footnotes":""},"class_list":["post-498","page","type-page","status-publish","hentry"],"_links":{"self":[{"href":"https:\/\/mol.icb.usp.br\/index.php\/wp-json\/wp\/v2\/pages\/498"}],"collection":[{"href":"https:\/\/mol.icb.usp.br\/index.php\/wp-json\/wp\/v2\/pages"}],"about":[{"href":"https:\/\/mol.icb.usp.br\/index.php\/wp-json\/wp\/v2\/types\/page"}],"author":[{"embeddable":true,"href":"https:\/\/mol.icb.usp.br\/index.php\/wp-json\/wp\/v2\/users\/2"}],"replies":[{"embeddable":true,"href":"https:\/\/mol.icb.usp.br\/index.php\/wp-json\/wp\/v2\/comments?post=498"}],"version-history":[{"count":10,"href":"https:\/\/mol.icb.usp.br\/index.php\/wp-json\/wp\/v2\/pages\/498\/revisions"}],"predecessor-version":[{"id":596,"href":"https:\/\/mol.icb.usp.br\/index.php\/wp-json\/wp\/v2\/pages\/498\/revisions\/596"}],"wp:attachment":[{"href":"https:\/\/mol.icb.usp.br\/index.php\/wp-json\/wp\/v2\/media?parent=498"}],"curies":[{"name":"wp","href":"https:\/\/api.w.org\/{rel}","templated":true}]}}