{"id":490,"date":"2017-05-18T12:14:43","date_gmt":"2017-05-18T15:14:43","guid":{"rendered":"http:\/\/mol.icb.usp.br\/?page_id=490"},"modified":"2020-12-27T16:00:58","modified_gmt":"2020-12-27T19:00:58","slug":"1-24-conceitos-basicos","status":"publish","type":"page","link":"https:\/\/mol.icb.usp.br\/index.php\/1-24-conceitos-basicos\/","title":{"rendered":"1-24 Conceitos b\u00e1sicos"},"content":{"rendered":"<div class=\"su-row\">\n  <div class=\"su-column su-column-size-1-1\"><div class=\"su-column-inner su-u-clearfix su-u-trim\"> <strong>COLORA\u00c7\u00d5ES PARA MICROSCOPIA DE LUZ &#8211; 2 <\/strong><\/div><\/div>\n<\/div>\n<div class=\"su-row\">\n  <div class=\"su-column su-column-size-1-2\"><div class=\"su-column-inner su-u-clearfix su-u-trim\"><strong>Hematoxilina e eosina<\/strong><\/p>\n<p>A imagem \u00e9 de um corte histol\u00f3gico de uma regi\u00e3o da parede do intestino em corte corado por hematoxilina e eosina (HE).<br \/>\nA por\u00e7\u00e3o direita da imagem \u00e9 ocupada por um feixe de <strong>c\u00e9lulas musculares lisas<\/strong>. Estas c\u00e9lulas s\u00e3o <strong>fusiformes<\/strong> e paralelas entre si. Nesta figura os eixos longos das c\u00e9lulas musculares est\u00e3o na maioria em posi\u00e7\u00e3o vertical ou obl\u00edqua.<br \/>\nA por\u00e7\u00e3o esquerda da imagem \u00e9 ocupada por <strong>tecido conjuntivo<\/strong> constitu\u00eddo por grande quantidade de fibras col\u00e1genas, que s\u00e3o acelulares e que fazem parte da matriz extracelular. As c\u00e9lulas deste tecido est\u00e3o dispostas de maneira muito variada.<br \/>\nOs <strong>n\u00facleos<\/strong> de ambos tecidos t\u00eam grupamentos \u00e1cidos nos seus \u00e1cidos nucleicos e por isso s\u00e3o denominadas <strong>estruturas bas\u00f3filas<\/strong> que se coram em roxo pela <strong>hematoxilina<\/strong>.<br \/>\nRepare que a maioria dos n\u00facleos das c\u00e9lulas do tecido conjuntivo se cora muito mais que as do tecido muscular sendo mais escuros. S\u00e3o chamados <strong>n\u00facleos de cromatina dens<\/strong>a. Os n\u00facleos que se coram menos, como os das c\u00e9lulas musculares, s\u00e3o chamados <strong>n\u00facleos de cromatina frouxa<\/strong>.<br \/>\nAp\u00f3s colocar o mouse ou clicar sobre a imagem os n\u00facleos de ambos tecidos ficar\u00e3o corados em azul escuro.<\/p>\n<p>O citoplasma das c\u00e9lulas musculares lisas e da maioria dos outros tipos celulares se cora em cor de rosa ou alaranjado, por ter sido corado preferentemente pela eosina. Estruturas que se coram pela eosina e por outros corantes \u00e1cidos s\u00e3o chamadas de <strong>acid\u00f3filas<\/strong> ou <strong>eosin\u00f3filas<\/strong>.<\/p>\n<p>A maior parte da regi\u00e3o corada em rosa no lado direito \u00e9 citoplasma das c\u00e9lulas musculares. O citoplasma se tornar\u00e1 corado em azul claro ao colocar o mouse ou clicar.<br \/>\nA por\u00e7\u00e3o esquerda da imagem, formada por tecido conjuntivo, tamb\u00e9m se cora bastante por eosina e \u00e9, portanto, eosin\u00f3fila ou acid\u00f3fila. Este tecido tem uma grande quantidade de fibras col\u00e1genas, que s\u00e3o as estruturas alongadas e tortuosas coradas pela eosina. As fibras col\u00e1genas s\u00e3o constitu\u00eddas pela prote\u00edna col\u00e1geno e por outras prote\u00ednas. As fibras aparecer\u00e3o em cor de rosa ap\u00f3s colocar o mouse ou clicar sobre a figura.<br \/>\n<\/div><\/div>\n  <div class=\"su-column su-column-size-1-2\"><div class=\"su-column-inner su-u-clearfix su-u-trim\"> <\/p>\n<div onclick>\n<div class=\"image-container\">\n<div class=\"extra\">\n<a href=\"javascript:void(0)\"><img decoding=\"async\" src=\" http:\/\/mol.icb.usp.br\/wp-content\/uploads\/1-24.jpg \" onmouseover=\"this.src=' http:\/\/mol.icb.usp.br\/wp-content\/uploads\/1-24MO.jpg'\" onmouseout=\"this.src=' http:\/\/mol.icb.usp.br\/wp-content\/uploads\/1-24.jpg'\" \/><\/a><\/div>\n<p>Intestino delgado. Colora\u00e7\u00e3o: HE. Aumento m\u00e9dio.<\/p>\n<p><img decoding=\"async\" src=\"http:\/\/mol.icb.usp.br\/wp-content\/uploads\/mouse-1.gif\"\/><\/a><\/p>\n<div onclick=\"\"><strong>Tablets e telefones celulares:<\/strong> <\/p>\n<p><strong>NAVEGA\u00c7\u00c3O NO MOL:<\/strong><\/p>\n<p><a href=\"http:\/\/mol.icb.usp.br\/index.php\/1-23-conceitos-basicos\/\">ACESSAR P\u00c1GINA ANTERIOR<\/a><\/p>\n<p><a href=\"http:\/\/mol.icb.usp.br\/index.php\/1-25-conceitos-basicos\/\">ACESSAR P\u00c1GINA SEGUINTE<\/a>\n<\/div>\n<\/div>\n<\/div>\n<p><\/body><br \/>\n<\/html> <\/div><\/div>\n<\/div>\n","protected":false},"excerpt":{"rendered":"","protected":false},"author":2,"featured_media":0,"parent":0,"menu_order":0,"comment_status":"closed","ping_status":"closed","template":"","meta":{"_monsterinsights_skip_tracking":false,"_monsterinsights_sitenote_active":false,"_monsterinsights_sitenote_note":"","_monsterinsights_sitenote_category":0,"footnotes":""},"class_list":["post-490","page","type-page","status-publish","hentry"],"_links":{"self":[{"href":"https:\/\/mol.icb.usp.br\/index.php\/wp-json\/wp\/v2\/pages\/490"}],"collection":[{"href":"https:\/\/mol.icb.usp.br\/index.php\/wp-json\/wp\/v2\/pages"}],"about":[{"href":"https:\/\/mol.icb.usp.br\/index.php\/wp-json\/wp\/v2\/types\/page"}],"author":[{"embeddable":true,"href":"https:\/\/mol.icb.usp.br\/index.php\/wp-json\/wp\/v2\/users\/2"}],"replies":[{"embeddable":true,"href":"https:\/\/mol.icb.usp.br\/index.php\/wp-json\/wp\/v2\/comments?post=490"}],"version-history":[{"count":8,"href":"https:\/\/mol.icb.usp.br\/index.php\/wp-json\/wp\/v2\/pages\/490\/revisions"}],"predecessor-version":[{"id":8896,"href":"https:\/\/mol.icb.usp.br\/index.php\/wp-json\/wp\/v2\/pages\/490\/revisions\/8896"}],"wp:attachment":[{"href":"https:\/\/mol.icb.usp.br\/index.php\/wp-json\/wp\/v2\/media?parent=490"}],"curies":[{"name":"wp","href":"https:\/\/api.w.org\/{rel}","templated":true}]}}