{"id":4892,"date":"2018-01-17T12:45:36","date_gmt":"2018-01-17T14:45:36","guid":{"rendered":"http:\/\/mol.icb.usp.br\/?page_id=4892"},"modified":"2025-07-16T18:29:10","modified_gmt":"2025-07-16T21:29:10","slug":"acesso-aos-modulos","status":"publish","type":"page","link":"https:\/\/mol.icb.usp.br\/index.php\/acesso-aos-modulos\/","title":{"rendered":"Acesso aos m\u00f3dulos"},"content":{"rendered":"<p>&nbsp;<\/p>\n<li style=\"list-style-type: none;\">\n<table style=\"width: 73.6446%; height: 320px;\">\n<tbody>\n<tr style=\"height: 21px;\">\n<td style=\"width: 9.28084%; height: 21px;\"><\/td>\n<td style=\"width: 31.8786%; height: 21px;\">M\u00d3DULO<\/td>\n<td style=\"width: 1.44928%; height: 21px;\"><\/td>\n<td style=\"width: 4.92754%; height: 21px;\"><\/td>\n<td style=\"width: 50.4348%; height: 21px;\">M\u00d3DULO<\/td>\n<\/tr>\n<tr style=\"height: 21px;\">\n<td style=\"width: 9.28084%; height: 21px;\"><\/td>\n<td style=\"width: 31.8786%; text-align: left; height: 21px;\"><\/td>\n<td style=\"width: 1.44928%; height: 21px;\"><\/td>\n<td style=\"width: 4.92754%; height: 21px;\"><\/td>\n<td style=\"width: 50.4348%; height: 21px;\"><\/td>\n<\/tr>\n<tr style=\"height: 21px;\">\n<td style=\"width: 9.28084%; height: 21px;\">1-1<\/td>\n<td style=\"width: 31.8786%; text-align: left; height: 21px;\"><a href=\"https:\/\/mol.icb.usp.br\/index.php\/1-0-conceitos-basicos-de-observacao-de-preparados-histologicos-ao-microscopio-de-luz\/\">Conceitos b\u00e1sicos<\/a><\/td>\n<td style=\"width: 1.44928%; height: 21px;\"><\/td>\n<td style=\"width: 4.92754%; height: 21px;\">11<\/td>\n<td style=\"width: 50.4348%; height: 21px;\"><a href=\"http:\/\/mol.icb.usp.br\/index.php\/11-0-sistema-circulatorio\/\">Sistema circulat\u00f3rio<\/a><\/td>\n<\/tr>\n<tr style=\"height: 21px;\">\n<td style=\"width: 9.28084%; height: 21px;\">1-2<\/td>\n<td style=\"width: 31.8786%; text-align: left; height: 21px;\"><a href=\"https:\/\/mol.icb.usp.br\/index.php\/1-b-2-tecido-epitelial-de-revestimento\/\">C\u00e9lulas, tecidos e \u00f3rg\u00e3os<\/a><\/td>\n<td style=\"width: 1.44928%; height: 21px;\"><\/td>\n<td style=\"width: 4.92754%; height: 21px;\">12<\/td>\n<td style=\"width: 50.4348%; height: 21px;\"><a href=\" https:\/\/mol.icb.usp.br\/index.php\/12-0-orgaos-linfoides-2\/\">\u00d3rg\u00e3os linfoides<\/a><\/td>\n<\/tr>\n<tr style=\"height: 21px;\">\n<td style=\"width: 9.28084%; height: 21px;\">2<\/td>\n<td style=\"width: 31.8786%; text-align: left; height: 21px;\"><a href=\"http:\/\/mol.icb.usp.br\/index.php\/2-0-tecido-epitelial-de-revestimento\">Epit\u00e9lios de revestimento<\/a><\/td>\n<td style=\"width: 1.44928%; height: 21px;\"><\/td>\n<td style=\"width: 4.92754%; height: 21px;\">13<\/td>\n<td style=\"width: 50.4348%; height: 21px;\"><a href=\" https:\/\/mol.icb.usp.br\/index.php\/13-histologia-oral-2\/\">Histologia oral<\/a><\/td>\n<\/tr>\n<tr style=\"height: 27px;\">\n<td style=\"width: 9.28084%; height: 27px;\">3<\/td>\n<td style=\"width: 31.8786%; height: 27px;\"><a href=\"http:\/\/mol.icb.usp.br\/index.php\/3-0-tecido-epitelial-glandular\/\">Epit\u00e9lios glandulares<\/a><\/td>\n<td style=\"width: 1.44928%; height: 27px;\"><\/td>\n<td style=\"width: 4.92754%; height: 27px;\">14<\/td>\n<td style=\"width: 50.4348%; height: 27px;\"><a href=\"https:\/\/mol.icb.usp.br\/index.php\/14-0-glandulas-endocrinas\/\/\">Gl\u00e2ndulas end\u00f3crinas<\/a><\/td>\n<\/tr>\n<tr style=\"height: 26px;\">\n<td style=\"width: 9.28084%; height: 26px;\">4<\/td>\n<td style=\"width: 31.8786%; height: 26px;\"><a href=\"http:\/\/mol.icb.usp.br\/index.php\/4-0-tecido-conjuntivo\/\">Tecido conjuntivo<\/a><\/td>\n<td style=\"width: 1.44928%; height: 26px;\"><\/td>\n<td style=\"width: 4.92754%; height: 26px;\">15<\/td>\n<td style=\"width: 50.4348%; height: 26px;\"><a href=\"https:\/\/mol.icb.usp.br\/index.php\/15-0-pele\/\/\">Pele<\/a><\/td>\n<\/tr>\n<tr style=\"height: 26px;\">\n<td style=\"width: 9.28084%; height: 26px;\">5<\/td>\n<td style=\"width: 31.8786%; height: 26px;\"><a href=\"http:\/\/mol.icb.usp.br\/index.php\/5-0-tecido-adiposo\/\">Tecido adiposo<\/a><\/td>\n<td style=\"width: 1.44928%; height: 26px;\"><\/td>\n<td style=\"width: 4.92754%; height: 26px;\">16<\/td>\n<td style=\"width: 50.4348%; height: 26px;\"><a href=\"http:\/\/mol.icb.usp.br\/index.php\/16-0-tubo-digestivo\/\">Tubo digestivo<\/a>\n<\/td>\n<\/tr>\n<tr style=\"height: 26px;\">\n<td style=\"width: 9.28084%; height: 26px;\">6<\/td>\n<td style=\"width: 31.8786%; height: 26px;\"><a href=\"http:\/\/mol.icb.usp.br\/index.php\/6-0-tecido-cartilaginoso\/\">Tecido cartilaginoso<\/a><\/td>\n<td style=\"width: 1.44928%; height: 26px;\"><\/td>\n<td style=\"width: 4.92754%; height: 26px;\">17<\/td>\n<td style=\"width: 50.4348%; height: 26px;\"><a href=\"http:\/\/mol.icb.usp.br\/index.php\/17-0-glandulas-anexas-ao-tubo-digestivo\/\">Gl\u00e2ndulas anexas ao tubo digestivo<\/a><\/td>\n<\/tr>\n<tr style=\"height: 26px;\">\n<td style=\"width: 9.28084%; height: 26px;\">7<\/td>\n<td style=\"width: 31.8786%; height: 26px;\"><a href=\"https:\/\/mol.icb.usp.br\/index.php\/7-0-tecido-osseo\/\">Tecido \u00f3sseo<\/a><\/td>\n<td style=\"width: 1.44928%; height: 26px;\"><\/td>\n<td style=\"width: 4.92754%; height: 26px;\">18<\/td>\n<td style=\"width: 50.4348%; height: 26px;\"><a href=\"http:\/\/mol.icb.usp.br\/index.php\/18-0-sistema-respiratorio\/\">Sistema respirat\u00f3rio<\/a><\/td>\n<\/tr>\n<tr style=\"height: 26px;\">\n<td style=\"width: 9.28084%; height: 26px;\">8<\/td>\n<td style=\"width: 31.8786%; height: 26px;\"><a href=\"http:\/\/mol.icb.usp.br\/index.php\/8-0-tecido-muscular\/\">Tecido muscular<\/a><\/td>\n<td style=\"width: 1.44928%; height: 26px;\"><\/td>\n<td style=\"width: 4.92754%; height: 26px;\">19<\/td>\n<td style=\"width: 50.4348%; height: 26px;\"><a href=\"http:\/\/mol.icb.usp.br\/index.php\/19-0-aparelho-urinario\/\">Sistema urin\u00e1rio<\/a><\/td>\n<\/tr>\n<tr style=\"height: 26px;\">\n<td style=\"width: 9.28084%; height: 26px;\">9<\/td>\n<td style=\"width: 31.8786%; height: 26px;\"><a \nhref=\"http:\/\/mol.icb.usp.br\/index.php\/9-0-tecido-nervoso\/\">Tecido nervoso<\/a><\/td>\n<td style=\"width: 1.44928%; height: 26px;\"><\/td>\n<td style=\"width: 4.92754%; height: 26px;\">20<\/td>\n<td style=\"width: 50.4348%; height: 26px;\"><a href=\"https:\/\/mol.icb.usp.br\/index.php\/20-0-aparelho-reprodutor-feminino\/\">Sistema genital feminino<\/a><\/td>\n<\/tr>\n<tr style=\"height: 26px;\">\n<td style=\"width: 9.28084%; height: 26px;\">10<\/td>\n<td style=\"width: 31.8786%; height: 26px;\"><a href=\"http:\/\/mol.icb.usp.br\/index.php\/10-0-sangue-e-hemocitopoese\/\">Sangue e hemocitopoiese<\/a><\/td>\n<td style=\"width: 1.44928%; height: 26px;\"><\/td>\n<td style=\"width: 4.92754%; height: 26px;\">21<\/td>\n<td style=\"width: 50.4348%; height: 26px;\"><a href=\"http:\/\/mol.icb.usp.br\/index.php\/21-0-aparelho-reprodutor-masculino\/\">Sistema genital masculino<\/a><\/td>\n<\/tr>\n<\/tbody>\n<\/table>\n<p>&nbsp;<\/p>\n<p>&nbsp;<\/p>\n<p>&nbsp;<\/p>\n<p>The Urinary System<\/p>\n<p>&nbsp;<\/p>\n","protected":false},"excerpt":{"rendered":"<p>&nbsp; M\u00d3DULO M\u00d3DULO 1-1 Conceitos b\u00e1sicos 11 Sistema circulat\u00f3rio 1-2 C\u00e9lulas, tecidos e \u00f3rg\u00e3os 12 \u00d3rg\u00e3os linfoides 2 Epit\u00e9lios de revestimento 13 Histologia oral 3 Epit\u00e9lios glandulares 14 Gl\u00e2ndulas end\u00f3crinas 4 Tecido conjuntivo 15 Pele 5 Tecido adiposo 16 Tubo digestivo 6 Tecido cartilaginoso 17 Gl\u00e2ndulas anexas ao tubo digestivo 7 Tecido \u00f3sseo 18 Sistema [&hellip;]<\/p>\n","protected":false},"author":2,"featured_media":0,"parent":0,"menu_order":0,"comment_status":"closed","ping_status":"closed","template":"","meta":{"_monsterinsights_skip_tracking":false,"_monsterinsights_sitenote_active":false,"_monsterinsights_sitenote_note":"","_monsterinsights_sitenote_category":0,"footnotes":""},"class_list":["post-4892","page","type-page","status-publish","hentry"],"_links":{"self":[{"href":"https:\/\/mol.icb.usp.br\/index.php\/wp-json\/wp\/v2\/pages\/4892"}],"collection":[{"href":"https:\/\/mol.icb.usp.br\/index.php\/wp-json\/wp\/v2\/pages"}],"about":[{"href":"https:\/\/mol.icb.usp.br\/index.php\/wp-json\/wp\/v2\/types\/page"}],"author":[{"embeddable":true,"href":"https:\/\/mol.icb.usp.br\/index.php\/wp-json\/wp\/v2\/users\/2"}],"replies":[{"embeddable":true,"href":"https:\/\/mol.icb.usp.br\/index.php\/wp-json\/wp\/v2\/comments?post=4892"}],"version-history":[{"count":286,"href":"https:\/\/mol.icb.usp.br\/index.php\/wp-json\/wp\/v2\/pages\/4892\/revisions"}],"predecessor-version":[{"id":10361,"href":"https:\/\/mol.icb.usp.br\/index.php\/wp-json\/wp\/v2\/pages\/4892\/revisions\/10361"}],"wp:attachment":[{"href":"https:\/\/mol.icb.usp.br\/index.php\/wp-json\/wp\/v2\/media?parent=4892"}],"curies":[{"name":"wp","href":"https:\/\/api.w.org\/{rel}","templated":true}]}}