{"id":4845,"date":"2018-01-16T20:24:33","date_gmt":"2018-01-16T22:24:33","guid":{"rendered":"http:\/\/mol.icb.usp.br\/?page_id=4845"},"modified":"2018-03-15T12:16:51","modified_gmt":"2018-03-15T15:16:51","slug":"12-33-orgaos-linfoides","status":"publish","type":"page","link":"https:\/\/mol.icb.usp.br\/index.php\/12-33-orgaos-linfoides\/","title":{"rendered":"12-33 \u00d3rg\u00e3os linfoides"},"content":{"rendered":"<div class=\"su-row\">\n<div class=\"su-column su-column-size-1-1\"><div class=\"su-column-inner su-u-clearfix su-u-trim\"><strong>MALT &#8211; 4<br \/>\nPLACA DE PEYER<br \/>\n<\/strong><\/div><\/div>\n<\/div>\n<div class=\"su-row\">\n<div class=\"su-column su-column-size-1-2\"><div class=\"su-column-inner su-u-clearfix su-u-trim\">\nUm ac\u00famulo constante de fol\u00edculos linfoides \u00e9 encontrado regularmente na regi\u00e3o do \u00edleo. Recebe o nome de placa de Peyer.<br \/>\nObserve na figura v\u00e1rios <strong>fol\u00edculos linfoides<\/strong> na submucosa deste segmento do \u00edleo. Est\u00e3o ressaltados em azul claro.<br \/>\nNote que a regi\u00e3o da submucosa situada em torno dos fol\u00edculos \u00e9 mais corada. Isto se deve ao ac\u00famulo de grande quantidade de <strong>c\u00e9lulas infiltradas<\/strong> neste local, principalmente linf\u00f3citos.<br \/>\nAs c\u00e9lulas infiltradas se estendem para a regi\u00e3o da mucosa intestinal, at\u00e9 a por\u00e7\u00e3o subjacente ao epit\u00e9lio intestinal. Este infiltrado est\u00e1 ressaltado em azul escuro.<br \/>\nEm algumas esp\u00e9cies animais (mas n\u00e3o na esp\u00e9cie humana) estes locais da mucosa infiltdados por linf\u00f3citos e c\u00e9lulas inflamat\u00f3rias se organizam em forma de pequenos cones, observados entre as vilosidades intestinais regulares. <\/p>\n<\/div><\/div>\n<div class=\"su-column su-column-size-1-2\"><div class=\"su-column-inner su-u-clearfix su-u-trim\">\n<div>\n<div class=\"image-container\">\n<a href=\"javascript:void(0)\"><img decoding=\"async\" src=\" http:\/\/mol.icb.usp.br\/wp-content\/uploads\/12-33.jpg \" onmouseover=\"this.src=' http:\/\/mol.icb.usp.br\/wp-content\/uploads\/12-33-MO.jpg'\" onmouseout=\"this.src=' http:\/\/mol.icb.usp.br\/wp-content\/uploads\/12-33.jpg'\" \/><\/a><\/div>\n<p>Placa de Peyer (\u00cdleo). Colora\u00e7\u00e3o: HE. Aumento pequeno.<\/p>\n<p><img decoding=\"async\" src=\"http:\/\/mol.icb.usp.br\/wp-content\/uploads\/mouse-1.gif\" \/><\/p>\n<div>\n<p style=\"font-size:20px\"><strong>FIM DO M\u00d3DULO <em>12 &#8211; \u00d3RG\u00c3OS LINFOIDES<\/em><\/strong> <\/p>\n<p><strong>NAVEGA\u00c7\u00c3O NO MOL:<\/strong><\/p>\n<\/p>\n<p><a href=\"http:\/\/mol.icb.usp.br\/index.php\/12-32-orgaos-linfoides\/\">ACESSAR P\u00c1GINA ANTERIOR<\/a><\/p>\n<\/div>\n<\/div>\n<\/div>\n<\/div><\/div>\n<\/div>\n","protected":false},"excerpt":{"rendered":"","protected":false},"author":2,"featured_media":0,"parent":0,"menu_order":0,"comment_status":"closed","ping_status":"closed","template":"","meta":{"_monsterinsights_skip_tracking":false,"_monsterinsights_sitenote_active":false,"_monsterinsights_sitenote_note":"","_monsterinsights_sitenote_category":0,"footnotes":""},"class_list":["post-4845","page","type-page","status-publish","hentry"],"_links":{"self":[{"href":"https:\/\/mol.icb.usp.br\/index.php\/wp-json\/wp\/v2\/pages\/4845"}],"collection":[{"href":"https:\/\/mol.icb.usp.br\/index.php\/wp-json\/wp\/v2\/pages"}],"about":[{"href":"https:\/\/mol.icb.usp.br\/index.php\/wp-json\/wp\/v2\/types\/page"}],"author":[{"embeddable":true,"href":"https:\/\/mol.icb.usp.br\/index.php\/wp-json\/wp\/v2\/users\/2"}],"replies":[{"embeddable":true,"href":"https:\/\/mol.icb.usp.br\/index.php\/wp-json\/wp\/v2\/comments?post=4845"}],"version-history":[{"count":6,"href":"https:\/\/mol.icb.usp.br\/index.php\/wp-json\/wp\/v2\/pages\/4845\/revisions"}],"predecessor-version":[{"id":6122,"href":"https:\/\/mol.icb.usp.br\/index.php\/wp-json\/wp\/v2\/pages\/4845\/revisions\/6122"}],"wp:attachment":[{"href":"https:\/\/mol.icb.usp.br\/index.php\/wp-json\/wp\/v2\/media?parent=4845"}],"curies":[{"name":"wp","href":"https:\/\/api.w.org\/{rel}","templated":true}]}}