{"id":4844,"date":"2018-01-16T20:20:41","date_gmt":"2018-01-16T22:20:41","guid":{"rendered":"http:\/\/mol.icb.usp.br\/?page_id=4844"},"modified":"2018-01-16T20:28:20","modified_gmt":"2018-01-16T22:28:20","slug":"12-32-orgaos-linfoides","status":"publish","type":"page","link":"https:\/\/mol.icb.usp.br\/index.php\/12-32-orgaos-linfoides\/","title":{"rendered":"12-32 \u00d3rg\u00e3os linfoides"},"content":{"rendered":"<div class=\"su-row\">\n<div class=\"su-column su-column-size-1-1\"><div class=\"su-column-inner su-u-clearfix su-u-trim\"><strong>MALT &#8211; 3<br \/>\nTONSILA PALATINA &#8211; 2<\/strong><\/div><\/div>\n<\/div>\n<div class=\"su-row\">\n<div class=\"su-column su-column-size-1-2\"><div class=\"su-column-inner su-u-clearfix su-u-trim\">\n<p>O epit\u00e9lio que reveste as criptas tonsilares \u00e9 frequentemente invadido por c\u00e9lulas migrat\u00f3rias, principalmente linf\u00f3citos e neutr\u00f3filos. A figura mostra a superf\u00edcie de duas paredes que revestem uma destas criptas.<br \/>\nNa parede \u00e0 direita da cripta, revestindo uma regi\u00e3o de tecido conjuntivo denso, se observa um epit\u00e9lio estratificado pavimentoso \u201cnormal\u201d, n\u00e3o infiltrado (ressaltado em verde).<br \/>\nNa parede da esquerda a camada epitelial est\u00e1 totalmente infiltrada por c\u00e9lulas migrat\u00f3rias, tornando dif\u00edcil o reconhecimento do epit\u00e9lio (ressaltado em verde). <\/p>\n<\/div><\/div>\n<div class=\"su-column su-column-size-1-2\"><div class=\"su-column-inner su-u-clearfix su-u-trim\">\n<div>\n<div class=\"image-container\">\n<a href=\"javascript:void(0)\"><img decoding=\"async\" src=\" http:\/\/mol.icb.usp.br\/wp-content\/uploads\/12-32.jpg \" onmouseover=\"this.src=' http:\/\/mol.icb.usp.br\/wp-content\/uploads\/12-32-MO.jpg'\" onmouseout=\"this.src=' http:\/\/mol.icb.usp.br\/wp-content\/uploads\/12-32.jpg'\" \/><\/a><\/div>\n<p>Tonsila palatina. Colora\u00e7\u00e3o: HE. Aumento m\u00e9dio.<\/p>\n<p><img decoding=\"async\" src=\"http:\/\/mol.icb.usp.br\/wp-content\/uploads\/mouse-1.gif\" \/><\/p>\n<div>\n<p><strong>NAVEGA\u00c7\u00c3O NO MOL:<\/strong><\/p>\n<\/p>\n<p><a href=\"http:\/\/mol.icb.usp.br\/index.php\/12-31-orgaos-linfoides\/\">ACESSAR P\u00c1GINA ANTERIOR<\/a><\/p>\n<p><a href=\"http:\/\/mol.icb.usp.br\/index.php\/12-33-orgaos-linfoides\/\">ACESSAR P\u00c1GINA SEGUINTE<\/a><\/p>\n<\/div>\n<\/div>\n<\/div>\n<\/div><\/div>\n<\/div>\n","protected":false},"excerpt":{"rendered":"","protected":false},"author":2,"featured_media":0,"parent":0,"menu_order":0,"comment_status":"closed","ping_status":"closed","template":"","meta":{"_monsterinsights_skip_tracking":false,"_monsterinsights_sitenote_active":false,"_monsterinsights_sitenote_note":"","_monsterinsights_sitenote_category":0,"footnotes":""},"class_list":["post-4844","page","type-page","status-publish","hentry"],"_links":{"self":[{"href":"https:\/\/mol.icb.usp.br\/index.php\/wp-json\/wp\/v2\/pages\/4844"}],"collection":[{"href":"https:\/\/mol.icb.usp.br\/index.php\/wp-json\/wp\/v2\/pages"}],"about":[{"href":"https:\/\/mol.icb.usp.br\/index.php\/wp-json\/wp\/v2\/types\/page"}],"author":[{"embeddable":true,"href":"https:\/\/mol.icb.usp.br\/index.php\/wp-json\/wp\/v2\/users\/2"}],"replies":[{"embeddable":true,"href":"https:\/\/mol.icb.usp.br\/index.php\/wp-json\/wp\/v2\/comments?post=4844"}],"version-history":[{"count":4,"href":"https:\/\/mol.icb.usp.br\/index.php\/wp-json\/wp\/v2\/pages\/4844\/revisions"}],"predecessor-version":[{"id":4857,"href":"https:\/\/mol.icb.usp.br\/index.php\/wp-json\/wp\/v2\/pages\/4844\/revisions\/4857"}],"wp:attachment":[{"href":"https:\/\/mol.icb.usp.br\/index.php\/wp-json\/wp\/v2\/media?parent=4844"}],"curies":[{"name":"wp","href":"https:\/\/api.w.org\/{rel}","templated":true}]}}