{"id":4768,"date":"2018-01-16T18:01:11","date_gmt":"2018-01-16T20:01:11","guid":{"rendered":"http:\/\/mol.icb.usp.br\/?page_id=4768"},"modified":"2018-03-15T12:06:45","modified_gmt":"2018-03-15T15:06:45","slug":"12-27-orgaos-linfoides","status":"publish","type":"page","link":"https:\/\/mol.icb.usp.br\/index.php\/12-27-orgaos-linfoides\/","title":{"rendered":"12-27 \u00d3rg\u00e3os linfoides"},"content":{"rendered":"<div class=\"su-row\">\n<div class=\"su-column su-column-size-1-1\"><div class=\"su-column-inner su-u-clearfix su-u-trim\"><strong>BA\u00c7O- 8<br \/>\nPOLPA BRANCA &#8211; 2<\/strong><\/div><\/div>\n<\/div>\n<div class=\"su-row\">\n<div class=\"su-column su-column-size-1-2\"><div class=\"su-column-inner su-u-clearfix su-u-trim\">\n<p>O segundo componente importante da polpa branca do ba\u00e7o \u00e9 representado por <strong>fol\u00edculos linfoides<\/strong>.<br \/>\nConforme mostrado na p\u00e1gina 12-25, os fol\u00edculos linfoides do ba\u00e7o se formam em torno de arter\u00edolas da polpa branca.<br \/>\n<a href=\"http:\/\/mol.icb.usp.br\/index.php\/12-25-orgaos-linfoides\/\" rel=\"noopener\" target=\"_blank\">Clique aqui para rever a p\u00e1gina.<\/a><br \/>\nPor esta raz\u00e3o, os fol\u00edculos do ba\u00e7o s\u00e3o dotados desta caracter\u00edstica \u00edmpar que \u00e9 a sua associa\u00e7\u00e3o com arter\u00edolas, denominadas <strong>arter\u00edolas centrais do fol\u00edculo<\/strong>. Esta associa\u00e7\u00e3o n\u00e3o ocorre em fol\u00edculos situados em outras regi\u00f5es do corpo fora do ba\u00e7o e s\u00e3o um importante auxiliar no diagn\u00f3stico de cortes deste \u00f3rg\u00e3o.<br \/>\nO fol\u00edculo apresentado est\u00e1 ressaltado em azul claro e a  bainha de linf\u00f3citos que est\u00e1 ao seu redor est\u00e1 detacada em azul mais escuro. A arter\u00edola central deste fol\u00edculo est\u00e1 destacada em vermelho.<br \/>\nDa mesma maneira como os fol\u00edculos linfoides de outros locais do corpo, estes tamb\u00e9m t\u00eam grande concentra\u00e7\u00e3o de linf\u00f3citos do tipo B.<\/p>\n<\/div><\/div>\n<div class=\"su-column su-column-size-1-2\"><div class=\"su-column-inner su-u-clearfix su-u-trim\">\n<div>\n<div class=\"image-container\">\n<a href=\"javascript:void(0)\"><img decoding=\"async\" src=\" http:\/\/mol.icb.usp.br\/wp-content\/uploads\/12-27.jpg \" onmouseover=\"this.src=' http:\/\/mol.icb.usp.br\/wp-content\/uploads\/12-27-MO.jpg'\" onmouseout=\"this.src=' http:\/\/mol.icb.usp.br\/wp-content\/uploads\/12-27.jpg'\" \/><\/a><\/div>\n<p>Ba\u00e7o. Colora\u00e7\u00e3o: HE. Aumento pequeno.<\/p>\n<p><img decoding=\"async\" src=\"http:\/\/mol.icb.usp.br\/wp-content\/uploads\/mouse-1.gif\" \/><\/p>\n<div>\n<p><strong>NAVEGA\u00c7\u00c3O NO MOL:<\/strong><\/p>\n<\/p>\n<p><a href=\"http:\/\/mol.icb.usp.br\/index.php\/12-26-orgaos-linfoides\/\" rel=\"noopener\" target=\"_blank\">ACESSAR P\u00c1GINA ANTERIOR<\/a><\/p>\n<p><a href=\"http:\/\/mol.icb.usp.br\/index.php\/12-28-orgaos-linfoides\/\">ACESSAR P\u00c1GINA SEGUINTE<\/a><\/p>\n<\/div>\n<\/div>\n<\/div>\n<\/div><\/div>\n<\/div>\n","protected":false},"excerpt":{"rendered":"","protected":false},"author":2,"featured_media":0,"parent":0,"menu_order":0,"comment_status":"closed","ping_status":"closed","template":"","meta":{"_monsterinsights_skip_tracking":false,"_monsterinsights_sitenote_active":false,"_monsterinsights_sitenote_note":"","_monsterinsights_sitenote_category":0,"footnotes":""},"class_list":["post-4768","page","type-page","status-publish","hentry"],"_links":{"self":[{"href":"https:\/\/mol.icb.usp.br\/index.php\/wp-json\/wp\/v2\/pages\/4768"}],"collection":[{"href":"https:\/\/mol.icb.usp.br\/index.php\/wp-json\/wp\/v2\/pages"}],"about":[{"href":"https:\/\/mol.icb.usp.br\/index.php\/wp-json\/wp\/v2\/types\/page"}],"author":[{"embeddable":true,"href":"https:\/\/mol.icb.usp.br\/index.php\/wp-json\/wp\/v2\/users\/2"}],"replies":[{"embeddable":true,"href":"https:\/\/mol.icb.usp.br\/index.php\/wp-json\/wp\/v2\/comments?post=4768"}],"version-history":[{"count":6,"href":"https:\/\/mol.icb.usp.br\/index.php\/wp-json\/wp\/v2\/pages\/4768\/revisions"}],"predecessor-version":[{"id":6113,"href":"https:\/\/mol.icb.usp.br\/index.php\/wp-json\/wp\/v2\/pages\/4768\/revisions\/6113"}],"wp:attachment":[{"href":"https:\/\/mol.icb.usp.br\/index.php\/wp-json\/wp\/v2\/media?parent=4768"}],"curies":[{"name":"wp","href":"https:\/\/api.w.org\/{rel}","templated":true}]}}