{"id":4697,"date":"2018-01-16T15:38:22","date_gmt":"2018-01-16T17:38:22","guid":{"rendered":"http:\/\/mol.icb.usp.br\/?page_id=4697"},"modified":"2018-03-15T11:49:31","modified_gmt":"2018-03-15T14:49:31","slug":"12-19-orgaos-linfoides","status":"publish","type":"page","link":"https:\/\/mol.icb.usp.br\/index.php\/12-19-orgaos-linfoides\/","title":{"rendered":"12-19 \u00d3rg\u00e3os linfoides"},"content":{"rendered":"<div class=\"su-row\">\n  <div class=\"su-column su-column-size-1-1\"><div class=\"su-column-inner su-u-clearfix su-u-trim\"> <strong>A TRAJET\u00d3RIA DA LINFA NO LINFONODO- 2<\/strong> <\/div><\/div>\n<\/div>\n<div class=\"su-row\">\n  <div class=\"su-column su-column-size-1-2\"><div class=\"su-column-inner su-u-clearfix su-u-trim\"> <\/p>\n<p>SEIO SUBCAPSULAR E SEIO PERITRABECULAR <\/p>\n<p>Na figura superior est\u00e3o ressaltados: a <strong>c\u00e1psula<\/strong> que reveste o linfonodo (ressaltada em verde) e o <strong>seio subcapsular<\/strong>, ressaltado em azul claro. Este \u00e9 um espa\u00e7o com menor concentra\u00e7\u00e3o de c\u00e9lulas que recebe a linfa conduzida pelos vasos linf\u00e1ticos aferentes.<\/p>\n<p>A figura inferior \u00e9 de uma regi\u00e3o do linfonodo semelhante \u00e0 da figura superior. Observe duas estruturas em especial:<br \/>\n&#8211; O <strong>tecido conjuntivo denso modelado da c\u00e1psula<\/strong>, ressaltado em cor de rosa, que se continua para o interior do \u00f3rg\u00e3o formando <strong>septos conjuntivos<\/strong> \u2013 destacado em vermelho.<br \/>\n&#8211; O <strong>seio subcapsular<\/strong> situado abaixo da c\u00e1psula que fica ressaltado em azul claro. O seio subcapsular se continua em dire\u00e7\u00e3o ao interior do linfonodo por meio de espa\u00e7os poucos celularizados \u2013 destacados em azul escuro. Estes espa\u00e7os existente na regi\u00e3o cortical s\u00e3o denominados <strong>seios peritrabeculares<\/strong>. Siruam-se adjacente aos septos conjuntivos que penetram no \u00f3rg\u00e3o.<\/p>\n<p><strong>Os diversos seios peritrabeculares situados na regi\u00e3o cortical do linfonodo se continuam com os seios medulares da regi\u00e3o medular.<\/strong><br \/>\nOs seios subcapsular, peritrabeculares e medulares s\u00e3o locais com menor concentra\u00e7\u00e3o de c\u00e9lulas e de fibras reticulares do tecido conjuntivo. Por estas raz\u00f5es se constituem em locais preferenciais de passagem de linfa no interior do linfonodo.<br \/>\nA linfa existente no interior dos seios atravessa facilmente suas paredes e grande parte da linfa permeia as c\u00e9lulas do linfonodo. Desta maneira, ant\u00edgenos e as c\u00e9lulas transportadas pela linfa t\u00eam oportunidade de interagir com as diversas popula\u00e7\u00f5es de c\u00e9lulas existentes nos linfonodos e desenvolver respostas imunit\u00e1rias.<\/p>\n<p>A linfa e suas c\u00e9lulas tamb\u00e9m atravessa as paredes dos seios de volta para o interior dos mesmos. Os seios medulares gradativamente se re\u00fanem na regi\u00e3o medular dos linfonodos e se comunicam com pequenos vasos linf\u00e1ticos para os quais a linfa \u00e9 transferida.<br \/>\nEstes pequenos vasos linf\u00e1ticos se re\u00fanem em um ou mais <strong>vasos linf\u00e1ticos eferentes<\/strong> de maior calibre, que saem pela regi\u00e3o do hilo e transportam a linfa para outro linfonodo da cadeia de linfonodos at\u00e9 que a linfa seja transportada para os <strong>grandes vasos linf\u00e1ticos<\/strong> existentes no t\u00f3rax e que transferem a linfa para o sistema venoso.<br \/>\n<\/div><\/div>\n  <div class=\"su-column su-column-size-1-2\"><div class=\"su-column-inner su-u-clearfix su-u-trim\"> <\/p>\n<div onclick>\n<div class=\"image-container\">\n<div class=\"extra\">\n<a href=\"javascript:void(0)\"><img decoding=\"async\" src=\" http:\/\/mol.icb.usp.br\/wp-content\/uploads\/12-19-A.jpg \" onmouseover=\"this.src=' http:\/\/mol.icb.usp.br\/wp-content\/uploads\/12-19-A-MO.jpg'\" onmouseout=\"this.src=' http:\/\/mol.icb.usp.br\/wp-content\/uploads\/12-19-A.jpg'\" \/><\/a><\/div>\n<p>Linfonodo. Colora\u00e7\u00e3o: hematoxilina e eosina. Aumento:pequeno.<\/p>\n<p><img decoding=\"async\" src=\"http:\/\/mol.icb.usp.br\/wp-content\/uploads\/mouse-1.gif\"\/><\/a><\/p>\n<div class=\"extra\">\n<a href=\"javascript:void(0)\"><img decoding=\"async\" src=\" http:\/\/mol.icb.usp.br\/wp-content\/uploads\/12-19-B.jpg \" onmouseover=\"this.src=' http:\/\/mol.icb.usp.br\/wp-content\/uploads\/12-19-B-MO.jpg'\" onmouseout=\"this.src=' http:\/\/mol.icb.usp.br\/wp-content\/uploads\/12-19-B.jpg'\" \/><\/a><\/div>\n<p>Linfonodo. Colora\u00e7\u00e3o: hematoxilina e eosina. Aumento: pequeno.<\/p>\n<p><img decoding=\"async\" src=\"http:\/\/mol.icb.usp.br\/wp-content\/uploads\/mouse-1.gif\"\/><\/a><\/p>\n<div onclick=\"\"><strong>Tablets e telefones celulares:<\/strong><br \/>\nClique sobre a figura para acessar outra imagem. Clique fora da figura para voltar \u00e0 primeira imagem.<\/p>\n<p>Para navegar no MOL, use os links ACESSAR P\u00c1GINA ANTERIOR e ACESSAR P\u00c1GINA SEGUINTE situados abaixo da figura.<\/p>\n<p><strong>NAVEGA\u00c7\u00c3O NO MOL:<\/strong><\/p>\n<p><a href=\"http:\/\/mol.icb.usp.br\/index.php\/12-18-orgaos-linfoides\/\">ACESSAR P\u00c1GINA ANTERIOR<\/a><\/p>\n<p><a href=\"http:\/\/mol.icb.usp.br\/index.php\/12-20-orgaos-linfoides\/\">ACESSAR P\u00c1GINA SEGUINTE<\/a>\n<\/div>\n<\/div>\n<\/div>\n<p><\/body><br \/>\n<\/html> <\/div><\/div>\n<\/div>\n","protected":false},"excerpt":{"rendered":"","protected":false},"author":2,"featured_media":0,"parent":0,"menu_order":0,"comment_status":"closed","ping_status":"closed","template":"","meta":{"_monsterinsights_skip_tracking":false,"_monsterinsights_sitenote_active":false,"_monsterinsights_sitenote_note":"","_monsterinsights_sitenote_category":0,"footnotes":""},"class_list":["post-4697","page","type-page","status-publish","hentry"],"_links":{"self":[{"href":"https:\/\/mol.icb.usp.br\/index.php\/wp-json\/wp\/v2\/pages\/4697"}],"collection":[{"href":"https:\/\/mol.icb.usp.br\/index.php\/wp-json\/wp\/v2\/pages"}],"about":[{"href":"https:\/\/mol.icb.usp.br\/index.php\/wp-json\/wp\/v2\/types\/page"}],"author":[{"embeddable":true,"href":"https:\/\/mol.icb.usp.br\/index.php\/wp-json\/wp\/v2\/users\/2"}],"replies":[{"embeddable":true,"href":"https:\/\/mol.icb.usp.br\/index.php\/wp-json\/wp\/v2\/comments?post=4697"}],"version-history":[{"count":7,"href":"https:\/\/mol.icb.usp.br\/index.php\/wp-json\/wp\/v2\/pages\/4697\/revisions"}],"predecessor-version":[{"id":6103,"href":"https:\/\/mol.icb.usp.br\/index.php\/wp-json\/wp\/v2\/pages\/4697\/revisions\/6103"}],"wp:attachment":[{"href":"https:\/\/mol.icb.usp.br\/index.php\/wp-json\/wp\/v2\/media?parent=4697"}],"curies":[{"name":"wp","href":"https:\/\/api.w.org\/{rel}","templated":true}]}}