{"id":4678,"date":"2018-01-16T15:26:27","date_gmt":"2018-01-16T17:26:27","guid":{"rendered":"http:\/\/mol.icb.usp.br\/?page_id=4678"},"modified":"2018-03-15T11:43:59","modified_gmt":"2018-03-15T14:43:59","slug":"12-18-orgaos-linfoides","status":"publish","type":"page","link":"https:\/\/mol.icb.usp.br\/index.php\/12-18-orgaos-linfoides\/","title":{"rendered":"12-18 \u00d3rg\u00e3os linfoides"},"content":{"rendered":"<div class=\"su-row\">\n<div class=\"su-column su-column-size-1-1\"><div class=\"su-column-inner su-u-clearfix su-u-trim\"><strong>A TRAJET\u00d3RIA DA LINFA NO LINFONODO- 1<\/strong><\/div><\/div>\n<\/div>\n<div class=\"su-row\">\n<div class=\"su-column su-column-size-1-2\"><div class=\"su-column-inner su-u-clearfix su-u-trim\">\n<p>VASOS LINF\u00c1TICOS AFERENTES E SEIO SUBCAPSULAR <\/p>\n<p>A figura apresenta <strong>vasos linf\u00e1ticos<\/strong> situados sobre a superf\u00edcie convexa de um linfonodo, pr\u00f3ximos \u00e0 sua zona cortical, apoiados sobre a c\u00e1psula do \u00f3rg\u00e3o.<br \/>\nEst\u00e3o trazendo linfa para este linfonodo e s\u00e3o <strong>vasos linf\u00e1ticos aferentes<\/strong>. Originam-se no tecido conjuntivo em forma de vasos de fundo cego ou s\u00e3o vasos que v\u00eam de um linfonodo anterior dessa cadeia de linfonodos.<br \/>\nObserve a parede muito delgada destes vasos linf\u00e1ticos.<br \/>\nRepare que o vaso que ocupa a maior parte da figura possui <strong>v\u00e1lvulas<\/strong>, para impedir o refluxo de linfa \u2013 indicados por setas. As estruturas \u00e0 direita podem ser dois vasos linf\u00e1ticos ou um vaso contendo v\u00e1lvulas \u2013 seta.<\/p>\n<p>Os vasos linf\u00e1ticos aferentes perfuram a c\u00e1psula e seu conte\u00fado \u00e9 transferido para um espa\u00e7o achatado pouco celularizado situado abaixo da c\u00e1psula. Denomina-se <strong>seio subcapsular<\/strong>. Est\u00e1 ressaltado em vermelho.<\/p>\n<\/div><\/div>\n<div class=\"su-column su-column-size-1-2\"><div class=\"su-column-inner su-u-clearfix su-u-trim\">\n<div>\n<div class=\"image-container\">\n<a href=\"javascript:void(0)\"><img decoding=\"async\" src=\" http:\/\/mol.icb.usp.br\/wp-content\/uploads\/12-18.jpg \" onmouseover=\"this.src=' http:\/\/mol.icb.usp.br\/wp-content\/uploads\/12-18-MO.jpg'\" onmouseout=\"this.src=' http:\/\/mol.icb.usp.br\/wp-content\/uploads\/12-18.jpg'\" \/><\/a><\/div>\n<p>Linfonodo. Colora\u00e7\u00e3o: HE. Aumento m\u00e9dio.<\/p>\n<p><img decoding=\"async\" src=\"http:\/\/mol.icb.usp.br\/wp-content\/uploads\/mouse-1.gif\" \/><\/p>\n<div>\n<p><strong>NAVEGA\u00c7\u00c3O NO MOL:<\/strong><\/p>\n<\/p>\n<p><a href=\"http:\/\/mol.icb.usp.br\/index.php\/12-17-orgaos-linfoides\/\">ACESSAR P\u00c1GINA ANTERIOR<\/a><\/p>\n<p><a href=\"http:\/\/mol.icb.usp.br\/index.php\/12-19-orgaos-linfoides\/\">ACESSAR P\u00c1GINA SEGUINTE<\/a><\/p>\n<\/div>\n<\/div>\n<\/div>\n<\/div><\/div>\n<\/div>\n","protected":false},"excerpt":{"rendered":"","protected":false},"author":2,"featured_media":0,"parent":0,"menu_order":0,"comment_status":"closed","ping_status":"closed","template":"","meta":{"_monsterinsights_skip_tracking":false,"_monsterinsights_sitenote_active":false,"_monsterinsights_sitenote_note":"","_monsterinsights_sitenote_category":0,"footnotes":""},"class_list":["post-4678","page","type-page","status-publish","hentry"],"_links":{"self":[{"href":"https:\/\/mol.icb.usp.br\/index.php\/wp-json\/wp\/v2\/pages\/4678"}],"collection":[{"href":"https:\/\/mol.icb.usp.br\/index.php\/wp-json\/wp\/v2\/pages"}],"about":[{"href":"https:\/\/mol.icb.usp.br\/index.php\/wp-json\/wp\/v2\/types\/page"}],"author":[{"embeddable":true,"href":"https:\/\/mol.icb.usp.br\/index.php\/wp-json\/wp\/v2\/users\/2"}],"replies":[{"embeddable":true,"href":"https:\/\/mol.icb.usp.br\/index.php\/wp-json\/wp\/v2\/comments?post=4678"}],"version-history":[{"count":6,"href":"https:\/\/mol.icb.usp.br\/index.php\/wp-json\/wp\/v2\/pages\/4678\/revisions"}],"predecessor-version":[{"id":6102,"href":"https:\/\/mol.icb.usp.br\/index.php\/wp-json\/wp\/v2\/pages\/4678\/revisions\/6102"}],"wp:attachment":[{"href":"https:\/\/mol.icb.usp.br\/index.php\/wp-json\/wp\/v2\/media?parent=4678"}],"curies":[{"name":"wp","href":"https:\/\/api.w.org\/{rel}","templated":true}]}}