{"id":4663,"date":"2018-01-16T15:05:29","date_gmt":"2018-01-16T17:05:29","guid":{"rendered":"http:\/\/mol.icb.usp.br\/?page_id=4663"},"modified":"2018-03-07T14:28:29","modified_gmt":"2018-03-07T17:28:29","slug":"12-15-orgaos-linfoides","status":"publish","type":"page","link":"https:\/\/mol.icb.usp.br\/index.php\/12-15-orgaos-linfoides\/","title":{"rendered":"12-15 \u00d3rg\u00e3os linfoides"},"content":{"rendered":"<div class=\"su-row\">\n<div class=\"su-column su-column-size-1-1\"><div class=\"su-column-inner su-u-clearfix su-u-trim\"><strong>LINFONODO \u2013 9<\/strong><\/div><\/div>\n<\/div>\n<div class=\"su-row\">\n<div class=\"su-column su-column-size-1-2\"><div class=\"su-column-inner su-u-clearfix su-u-trim\">\nRegi\u00e3o medular \u2013 seio medular<\/p>\n<p>Os seios s\u00e3o espa\u00e7os de forma e tamanhos irregulares situados entre os cord\u00f5es medulares. Cont\u00eam menos c\u00e9lulas no seu interior e por esta raz\u00e3o sua colora\u00e7\u00e3o \u00e9 menos intensa.<br \/>\nPredominam no seu interior <strong>linf\u00f3citos<\/strong> \u2013 destacados em cor laranja. <strong>Macr\u00f3fagos<\/strong> s\u00e3o tamb\u00e9m frequentemente encontrados \u2013 destacados em verde.<br \/>\nUma popula\u00e7\u00e3o caracter\u00edstica dos linfonodos pode ser bem visualizadas nos seios medulares \u2013 s\u00e3o as <strong>c\u00e9lulas reticulares<\/strong> destacadas em azul.<br \/>\nS\u00e3o c\u00e9lulas com longos prolongamentos, que se apoiam em prolongamentos de c\u00e9lulas reticulares adjacentes. Seus n\u00facleos s\u00e3o geralmente el\u00edpticos.  <\/p>\n<p><a href=\"http:\/\/mol.icb.usp.br\/index.php\/4-20-tecido-conjuntivo\/\" rel=\"noopener\" target=\"_blank\">Mais macr\u00f3fagos podem ser vistos no M\u00f3dulo de tecido conjuntivo.<\/a><\/p>\n<\/div><\/div>\n<div class=\"su-column su-column-size-1-2\"><div class=\"su-column-inner su-u-clearfix su-u-trim\">\n<div>\n<div class=\"image-container\">\n<a href=\"javascript:void(0)\"><img decoding=\"async\" src=\" http:\/\/mol.icb.usp.br\/wp-content\/uploads\/12-15.jpg \" onmouseover=\"this.src=' http:\/\/mol.icb.usp.br\/wp-content\/uploads\/12-15-MO.jpg'\" onmouseout=\"this.src=' http:\/\/mol.icb.usp.br\/wp-content\/uploads\/12-15.jpg'\" \/><\/a><\/div>\n<p>Linfonodo. Colora\u00e7\u00e3o: HE. Aumento grande.<\/p>\n<p><img decoding=\"async\" src=\"http:\/\/mol.icb.usp.br\/wp-content\/uploads\/mouse-1.gif\" \/><\/p>\n<div>\n<p><strong>NAVEGA\u00c7\u00c3O NO MOL:<\/strong><\/p>\n<\/p>\n<p><a href=\"http:\/\/mol.icb.usp.br\/index.php\/12-14-orgaos-linfoides\/\">ACESSAR P\u00c1GINA ANTERIOR<\/a><\/p>\n<p><a href=\"http:\/\/mol.icb.usp.br\/index.php\/12-16-orgaos-linfoides\/\">ACESSAR P\u00c1GINA SEGUINTE<\/a><\/p>\n<\/div>\n<\/div>\n<\/div>\n<\/div><\/div>\n<\/div>\n","protected":false},"excerpt":{"rendered":"","protected":false},"author":2,"featured_media":0,"parent":0,"menu_order":0,"comment_status":"closed","ping_status":"closed","template":"","meta":{"_monsterinsights_skip_tracking":false,"_monsterinsights_sitenote_active":false,"_monsterinsights_sitenote_note":"","_monsterinsights_sitenote_category":0,"footnotes":""},"class_list":["post-4663","page","type-page","status-publish","hentry"],"_links":{"self":[{"href":"https:\/\/mol.icb.usp.br\/index.php\/wp-json\/wp\/v2\/pages\/4663"}],"collection":[{"href":"https:\/\/mol.icb.usp.br\/index.php\/wp-json\/wp\/v2\/pages"}],"about":[{"href":"https:\/\/mol.icb.usp.br\/index.php\/wp-json\/wp\/v2\/types\/page"}],"author":[{"embeddable":true,"href":"https:\/\/mol.icb.usp.br\/index.php\/wp-json\/wp\/v2\/users\/2"}],"replies":[{"embeddable":true,"href":"https:\/\/mol.icb.usp.br\/index.php\/wp-json\/wp\/v2\/comments?post=4663"}],"version-history":[{"count":4,"href":"https:\/\/mol.icb.usp.br\/index.php\/wp-json\/wp\/v2\/pages\/4663\/revisions"}],"predecessor-version":[{"id":5701,"href":"https:\/\/mol.icb.usp.br\/index.php\/wp-json\/wp\/v2\/pages\/4663\/revisions\/5701"}],"wp:attachment":[{"href":"https:\/\/mol.icb.usp.br\/index.php\/wp-json\/wp\/v2\/media?parent=4663"}],"curies":[{"name":"wp","href":"https:\/\/api.w.org\/{rel}","templated":true}]}}