{"id":4661,"date":"2018-01-16T14:55:16","date_gmt":"2018-01-16T16:55:16","guid":{"rendered":"http:\/\/mol.icb.usp.br\/?page_id=4661"},"modified":"2018-03-15T11:39:37","modified_gmt":"2018-03-15T14:39:37","slug":"12-13-orgaos-linfoides","status":"publish","type":"page","link":"https:\/\/mol.icb.usp.br\/index.php\/12-13-orgaos-linfoides\/","title":{"rendered":"12-13 \u00d3rg\u00e3os linfoides"},"content":{"rendered":"<div class=\"su-row\">\n  <div class=\"su-column su-column-size-1-1\"><div class=\"su-column-inner su-u-clearfix su-u-trim\"> <strong>LINFONODO \u2013 7<\/strong> <\/div><\/div>\n<\/div>\n<div class=\"su-row\">\n  <div class=\"su-column su-column-size-1-2\"><div class=\"su-column-inner su-u-clearfix su-u-trim\"> <\/p>\n<p>A figura superior apresenta mais uma imagem de um corte de linfonodo.<br \/>\nObserve a regi\u00e3o cortical junto \u00e0 superf\u00edcie convexa do \u00f3rg\u00e3o.  H\u00e1 quatro <strong>fol\u00edculos linf\u00e1ticos<\/strong> nesta regi\u00e3o. Tr\u00eas deles possuem um centro germinativo enquanto que o quarto fol\u00edculo foi seccionado tangencialmente e o corte n\u00e3o mostra sua regi\u00e3o central.<br \/>\nNa regi\u00e3o medular observe os <strong>cord\u00f5es medulares<\/strong>, de colora\u00e7\u00e3o mais intensa. Entre os cord\u00f5es os <strong>seios medulares<\/strong> &#8211; estruturas mais claras, de colora\u00e7\u00e3o menos intensa, contendo menor n\u00famero de c\u00e9lulas. Os seios medulares ficam ressaltados em verde claro.  <\/p>\n<p>Na figura inferior um aumento maior de uma regi\u00e3o medular de linfonodo.<br \/>\nObserve os <strong>cord\u00f5es medulares<\/strong> constitu\u00eddos de diferentes tipos de c\u00e9lulas que ser\u00e3o apresentadas nas p\u00e1ginas seguintes. Os cord\u00f5es medulares est\u00e3o destacados em marrom mais escuro.<br \/>\nOs <strong>seios medulares<\/strong> cont\u00eam menos c\u00e9lulas e aparecem destacados em cor bege.<br \/>\nO tecido conjuntivo da c\u00e1psula do linfonodo se continua no interior do \u00f3rg\u00e3o sob forma de <strong>septos de tecido conjuntivo<\/strong> de forma e tamanho muito diverso e que constituem o <strong>estroma<\/strong> que d\u00e1 suporte ao \u00f3rg\u00e3o. Est\u00e3o destacados em vermelho.<br \/>\nAl\u00e9m da c\u00e1psula e dos septos, o estroma \u00e9 constitu\u00eddo tamb\u00e9m por uma rede de <strong>fibras reticulares<\/strong> em cujas malhas se situam as c\u00e9lulas. As fibras reticulares n\u00e3o s\u00e3o observadas por colora\u00e7\u00e3o de hematoxilina e eosina.<br \/>\n<a href=\"http:\/\/mol.icb.usp.br\/index.php\/4-12-tecido-conjuntivo\/\" rel=\"noopener\" target=\"_blank\">Veja fibras reticulares em uma prepara\u00e7\u00e3o obtida ap\u00f3s impregna\u00e7\u00e3o met\u00e1lica.<\/a><\/p>\n<\/div><\/div>\n  <div class=\"su-column su-column-size-1-2\"><div class=\"su-column-inner su-u-clearfix su-u-trim\"> <\/p>\n<div onclick>\n<div class=\"image-container\">\n<div class=\"extra\">\n<a href=\"javascript:void(0)\"><img decoding=\"async\" src=\" http:\/\/mol.icb.usp.br\/wp-content\/uploads\/12-13-A.jpg \" onmouseover=\"this.src=' http:\/\/mol.icb.usp.br\/wp-content\/uploads\/12-13-A-MO.jpg'\" onmouseout=\"this.src=' http:\/\/mol.icb.usp.br\/wp-content\/uploads\/12-13-A.jpg'\" \/><\/a><\/div>\n<p>Linfonodo. Colora\u00e7\u00e3o: hematoxilina e eosina. Aumento: pequeno<\/p>\n<p><img decoding=\"async\" src=\"http:\/\/mol.icb.usp.br\/wp-content\/uploads\/mouse-1.gif\"\/><\/a><\/p>\n<div class=\"extra\">\n<a href=\"javascript:void(0)\"><img decoding=\"async\" src=\" http:\/\/mol.icb.usp.br\/wp-content\/uploads\/12-13-B.jpg \" onmouseover=\"this.src=' http:\/\/mol.icb.usp.br\/wp-content\/uploads\/12-13-B-MO.jpg'\" onmouseout=\"this.src=' http:\/\/mol.icb.usp.br\/wp-content\/uploads\/12-13-B.jpg'\" \/><\/a><\/div>\n<p>Linfonodo. Colora\u00e7\u00e3o: hematoxilina e eosina. Aumento: m\u00e9dio.<\/p>\n<p><img decoding=\"async\" src=\"http:\/\/mol.icb.usp.br\/wp-content\/uploads\/mouse-1.gif\"\/><\/a><\/p>\n<div onclick=\"\"><strong>Tablets e telefones celulares:<\/strong><br \/>\nClique sobre a figura para acessar outra imagem. Clique fora da figura para voltar \u00e0 primeira imagem.<\/p>\n<p>Para navegar no MOL, use os links ACESSAR P\u00c1GINA ANTERIOR e ACESSAR P\u00c1GINA SEGUINTE situados abaixo da figura.<\/p>\n<p><strong>NAVEGA\u00c7\u00c3O NO MOL:<\/strong><\/p>\n<p><a href=\"http:\/\/mol.icb.usp.br\/index.php\/12-12-orgaos-linfoides\/\">ACESSAR P\u00c1GINA ANTERIOR<\/a><\/p>\n<p><a href=\"http:\/\/mol.icb.usp.br\/index.php\/12-14-orgaos-linfoides\/\">ACESSAR P\u00c1GINA SEGUINTE<\/a>\n<\/div>\n<\/div>\n<\/div>\n<p><\/body><br \/>\n<\/html> <\/div><\/div>\n<\/div>\n","protected":false},"excerpt":{"rendered":"","protected":false},"author":2,"featured_media":0,"parent":0,"menu_order":0,"comment_status":"closed","ping_status":"closed","template":"","meta":{"_monsterinsights_skip_tracking":false,"_monsterinsights_sitenote_active":false,"_monsterinsights_sitenote_note":"","_monsterinsights_sitenote_category":0,"footnotes":""},"class_list":["post-4661","page","type-page","status-publish","hentry"],"_links":{"self":[{"href":"https:\/\/mol.icb.usp.br\/index.php\/wp-json\/wp\/v2\/pages\/4661"}],"collection":[{"href":"https:\/\/mol.icb.usp.br\/index.php\/wp-json\/wp\/v2\/pages"}],"about":[{"href":"https:\/\/mol.icb.usp.br\/index.php\/wp-json\/wp\/v2\/types\/page"}],"author":[{"embeddable":true,"href":"https:\/\/mol.icb.usp.br\/index.php\/wp-json\/wp\/v2\/users\/2"}],"replies":[{"embeddable":true,"href":"https:\/\/mol.icb.usp.br\/index.php\/wp-json\/wp\/v2\/comments?post=4661"}],"version-history":[{"count":7,"href":"https:\/\/mol.icb.usp.br\/index.php\/wp-json\/wp\/v2\/pages\/4661\/revisions"}],"predecessor-version":[{"id":6096,"href":"https:\/\/mol.icb.usp.br\/index.php\/wp-json\/wp\/v2\/pages\/4661\/revisions\/6096"}],"wp:attachment":[{"href":"https:\/\/mol.icb.usp.br\/index.php\/wp-json\/wp\/v2\/media?parent=4661"}],"curies":[{"name":"wp","href":"https:\/\/api.w.org\/{rel}","templated":true}]}}