{"id":4621,"date":"2018-01-16T12:46:32","date_gmt":"2018-01-16T14:46:32","guid":{"rendered":"http:\/\/mol.icb.usp.br\/?page_id=4621"},"modified":"2019-02-07T16:28:43","modified_gmt":"2019-02-07T18:28:43","slug":"12-11-orgaos-linfoides","status":"publish","type":"page","link":"https:\/\/mol.icb.usp.br\/index.php\/12-11-orgaos-linfoides\/","title":{"rendered":"12-11 \u00d3rg\u00e3os linfoides"},"content":{"rendered":"<div class=\"su-row\">\n<div class=\"su-column su-column-size-1-1\"><div class=\"su-column-inner su-u-clearfix su-u-trim\"><strong>LINFONODO-5<\/strong><\/div><\/div>\n<\/div>\n<div class=\"su-row\">\n<div class=\"su-column su-column-size-1-2\"><div class=\"su-column-inner su-u-clearfix su-u-trim\">\n<p>Uma caracter\u00edstica relevante da regi\u00e3o cortical dos linfonodos \u00e9 a presen\u00e7a de <strong>v\u00eanulas especiais<\/strong> que se caracterizam por apresentarem c\u00e9lulas c\u00fabicas em seu revestimento em vez de c\u00e9lulas endoteliais pavimentosas, como na maior parte do revestimento vascular do corpo.<br \/>\nEstas v\u00eanulas s\u00e3o denominadas <strong>v\u00eanulas de endot\u00e9lio alto<\/strong> (<strong>HEV<\/strong> \u2013 <em><strong>high endotelial venules<\/strong><\/em>).<br \/>\nA superf\u00edcie das c\u00e9lulas de revestimento da v\u00eanula voltada para o l\u00famen possui receptores aos quais se ligam linf\u00f3citos presentes no sangue. Estes linf\u00f3citos em seguida atravessam a parede das v\u00eanulas e penetram no tecido dos linfonodos. Esta \u00e9 uma maneira de atrair grande quantidade de linf\u00f3citos para os linfonodos, locais onde estas c\u00e9lulas ter\u00e3o maiores oportunidades de reconhecer ant\u00edgenos e iniciar uma resposta imunol\u00f3gica.<br \/>\nNa imagem h\u00e1 uma sec\u00e7\u00e3o longitudinal de uma HEV. Observe como suas <strong>c\u00e9lulas de revestimento s\u00e3o c\u00fabicas<\/strong> \u2013 algumas ressaltadas em azul.<br \/>\nUm <strong>linf\u00f3cito<\/strong> \u2013 ressaltado em amarelo \u2013 parece estar atravessando a parede da v\u00eanula.<br \/>\nA figura inferior mostra uma HEV em corte transversal.<\/p>\n<\/div><\/div>\n<div class=\"su-column su-column-size-1-2\"><div class=\"su-column-inner su-u-clearfix su-u-trim\">\n<div>\n<div class=\"image-container\">\n<a href=\"javascript:void(0)\"><img decoding=\"async\" src=\" http:\/\/mol.icb.usp.br\/wp-content\/uploads\/12-11.jpg \" onmouseover=\"this.src=' http:\/\/mol.icb.usp.br\/wp-content\/uploads\/12-11-MO.jpg'\" onmouseout=\"this.src=' http:\/\/mol.icb.usp.br\/wp-content\/uploads\/12-11.jpg'\" \/><\/a><\/div>\n<p>Linfonodo. Colora\u00e7\u00e3o: HE. Aumento m\u00e9dio.<\/p>\n<p><img decoding=\"async\" src=\"http:\/\/mol.icb.usp.br\/wp-content\/uploads\/mouse-1.gif\" \/><\/p>\n<div>\n<div class=\"extra\">\n<a href=\"javascript:void(0)\"><img decoding=\"async\" src=\" http:\/\/mol.icb.usp.br\/wp-content\/uploads\/12-11-B.jpg \" onmouseover=\"this.src=' http:\/\/mol.icb.usp.br\/wp-content\/uploads\/12-11-B-MO.jpg'\" onmouseout=\"this.src=' http:\/\/mol.icb.usp.br\/wp-content\/uploads\/12-11-B.jpg'\" \/><\/a><\/div>\n<p>Linfonodo. Colora\u00e7\u00e3o: hematoxilina e eosina. Aumento: m\u00e9dio.<\/p>\n<p><strong>NAVEGA\u00c7\u00c3O NO MOL:<\/strong><\/p>\n<\/p>\n<p><a href=\"http:\/\/mol.icb.usp.br\/index.php\/12-10-orgaos-linfoides\/\">ACESSAR P\u00c1GINA ANTERIOR<\/a><\/p>\n<p><a href=\"http:\/\/mol.icb.usp.br\/index.php\/12-12-orgaos-linfoides\/\">ACESSAR P\u00c1GINA SEGUINTE<\/a><\/p>\n<\/div>\n<\/div>\n<\/div>\n<\/div><\/div>\n<\/div>\n","protected":false},"excerpt":{"rendered":"","protected":false},"author":2,"featured_media":0,"parent":0,"menu_order":0,"comment_status":"closed","ping_status":"closed","template":"","meta":{"_monsterinsights_skip_tracking":false,"_monsterinsights_sitenote_active":false,"_monsterinsights_sitenote_note":"","_monsterinsights_sitenote_category":0,"footnotes":""},"class_list":["post-4621","page","type-page","status-publish","hentry"],"_links":{"self":[{"href":"https:\/\/mol.icb.usp.br\/index.php\/wp-json\/wp\/v2\/pages\/4621"}],"collection":[{"href":"https:\/\/mol.icb.usp.br\/index.php\/wp-json\/wp\/v2\/pages"}],"about":[{"href":"https:\/\/mol.icb.usp.br\/index.php\/wp-json\/wp\/v2\/types\/page"}],"author":[{"embeddable":true,"href":"https:\/\/mol.icb.usp.br\/index.php\/wp-json\/wp\/v2\/users\/2"}],"replies":[{"embeddable":true,"href":"https:\/\/mol.icb.usp.br\/index.php\/wp-json\/wp\/v2\/comments?post=4621"}],"version-history":[{"count":7,"href":"https:\/\/mol.icb.usp.br\/index.php\/wp-json\/wp\/v2\/pages\/4621\/revisions"}],"predecessor-version":[{"id":7685,"href":"https:\/\/mol.icb.usp.br\/index.php\/wp-json\/wp\/v2\/pages\/4621\/revisions\/7685"}],"wp:attachment":[{"href":"https:\/\/mol.icb.usp.br\/index.php\/wp-json\/wp\/v2\/media?parent=4621"}],"curies":[{"name":"wp","href":"https:\/\/api.w.org\/{rel}","templated":true}]}}