{"id":4587,"date":"2018-01-15T21:48:30","date_gmt":"2018-01-15T23:48:30","guid":{"rendered":"http:\/\/mol.icb.usp.br\/?page_id=4587"},"modified":"2021-05-13T11:04:13","modified_gmt":"2021-05-13T14:04:13","slug":"12-8-orgaos-linfoides","status":"publish","type":"page","link":"https:\/\/mol.icb.usp.br\/index.php\/12-8-orgaos-linfoides\/","title":{"rendered":"12-8 \u00d3rg\u00e3os linfoides"},"content":{"rendered":"<div class=\"su-row\">\n<div class=\"su-column su-column-size-1-1\"><div class=\"su-column-inner su-u-clearfix su-u-trim\"><strong>LINFONODO &#8211; 2<\/strong><\/div><\/div>\n<\/div>\n<div class=\"su-row\">\n<div class=\"su-column su-column-size-1-2\"><div class=\"su-column-inner su-u-clearfix su-u-trim\">\n<p>Nesta p\u00e1gina e nas seguintes ser\u00e3o analisados os principais componentes dos linfonodos. Veja no desenho a localiza\u00e7\u00e3o da imagem do corte histol\u00f3gico apresentado embaixo.<br \/>\nEm um corte observado em pequeno aumento destacam-se as principais estruturas dos linfonodos. Uso o cursor ou clique sobre a imagem.<br \/>\n1 &#8211; <strong>C\u00e1psula de tecido conjuntivo denso n\u00e3o modelado<\/strong> que envolve o \u00f3rg\u00e3o completamente. No interior da c\u00e1psula deste linfonodo h\u00e1 algumas c\u00e9lulas adiposas.<br \/>\n2 &#8211; <strong>Regi\u00e3o cortical<\/strong>. Situada abaixo da superf\u00edcie convexa do \u00f3rg\u00e3o.<br \/>\nEsta regi\u00e3o cont\u00e9m uma sub-regi\u00e3o denominada <strong>cortical profunda<\/strong> ou <strong>paracortical<\/strong> a qual se situa no limite com a regi\u00e3o medular. No entanto a diferencia\u00e7\u00e3o entre <strong>cortical superficial<\/strong> e cortical profunda n\u00e3o \u00e9 facilmente percept\u00edvel em cortes rotineiros.<br \/>\nUma caracter\u00edstica da regi\u00e3o cortical \u00e9 a presen\u00e7a de <strong>fol\u00edculos linfoides<\/strong>. S\u00e3o conjuntos nodulares contendo grande quantidade de linf\u00f3citos (tecido linfoide nodular).<br \/>\n3 \u2013 <strong>Regi\u00e3o medular<\/strong>. \u00c9 f\u00e1cil perceber o limite entre ambas regi\u00f5es. Na regi\u00e3o medular h\u00e1 cord\u00f5es celulares e faixas mais claras que ser\u00e3o detalhadas mais adiante. A regi\u00e3o medular se estende at\u00e9 a superf\u00edcie c\u00f4ncava ou achatada do linfonodo.<br \/>\nN\u00e3o h\u00e1 fol\u00edculos linfoides na regi\u00e3o medular.<\/p>\n<\/div><\/div>\n<div class=\"su-column su-column-size-1-2\"><div class=\"su-column-inner su-u-clearfix su-u-trim\">\n<img decoding=\"async\" src=\" http:\/\/mol.icb.usp.br\/wp-content\/uploads\/12-8-A.jpg \" \/><\/p>\n<div>\n<div class=\"image-container\">\n<a href=\"javascript:void(0)\"><img decoding=\"async\" src=\" http:\/\/mol.icb.usp.br\/wp-content\/uploads\/12-8-B.jpg \" onmouseover=\"this.src=' http:\/\/mol.icb.usp.br\/wp-content\/uploads\/12-8-B-MO.jpg'\" onmouseout=\"this.src=' http:\/\/mol.icb.usp.br\/wp-content\/uploads\/12-8-B.jpg'\" \/><\/a><\/div>\n<p>Linfonodo. Colora\u00e7\u00e3o: HE. Aumento pequeno.<\/p>\n<p><img decoding=\"async\" src=\"http:\/\/mol.icb.usp.br\/wp-content\/uploads\/mouse-1.gif\" \/><\/p>\n<div>\n<p><strong>NAVEGA\u00c7\u00c3O NO MOL:<\/strong><\/p>\n<\/p>\n<p><a href=\"http:\/\/mol.icb.usp.br\/index.php\/12-7-orgaos-linfoides\/\">ACESSAR P\u00c1GINA ANTERIOR<\/a><\/p>\n<p><a href=\"http:\/\/mol.icb.usp.br\/index.php\/12-9-orgaos-linfoides\/\">ACESSAR P\u00c1GINA SEGUINTE<\/a><\/p>\n<\/div>\n<\/div>\n<\/div>\n<\/div><\/div>\n<\/div>\n","protected":false},"excerpt":{"rendered":"","protected":false},"author":2,"featured_media":0,"parent":0,"menu_order":0,"comment_status":"closed","ping_status":"closed","template":"","meta":{"_monsterinsights_skip_tracking":false,"_monsterinsights_sitenote_active":false,"_monsterinsights_sitenote_note":"","_monsterinsights_sitenote_category":0,"footnotes":""},"class_list":["post-4587","page","type-page","status-publish","hentry"],"_links":{"self":[{"href":"https:\/\/mol.icb.usp.br\/index.php\/wp-json\/wp\/v2\/pages\/4587"}],"collection":[{"href":"https:\/\/mol.icb.usp.br\/index.php\/wp-json\/wp\/v2\/pages"}],"about":[{"href":"https:\/\/mol.icb.usp.br\/index.php\/wp-json\/wp\/v2\/types\/page"}],"author":[{"embeddable":true,"href":"https:\/\/mol.icb.usp.br\/index.php\/wp-json\/wp\/v2\/users\/2"}],"replies":[{"embeddable":true,"href":"https:\/\/mol.icb.usp.br\/index.php\/wp-json\/wp\/v2\/comments?post=4587"}],"version-history":[{"count":7,"href":"https:\/\/mol.icb.usp.br\/index.php\/wp-json\/wp\/v2\/pages\/4587\/revisions"}],"predecessor-version":[{"id":8935,"href":"https:\/\/mol.icb.usp.br\/index.php\/wp-json\/wp\/v2\/pages\/4587\/revisions\/8935"}],"wp:attachment":[{"href":"https:\/\/mol.icb.usp.br\/index.php\/wp-json\/wp\/v2\/media?parent=4587"}],"curies":[{"name":"wp","href":"https:\/\/api.w.org\/{rel}","templated":true}]}}