{"id":4585,"date":"2018-01-15T21:32:58","date_gmt":"2018-01-15T23:32:58","guid":{"rendered":"http:\/\/mol.icb.usp.br\/?page_id=4585"},"modified":"2018-03-15T11:16:58","modified_gmt":"2018-03-15T14:16:58","slug":"12-6-orgaos-linfoides","status":"publish","type":"page","link":"https:\/\/mol.icb.usp.br\/index.php\/12-6-orgaos-linfoides\/","title":{"rendered":"12-6 \u00d3rg\u00e3os linfoides"},"content":{"rendered":"<div class=\"su-row\">\n<div class=\"su-column su-column-size-1-1\"><div class=\"su-column-inner su-u-clearfix su-u-trim\"> <strong>TIMO &#8211; 5 <\/strong><\/div><\/div>\n<\/div>\n<div class=\"su-row\">\n<div class=\"su-column su-column-size-1-2\"><div class=\"su-column-inner su-u-clearfix su-u-trim\">\nEm aumentos maiores observam-se detalhes das c\u00e9lulas que comp\u00f5em o timo e dos corp\u00fasculos de Hassal.<br \/>\nAmbas figuras apresentam <strong>corp\u00fasculos de Hassal<\/strong>. Representam, portanto, zonas medulares do timo.<br \/>\nOs corp\u00fasculos s\u00e3o estruturas acid\u00f3filas, corando-se preferencialmente em cor de rosa pela eosina. Sua estrutura \u00e9 muito vari\u00e1vel. Alguns possuem c\u00e9lulas achatadas dispostas como cebolas. Outros possuem no seu interior n\u00facleos picn\u00f3ticos (muito corados e indicativos de morte celular).<br \/>\nAproveite para observar a grande quantidade de pequenos n\u00facleos esf\u00e9ricos em torno dos corp\u00fasculos. S\u00e3o n\u00facleos de <strong>linf\u00f3citos<\/strong>, as c\u00e9lulas predominantes no timo e em outros \u00f3rg\u00e3os linfoides. Lembre-se que h\u00e1 muito pouco citoplasma em torno do n\u00facleo dos linf\u00f3citos, de modo que eles s\u00e3o reconhecidos principalmente pelos seus n\u00facleos esf\u00e9ricos.<br \/>\nOutra particularidade do timo \u00e9 a presen\u00e7a na sua medula de <strong>c\u00e9lulas reticulares epiteliais<\/strong>. Estas c\u00e9lulas, de origem endod\u00e9rmica, formam redes e delimitam espa\u00e7os tridimensionais no timo, importantes para a matura\u00e7\u00e3o dos linf\u00f3citos que ocorre neste \u00f3rg\u00e3o. Nem sempre s\u00e3o facilmente observadas em cortes. Podem ser reconhecidas pelos seus n\u00facleos de cromatina dispersa, pouco corados e \u00e0s vezes ovais. Alguns n\u00facleos est\u00e3o indicados por setas na figura superior.<\/p>\n<\/div><\/div>\n<div class=\"su-column su-column-size-1-2\"><div class=\"su-column-inner su-u-clearfix su-u-trim\">\n<p><img decoding=\"async\" src=\" http:\/\/mol.icb.usp.br\/wp-content\/uploads\/12-6-A.jpg \" \/><\/p>\n<p>Timo. Colora\u00e7\u00e3o: HE. Aumento: grande.<\/p>\n<p><img decoding=\"async\" src=\" http:\/\/mol.icb.usp.br\/wp-content\/uploads\/12-6-B.jpg \" \/><\/p>\n<p>Timo. Colora\u00e7\u00e3o: HE. Aumento: grande.<\/p>\n<p>Para navegar no MOL, use os links ACESSAR P\u00c1GINA ANTERIOR e ACESSAR P\u00c1GINA SEGUINTE situados abaixo da figura.<\/p>\n<p><strong>NAVEGA\u00c7\u00c3O NO MOL:<\/strong><\/p>\n<p><a href=\"http:\/\/mol.icb.usp.br\/index.php\/12-5-orgaos-linfoides\/\">ACESSAR P\u00c1GINA ANTERIOR<\/a><\/p>\n<p><a href=\"http:\/\/mol.icb.usp.br\/index.php\/12-7-orgaos-linfoides\/\">ACESSAR P\u00c1GINA SEGUINTE<\/a><br \/>\n<\/div><\/div>\n<\/div>\n","protected":false},"excerpt":{"rendered":"","protected":false},"author":2,"featured_media":0,"parent":0,"menu_order":0,"comment_status":"closed","ping_status":"closed","template":"","meta":{"_monsterinsights_skip_tracking":false,"_monsterinsights_sitenote_active":false,"_monsterinsights_sitenote_note":"","_monsterinsights_sitenote_category":0,"footnotes":""},"class_list":["post-4585","page","type-page","status-publish","hentry"],"_links":{"self":[{"href":"https:\/\/mol.icb.usp.br\/index.php\/wp-json\/wp\/v2\/pages\/4585"}],"collection":[{"href":"https:\/\/mol.icb.usp.br\/index.php\/wp-json\/wp\/v2\/pages"}],"about":[{"href":"https:\/\/mol.icb.usp.br\/index.php\/wp-json\/wp\/v2\/types\/page"}],"author":[{"embeddable":true,"href":"https:\/\/mol.icb.usp.br\/index.php\/wp-json\/wp\/v2\/users\/2"}],"replies":[{"embeddable":true,"href":"https:\/\/mol.icb.usp.br\/index.php\/wp-json\/wp\/v2\/comments?post=4585"}],"version-history":[{"count":4,"href":"https:\/\/mol.icb.usp.br\/index.php\/wp-json\/wp\/v2\/pages\/4585\/revisions"}],"predecessor-version":[{"id":6089,"href":"https:\/\/mol.icb.usp.br\/index.php\/wp-json\/wp\/v2\/pages\/4585\/revisions\/6089"}],"wp:attachment":[{"href":"https:\/\/mol.icb.usp.br\/index.php\/wp-json\/wp\/v2\/media?parent=4585"}],"curies":[{"name":"wp","href":"https:\/\/api.w.org\/{rel}","templated":true}]}}