{"id":4584,"date":"2018-01-15T21:27:34","date_gmt":"2018-01-15T23:27:34","guid":{"rendered":"http:\/\/mol.icb.usp.br\/?page_id=4584"},"modified":"2018-01-15T21:34:14","modified_gmt":"2018-01-15T23:34:14","slug":"12-5-orgaos-linfoides","status":"publish","type":"page","link":"https:\/\/mol.icb.usp.br\/index.php\/12-5-orgaos-linfoides\/","title":{"rendered":"12-5 \u00d3rg\u00e3os linfoides"},"content":{"rendered":"<div class=\"su-row\">\n<div class=\"su-column su-column-size-1-1\"><div class=\"su-column-inner su-u-clearfix su-u-trim\"> <strong>TIMO &#8211; 4 <\/strong><\/div><\/div>\n<\/div>\n<div class=\"su-row\">\n<div class=\"su-column su-column-size-1-2\"><div class=\"su-column-inner su-u-clearfix su-u-trim\">\n<p>Analisando um corte de timo em aumento maior nota-se que ele \u00e9 majoritariamente constitu\u00eddo de linf\u00f3citos.<br \/>\nNa cortical h\u00e1 muitos linf\u00f3citos com cromatina condensada e n\u00facleo bem corado enquanto que na medular h\u00e1 muitos linf\u00f3citos com cromatina menos condensada. H\u00e1, al\u00e9m disso outros tipos de c\u00e9lulas na zona medular, p. ex. c\u00e9lulas reticulares epiteliais (CREs) e macr\u00f3fagos.<br \/>\nObserve na imagem a grande quantidade de n\u00facleos de linf\u00f3citos na cortical e medular.<br \/>\nO timo possui na zona medular estruturas que n\u00e3o s\u00e3o encontradas em nenhum outro \u00f3rg\u00e3o linfoide. S\u00e3o forma\u00e7\u00f5es de tamanhos e formas muito diversas, denominadas <strong>corp\u00fasculos de Hassal<\/strong>. Frequentemente apresentam o aspecto de uma cebola, com c\u00e9lulas ou restos celulares degenerados agrupados e enrolados.<br \/>\nNa imagem est\u00e3o apontados tr\u00eas corp\u00fasculos de Hassal.<\/p>\n<p>Ao contr\u00e1rio dos outros \u00f3rg\u00e3os linfoides, o timo n\u00e3o possui fol\u00edculos linfoides &#8211; estruturas nodulares constitu\u00eddas principalmente de linf\u00f3citos do tipo T.<\/p>\n<\/div><\/div>\n<div class=\"su-column su-column-size-1-2\"><div class=\"su-column-inner su-u-clearfix su-u-trim\">\n<p><img decoding=\"async\" src=\" http:\/\/mol.icb.usp.br\/wp-content\/uploads\/12-5.jpg \" \/><\/p>\n<p>Timo. Colora\u00e7\u00e3o: HE. Aumento: m\u00e9dio.<\/p>\n<p>Para navegar no MOL, use os links ACESSAR P\u00c1GINA ANTERIOR e ACESSAR P\u00c1GINA SEGUINTE situados abaixo da figura.<\/p>\n<p><strong>NAVEGA\u00c7\u00c3O NO MOL:<\/strong><\/p>\n<p><a href=\"http:\/\/mol.icb.usp.br\/index.php\/12-4-orgaos-linfoides\/\">ACESSAR P\u00c1GINA ANTERIOR<\/a><\/p>\n<p><a href=\"http:\/\/mol.icb.usp.br\/index.php\/12-6-orgaos-linfoides\/\">ACESSAR P\u00c1GINA SEGUINTE<\/a><br \/>\n<\/div><\/div>\n<\/div>\n","protected":false},"excerpt":{"rendered":"","protected":false},"author":2,"featured_media":0,"parent":0,"menu_order":0,"comment_status":"closed","ping_status":"closed","template":"","meta":{"_monsterinsights_skip_tracking":false,"_monsterinsights_sitenote_active":false,"_monsterinsights_sitenote_note":"","_monsterinsights_sitenote_category":0,"footnotes":""},"class_list":["post-4584","page","type-page","status-publish","hentry"],"_links":{"self":[{"href":"https:\/\/mol.icb.usp.br\/index.php\/wp-json\/wp\/v2\/pages\/4584"}],"collection":[{"href":"https:\/\/mol.icb.usp.br\/index.php\/wp-json\/wp\/v2\/pages"}],"about":[{"href":"https:\/\/mol.icb.usp.br\/index.php\/wp-json\/wp\/v2\/types\/page"}],"author":[{"embeddable":true,"href":"https:\/\/mol.icb.usp.br\/index.php\/wp-json\/wp\/v2\/users\/2"}],"replies":[{"embeddable":true,"href":"https:\/\/mol.icb.usp.br\/index.php\/wp-json\/wp\/v2\/comments?post=4584"}],"version-history":[{"count":4,"href":"https:\/\/mol.icb.usp.br\/index.php\/wp-json\/wp\/v2\/pages\/4584\/revisions"}],"predecessor-version":[{"id":4589,"href":"https:\/\/mol.icb.usp.br\/index.php\/wp-json\/wp\/v2\/pages\/4584\/revisions\/4589"}],"wp:attachment":[{"href":"https:\/\/mol.icb.usp.br\/index.php\/wp-json\/wp\/v2\/media?parent=4584"}],"curies":[{"name":"wp","href":"https:\/\/api.w.org\/{rel}","templated":true}]}}