{"id":456,"date":"2017-05-16T22:07:05","date_gmt":"2017-05-17T01:07:05","guid":{"rendered":"http:\/\/mol.icb.usp.br\/?page_id=456"},"modified":"2018-03-15T12:55:45","modified_gmt":"2018-03-15T15:55:45","slug":"1-22-conceitos-basicos","status":"publish","type":"page","link":"https:\/\/mol.icb.usp.br\/index.php\/1-22-conceitos-basicos\/","title":{"rendered":"1-22 Conceitos b\u00e1sicos"},"content":{"rendered":"<div class=\"su-row\">\n  <div class=\"su-column su-column-size-1-1\"><div class=\"su-column-inner su-u-clearfix su-u-trim\"> <strong>DIMENS\u00d5ES EM MICROSCOPIA DE LUZ &#8211; 2<\/strong> <\/div><\/div>\n<\/div>\n<div class=\"su-row\">\n  <div class=\"su-column su-column-size-1-2\"><div class=\"su-column-inner su-u-clearfix su-u-trim\">\n<strong>Avaliar o tamanho de objetos <\/strong><br \/>\nA magnifica\u00e7\u00e3o de imagens obtidas de microsc\u00f3pio geralmente \u00e9 expressa por meio de:<br \/>\n&#8211; sua magnifica\u00e7\u00e3o final, indicando numericamente quantas vezes a imagem est\u00e1 aumentada em rela\u00e7\u00e3o ao objeto real no corte<br \/>\n&#8211; uma pequena barra desenhada na imagem, cujo comprimento indica uma medida para ser usada como refer\u00eancia para o tamanho de objetos da imagem. Veja exemplo na imagem.<\/p>\n<p><img decoding=\"async\" src=\" http:\/\/mol.icb.usp.br\/wp-content\/uploads\/1-4.jpg \" \/><\/p>\n<p>F\u00edgado. Colora\u00e7\u00e3o: H&#038;E. Aumento grande.<\/p>\n<p>No MOL \u00e9 adotada uma maneira simplificada para indicar os aumentos de imagens (pequeno, m\u00e9dio, grande) que \u00e9 suficiente para as suas finalidades did\u00e1ticas. <\/p>\n<p>Uma maneira pr\u00e1tica e simples para avaliar o tamanho de estruturas das imagens \u00e9 a seguinte: um gl\u00f3bulo vermelho ou um linf\u00f3cito pequeno t\u00eam um di\u00e2metro aproximado de 7 micr\u00f4metros. Da mesma forma, os di\u00e2metros dos n\u00facleos de um grande n\u00famero de c\u00e9lulas medem de 7 a 10 micr\u00f4metros. Por compara\u00e7\u00e3o com o tamanho de uma hem\u00e1cia, de um linf\u00f3cito pequeno ou de um n\u00facleo pode-se avaliar as medidas de outras estruturas presentes na imagem. <\/p>\n<p><strong>NAVEGA\u00c7\u00c3O NO MOL:<\/strong><\/p>\n<p><a href=\"http:\/\/mol.icb.usp.br\/index.php\/1-21-conceitos-basicos\/\">ACESSAR P\u00c1GINA ANTERIOR<\/a><\/p>\n<p><a href=\"http:\/\/mol.icb.usp.br\/index.php\/1-23-conceitos-basicos\/\">ACESSAR P\u00c1GINA SEGUINTE<\/a><br \/>\n<\/div><\/div>\n  <div class=\"su-column su-column-size-1-2\"><div class=\"su-column-inner su-u-clearfix su-u-trim\"> <\/p>\n<p><\/a><\/p>\n<\/div><\/div>\n<\/div>\n","protected":false},"excerpt":{"rendered":"","protected":false},"author":2,"featured_media":0,"parent":0,"menu_order":0,"comment_status":"closed","ping_status":"closed","template":"","meta":{"_monsterinsights_skip_tracking":false,"_monsterinsights_sitenote_active":false,"_monsterinsights_sitenote_note":"","_monsterinsights_sitenote_category":0,"footnotes":""},"class_list":["post-456","page","type-page","status-publish","hentry"],"_links":{"self":[{"href":"https:\/\/mol.icb.usp.br\/index.php\/wp-json\/wp\/v2\/pages\/456"}],"collection":[{"href":"https:\/\/mol.icb.usp.br\/index.php\/wp-json\/wp\/v2\/pages"}],"about":[{"href":"https:\/\/mol.icb.usp.br\/index.php\/wp-json\/wp\/v2\/types\/page"}],"author":[{"embeddable":true,"href":"https:\/\/mol.icb.usp.br\/index.php\/wp-json\/wp\/v2\/users\/2"}],"replies":[{"embeddable":true,"href":"https:\/\/mol.icb.usp.br\/index.php\/wp-json\/wp\/v2\/comments?post=456"}],"version-history":[{"count":8,"href":"https:\/\/mol.icb.usp.br\/index.php\/wp-json\/wp\/v2\/pages\/456\/revisions"}],"predecessor-version":[{"id":6141,"href":"https:\/\/mol.icb.usp.br\/index.php\/wp-json\/wp\/v2\/pages\/456\/revisions\/6141"}],"wp:attachment":[{"href":"https:\/\/mol.icb.usp.br\/index.php\/wp-json\/wp\/v2\/media?parent=456"}],"curies":[{"name":"wp","href":"https:\/\/api.w.org\/{rel}","templated":true}]}}